{"id":910,"date":"2020-04-28T15:52:00","date_gmt":"2020-04-28T13:52:00","guid":{"rendered":"http:\/\/www.mental-synergy.at\/Mental-Synergy\/?page_id=910"},"modified":"2023-03-20T17:29:31","modified_gmt":"2023-03-20T16:29:31","slug":"downloadcenter-positivepsychologie","status":"publish","type":"page","link":"https:\/\/www.mental-synergy.at\/Mental-Synergy\/downloadcenter-positivepsychologie\/","title":{"rendered":"Downloads | Positive Psychologie"},"content":{"rendered":"","protected":true},"excerpt":{"rendered":"","protected":true},"author":1,"featured_media":924,"parent":0,"menu_order":0,"comment_status":"closed","ping_status":"closed","template":"","meta":{"_exactmetrics_skip_tracking":false,"_exactmetrics_sitenote_active":false,"_exactmetrics_sitenote_note":"","_exactmetrics_sitenote_category":0,"footnotes":""},"class_list":["post-910","page","type-page","status-publish","post-password-required","hentry","","tg-column-two"],"yoast_head":"<!-- This site is optimized with the Yoast SEO plugin v27.3 - https:\/\/yoast.com\/product\/yoast-seo-wordpress\/ -->\n<title>Mental Synergy Downloadcenter - Mental Synergy<\/title>\n<meta name=\"description\" content=\"Im Mental Synergy Downloadcenter werden exklusiv zus\u00e4tzliche Materialien f\u00fcr meine Kundinnen und Kunden zur Verf\u00fcgung gestellt.\" \/>\n<meta name=\"robots\" content=\"index, follow, max-snippet:-1, max-image-preview:large, max-video-preview:-1\" \/>\n<link rel=\"canonical\" href=\"https:\/\/www.mental-synergy.at\/Mental-Synergy\/downloadcenter-positivepsychologie\/\" \/>\n<meta property=\"og:locale\" content=\"de_DE\" \/>\n<meta property=\"og:type\" content=\"article\" \/>\n<meta property=\"og:title\" content=\"Mental Synergy Downloadcenter - Mental Synergy\" \/>\n<meta property=\"og:description\" content=\"Im Mental Synergy Downloadcenter werden exklusiv zus\u00e4tzliche Materialien f\u00fcr meine Kundinnen und Kunden zur Verf\u00fcgung gestellt.\" \/>\n<meta property=\"og:url\" content=\"https:\/\/www.mental-synergy.at\/Mental-Synergy\/downloadcenter-positivepsychologie\/\" \/>\n<meta property=\"og:site_name\" content=\"Mental Synergy\" \/>\n<meta property=\"article:publisher\" content=\"https:\/\/www.facebook.com\/Mental-Synergy-1578283905805144\/\" \/>\n<meta property=\"article:modified_time\" content=\"2023-03-20T16:29:31+00:00\" \/>\n<meta name=\"twitter:card\" content=\"summary_large_image\" \/>\n<meta name=\"twitter:site\" content=\"@SynergyMario\" \/>\n<meta name=\"twitter:label1\" content=\"Gesch\u00e4tzte Lesezeit\" \/>\n\t<meta name=\"twitter:data1\" content=\"1\u00a0Minute\" \/>\n<script type=\"application\/ld+json\" class=\"yoast-schema-graph\">{\"@context\":\"https:\\\/\\\/schema.org\",\"@graph\":[{\"@type\":\"WebPage\",\"@id\":\"https:\\\/\\\/www.mental-synergy.at\\\/Mental-Synergy\\\/downloadcenter-positivepsychologie\\\/\",\"url\":\"https:\\\/\\\/www.mental-synergy.at\\\/Mental-Synergy\\\/downloadcenter-positivepsychologie\\\/\",\"name\":\"Mental Synergy Downloadcenter - Mental Synergy\",\"isPartOf\":{\"@id\":\"https:\\\/\\\/www.mental-synergy.at\\\/Mental-Synergy\\\/#website\"},\"datePublished\":\"2020-04-28T13:52:00+00:00\",\"dateModified\":\"2023-03-20T16:29:31+00:00\",\"breadcrumb\":{\"@id\":\"https:\\\/\\\/www.mental-synergy.at\\\/Mental-Synergy\\\/downloadcenter-positivepsychologie\\\/#breadcrumb\"},\"inLanguage\":\"de\"},{\"@type\":\"WebSite\",\"@id\":\"https:\\\/\\\/www.mental-synergy.at\\\/Mental-Synergy\\\/#website\",\"url\":\"https:\\\/\\\/www.mental-synergy.at\\\/Mental-Synergy\\\/\",\"name\":\"Mental Synergy\",\"description\":\"Connecting Mental Worlds\",\"publisher\":{\"@id\":\"https:\\\/\\\/www.mental-synergy.at\\\/Mental-Synergy\\\/#organization\"},\"potentialAction\":[{\"@type\":\"SearchAction\",\"target\":{\"@type\":\"EntryPoint\",\"urlTemplate\":\"https:\\\/\\\/www.mental-synergy.at\\\/Mental-Synergy\\\/?s={search_term_string}\"},\"query-input\":{\"@type\":\"PropertyValueSpecification\",\"valueRequired\":true,\"valueName\":\"search_term_string\"}}],\"inLanguage\":\"de\"},{\"@type\":\"Organization\",\"@id\":\"https:\\\/\\\/www.mental-synergy.at\\\/Mental-Synergy\\\/#organization\",\"name\":\"Mental Synergy\",\"url\":\"https:\\\/\\\/www.mental-synergy.at\\\/Mental-Synergy\\\/\",\"logo\":{\"@type\":\"ImageObject\",\"inLanguage\":\"de\",\"@id\":\"https:\\\/\\\/www.mental-synergy.at\\\/Mental-Synergy\\\/#\\\/schema\\\/logo\\\/image\\\/\",\"url\":\"https:\\\/\\\/www.mental-synergy.at\\\/Mental-Synergy\\\/wp-content\\\/uploads\\\/2017\\\/03\\\/MentalSynergy_Logo_Hoch-e1563041177531.png\",\"contentUrl\":\"https:\\\/\\\/www.mental-synergy.at\\\/Mental-Synergy\\\/wp-content\\\/uploads\\\/2017\\\/03\\\/MentalSynergy_Logo_Hoch-e1563041177531.png\",\"width\":250,\"height\":343,\"caption\":\"Mental Synergy\"},\"image\":{\"@id\":\"https:\\\/\\\/www.mental-synergy.at\\\/Mental-Synergy\\\/#\\\/schema\\\/logo\\\/image\\\/\"},\"sameAs\":[\"https:\\\/\\\/www.facebook.com\\\/Mental-Synergy-1578283905805144\\\/\",\"https:\\\/\\\/x.com\\\/SynergyMario\",\"https:\\\/\\\/www.instagram.com\\\/mentalsynergy\\\/\",\"https:\\\/\\\/www.linkedin.com\\\/in\\\/mario-schuster-5226b5128\\\/\",\"https:\\\/\\\/www.youtube.com\\\/channel\\\/UCE0lAgKOJtv4vZ83Ov3HiIg\"]}]}<\/script>\n<!-- \/ Yoast SEO plugin. -->","yoast_head_json":{"title":"Mental Synergy Downloadcenter - Mental Synergy","description":"Im Mental Synergy Downloadcenter werden exklusiv zus\u00e4tzliche Materialien f\u00fcr meine Kundinnen und Kunden zur Verf\u00fcgung gestellt.","robots":{"index":"index","follow":"follow","max-snippet":"max-snippet:-1","max-image-preview":"max-image-preview:large","max-video-preview":"max-video-preview:-1"},"canonical":"https:\/\/www.mental-synergy.at\/Mental-Synergy\/downloadcenter-positivepsychologie\/","og_locale":"de_DE","og_type":"article","og_title":"Mental Synergy Downloadcenter - Mental Synergy","og_description":"Im Mental Synergy Downloadcenter werden exklusiv zus\u00e4tzliche Materialien f\u00fcr meine Kundinnen und Kunden zur Verf\u00fcgung gestellt.","og_url":"https:\/\/www.mental-synergy.at\/Mental-Synergy\/downloadcenter-positivepsychologie\/","og_site_name":"Mental Synergy","article_publisher":"https:\/\/www.facebook.com\/Mental-Synergy-1578283905805144\/","article_modified_time":"2023-03-20T16:29:31+00:00","twitter_card":"summary_large_image","twitter_site":"@SynergyMario","twitter_misc":{"Gesch\u00e4tzte Lesezeit":"1\u00a0Minute"},"schema":{"@context":"https:\/\/schema.org","@graph":[{"@type":"WebPage","@id":"https:\/\/www.mental-synergy.at\/Mental-Synergy\/downloadcenter-positivepsychologie\/","url":"https:\/\/www.mental-synergy.at\/Mental-Synergy\/downloadcenter-positivepsychologie\/","name":"Mental Synergy Downloadcenter - Mental Synergy","isPartOf":{"@id":"https:\/\/www.mental-synergy.at\/Mental-Synergy\/#website"},"datePublished":"2020-04-28T13:52:00+00:00","dateModified":"2023-03-20T16:29:31+00:00","breadcrumb":{"@id":"https:\/\/www.mental-synergy.at\/Mental-Synergy\/downloadcenter-positivepsychologie\/#breadcrumb"},"inLanguage":"de"},{"@type":"WebSite","@id":"https:\/\/www.mental-synergy.at\/Mental-Synergy\/#website","url":"https:\/\/www.mental-synergy.at\/Mental-Synergy\/","name":"Mental Synergy","description":"Connecting Mental Worlds","publisher":{"@id":"https:\/\/www.mental-synergy.at\/Mental-Synergy\/#organization"},"potentialAction":[{"@type":"SearchAction","target":{"@type":"EntryPoint","urlTemplate":"https:\/\/www.mental-synergy.at\/Mental-Synergy\/?s={search_term_string}"},"query-input":{"@type":"PropertyValueSpecification","valueRequired":true,"valueName":"search_term_string"}}],"inLanguage":"de"},{"@type":"Organization","@id":"https:\/\/www.mental-synergy.at\/Mental-Synergy\/#organization","name":"Mental Synergy","url":"https:\/\/www.mental-synergy.at\/Mental-Synergy\/","logo":{"@type":"ImageObject","inLanguage":"de","@id":"https:\/\/www.mental-synergy.at\/Mental-Synergy\/#\/schema\/logo\/image\/","url":"https:\/\/www.mental-synergy.at\/Mental-Synergy\/wp-content\/uploads\/2017\/03\/MentalSynergy_Logo_Hoch-e1563041177531.png","contentUrl":"https:\/\/www.mental-synergy.at\/Mental-Synergy\/wp-content\/uploads\/2017\/03\/MentalSynergy_Logo_Hoch-e1563041177531.png","width":250,"height":343,"caption":"Mental Synergy"},"image":{"@id":"https:\/\/www.mental-synergy.at\/Mental-Synergy\/#\/schema\/logo\/image\/"},"sameAs":["https:\/\/www.facebook.com\/Mental-Synergy-1578283905805144\/","https:\/\/x.com\/SynergyMario","https:\/\/www.instagram.com\/mentalsynergy\/","https:\/\/www.linkedin.com\/in\/mario-schuster-5226b5128\/","https:\/\/www.youtube.com\/channel\/UCE0lAgKOJtv4vZ83Ov3HiIg"]}]}},"rttpg_featured_image_url":{"full":["https:\/\/www.mental-synergy.at\/Mental-Synergy\/wp-content\/uploads\/2020\/04\/download-pb-cc.jpg",1280,570,false],"landscape":["https:\/\/www.mental-synergy.at\/Mental-Synergy\/wp-content\/uploads\/2020\/04\/download-pb-cc.jpg",1280,570,false],"portraits":["https:\/\/www.mental-synergy.at\/Mental-Synergy\/wp-content\/uploads\/2020\/04\/download-pb-cc.jpg",1280,570,false],"thumbnail":["https:\/\/www.mental-synergy.at\/Mental-Synergy\/wp-content\/uploads\/2020\/04\/download-pb-cc-150x150.jpg",150,150,true],"medium":["https:\/\/www.mental-synergy.at\/Mental-Synergy\/wp-content\/uploads\/2020\/04\/download-pb-cc-300x134.jpg",300,134,true],"large":["https:\/\/www.mental-synergy.at\/Mental-Synergy\/wp-content\/uploads\/2020\/04\/download-pb-cc-1024x456.jpg",720,321,true],"1536x1536":["https:\/\/www.mental-synergy.at\/Mental-Synergy\/wp-content\/uploads\/2020\/04\/download-pb-cc.jpg",1280,570,false],"2048x2048":["https:\/\/www.mental-synergy.at\/Mental-Synergy\/wp-content\/uploads\/2020\/04\/download-pb-cc.jpg",1280,570,false],"cosmic-thumbnail-50xAUTO":["https:\/\/www.mental-synergy.at\/Mental-Synergy\/wp-content\/uploads\/2020\/04\/download-pb-cc.jpg",50,22,false],"cosmic-thumbnail-AUTOx50":["https:\/\/www.mental-synergy.at\/Mental-Synergy\/wp-content\/uploads\/2020\/04\/download-pb-cc.jpg",112,50,false],"cosmic-thumbnail-100xAUTO":["https:\/\/www.mental-synergy.at\/Mental-Synergy\/wp-content\/uploads\/2020\/04\/download-pb-cc.jpg",100,45,false],"cosmic-thumbnail-AUTOx100":["https:\/\/www.mental-synergy.at\/Mental-Synergy\/wp-content\/uploads\/2020\/04\/download-pb-cc.jpg",225,100,false],"cosmic-thumbnail-100x100":["https:\/\/www.mental-synergy.at\/Mental-Synergy\/wp-content\/uploads\/2020\/04\/download-pb-cc.jpg",100,45,false],"cosmic-thumbnail-150x150":["https:\/\/www.mental-synergy.at\/Mental-Synergy\/wp-content\/uploads\/2020\/04\/download-pb-cc.jpg",150,67,false],"cosmic-thumbnail-300x225":["https:\/\/www.mental-synergy.at\/Mental-Synergy\/wp-content\/uploads\/2020\/04\/download-pb-cc.jpg",300,134,false],"cosmic-thumbnail-640x640":["https:\/\/www.mental-synergy.at\/Mental-Synergy\/wp-content\/uploads\/2020\/04\/download-pb-cc.jpg",640,285,false],"cosmic-thumbnail-AUTOx640":["https:\/\/www.mental-synergy.at\/Mental-Synergy\/wp-content\/uploads\/2020\/04\/download-pb-cc.jpg",1280,570,false],"cosmic-thumbnail-640xAUTO":["https:\/\/www.mental-synergy.at\/Mental-Synergy\/wp-content\/uploads\/2020\/04\/download-pb-cc.jpg",640,285,false],"cosmic-thumbnail-960x960":["https:\/\/www.mental-synergy.at\/Mental-Synergy\/wp-content\/uploads\/2020\/04\/download-pb-cc.jpg",960,428,false],"cosmic-thumbnail-AUTOx960":["https:\/\/www.mental-synergy.at\/Mental-Synergy\/wp-content\/uploads\/2020\/04\/download-pb-cc.jpg",1280,570,false],"cosmic-thumbnail-960xAUTO":["https:\/\/www.mental-synergy.at\/Mental-Synergy\/wp-content\/uploads\/2020\/04\/download-pb-cc.jpg",960,428,false],"cosmic-thumbnail-1024x768":["https:\/\/www.mental-synergy.at\/Mental-Synergy\/wp-content\/uploads\/2020\/04\/download-pb-cc.jpg",1024,456,false],"cosmic-thumbnail-AUTOx768":["https:\/\/www.mental-synergy.at\/Mental-Synergy\/wp-content\/uploads\/2020\/04\/download-pb-cc.jpg",1280,570,false],"cosmic-thumbnail-1024xAUTO":["https:\/\/www.mental-synergy.at\/Mental-Synergy\/wp-content\/uploads\/2020\/04\/download-pb-cc.jpg",1024,456,false],"cosmic-thumbnail-1920x1080":["https:\/\/www.mental-synergy.at\/Mental-Synergy\/wp-content\/uploads\/2020\/04\/download-pb-cc.jpg",1280,570,false],"cosmic-thumbnail-AUTOx1080":["https:\/\/www.mental-synergy.at\/Mental-Synergy\/wp-content\/uploads\/2020\/04\/download-pb-cc.jpg",1280,570,false],"cosmic-thumbnail-1920xAUTO":["https:\/\/www.mental-synergy.at\/Mental-Synergy\/wp-content\/uploads\/2020\/04\/download-pb-cc.jpg",1280,570,false],"featured-blog-large":["https:\/\/www.mental-synergy.at\/Mental-Synergy\/wp-content\/uploads\/2020\/04\/download-pb-cc-720x300.jpg",720,300,true],"featured-blog-small":["https:\/\/www.mental-synergy.at\/Mental-Synergy\/wp-content\/uploads\/2020\/04\/download-pb-cc-230x230.jpg",230,230,true],"featured-service":["https:\/\/www.mental-synergy.at\/Mental-Synergy\/wp-content\/uploads\/2020\/04\/download-pb-cc-600x330.jpg",600,330,true],"featured-recent-work":["https:\/\/www.mental-synergy.at\/Mental-Synergy\/wp-content\/uploads\/2020\/04\/download-pb-cc-365x365.jpg",365,365,true]},"rttpg_author":{"display_name":"Mario Schuster","author_link":"https:\/\/www.mental-synergy.at\/Mental-Synergy\/author\/mental-synergy\/"},"rttpg_comment":0,"rttpg_category":null,"rttpg_excerpt":"Es gibt keinen Textauszug, da dies ein gesch\u00fctzter Beitrag ist.","_links":{"self":[{"href":"https:\/\/www.mental-synergy.at\/Mental-Synergy\/wp-json\/wp\/v2\/pages\/910","targetHints":{"allow":["GET"]}}],"collection":[{"href":"https:\/\/www.mental-synergy.at\/Mental-Synergy\/wp-json\/wp\/v2\/pages"}],"about":[{"href":"https:\/\/www.mental-synergy.at\/Mental-Synergy\/wp-json\/wp\/v2\/types\/page"}],"author":[{"embeddable":true,"href":"https:\/\/www.mental-synergy.at\/Mental-Synergy\/wp-json\/wp\/v2\/users\/1"}],"replies":[{"embeddable":true,"href":"https:\/\/www.mental-synergy.at\/Mental-Synergy\/wp-json\/wp\/v2\/comments?post=910"}],"version-history":[{"count":0,"href":"https:\/\/www.mental-synergy.at\/Mental-Synergy\/wp-json\/wp\/v2\/pages\/910\/revisions"}],"wp:featuredmedia":[{"embeddable":true,"href":"https:\/\/www.mental-synergy.at\/Mental-Synergy\/wp-json\/wp\/v2\/media\/924"}],"wp:attachment":[{"href":"https:\/\/www.mental-synergy.at\/Mental-Synergy\/wp-json\/wp\/v2\/media?parent=910"}],"curies":[{"name":"wp","href":"https:\/\/api.w.org\/{rel}","templated":true}]}}