{"id":70,"date":"2016-08-31T13:18:25","date_gmt":"2016-08-31T11:18:25","guid":{"rendered":"http:\/\/www.mental-synergy.at\/Mental-Synergy\/?page_id=70"},"modified":"2016-08-31T13:20:01","modified_gmt":"2016-08-31T11:20:01","slug":"business-mentalcoaching","status":"publish","type":"page","link":"https:\/\/www.mental-synergy.at\/Mental-Synergy\/arbeitspsychologie\/business-mentalcoaching\/","title":{"rendered":"Business- Mentalcoaching"},"content":{"rendered":"<p>Individuelles Mentalcoaching f\u00fcr F\u00fchrungskr\u00e4fte und MitarbeiterInnen<\/p>\n","protected":false},"excerpt":{"rendered":"<p>Individuelles Mentalcoaching f\u00fcr F\u00fchrungskr\u00e4fte und MitarbeiterInnen<\/p>\n","protected":false},"author":1,"featured_media":0,"parent":14,"menu_order":5,"comment_status":"closed","ping_status":"closed","template":"","meta":{"_exactmetrics_skip_tracking":false,"_exactmetrics_sitenote_active":false,"_exactmetrics_sitenote_note":"","_exactmetrics_sitenote_category":0,"footnotes":""},"class_list":["post-70","page","type-page","status-publish","hentry","","tg-column-two"],"yoast_head":"<!-- This site is optimized with the Yoast SEO plugin v27.1.1 - https:\/\/yoast.com\/product\/yoast-seo-wordpress\/ -->\n<title>Business- Mentalcoaching - Mental Synergy<\/title>\n<meta name=\"robots\" content=\"index, follow, max-snippet:-1, max-image-preview:large, max-video-preview:-1\" \/>\n<link rel=\"canonical\" href=\"https:\/\/www.mental-synergy.at\/Mental-Synergy\/arbeitspsychologie\/business-mentalcoaching\/\" \/>\n<meta property=\"og:locale\" content=\"de_DE\" \/>\n<meta property=\"og:type\" content=\"article\" \/>\n<meta property=\"og:title\" content=\"Business- Mentalcoaching - Mental Synergy\" \/>\n<meta property=\"og:description\" content=\"Individuelles Mentalcoaching f\u00fcr F\u00fchrungskr\u00e4fte und MitarbeiterInnen\" \/>\n<meta property=\"og:url\" content=\"https:\/\/www.mental-synergy.at\/Mental-Synergy\/arbeitspsychologie\/business-mentalcoaching\/\" \/>\n<meta property=\"og:site_name\" content=\"Mental Synergy\" \/>\n<meta property=\"article:publisher\" content=\"https:\/\/www.facebook.com\/Mental-Synergy-1578283905805144\/\" \/>\n<meta property=\"article:modified_time\" content=\"2016-08-31T11:20:01+00:00\" \/>\n<meta name=\"twitter:card\" content=\"summary_large_image\" \/>\n<meta name=\"twitter:site\" content=\"@SynergyMario\" \/>\n<script type=\"application\/ld+json\" class=\"yoast-schema-graph\">{\"@context\":\"https:\/\/schema.org\",\"@graph\":[{\"@type\":\"WebPage\",\"@id\":\"https:\/\/www.mental-synergy.at\/Mental-Synergy\/arbeitspsychologie\/business-mentalcoaching\/\",\"url\":\"https:\/\/www.mental-synergy.at\/Mental-Synergy\/arbeitspsychologie\/business-mentalcoaching\/\",\"name\":\"Business- Mentalcoaching - Mental Synergy\",\"isPartOf\":{\"@id\":\"https:\/\/www.mental-synergy.at\/Mental-Synergy\/#website\"},\"datePublished\":\"2016-08-31T11:18:25+00:00\",\"dateModified\":\"2016-08-31T11:20:01+00:00\",\"breadcrumb\":{\"@id\":\"https:\/\/www.mental-synergy.at\/Mental-Synergy\/arbeitspsychologie\/business-mentalcoaching\/#breadcrumb\"},\"inLanguage\":\"de\",\"potentialAction\":[{\"@type\":\"ReadAction\",\"target\":[\"https:\/\/www.mental-synergy.at\/Mental-Synergy\/arbeitspsychologie\/business-mentalcoaching\/\"]}]},{\"@type\":\"BreadcrumbList\",\"@id\":\"https:\/\/www.mental-synergy.at\/Mental-Synergy\/arbeitspsychologie\/business-mentalcoaching\/#breadcrumb\",\"itemListElement\":[{\"@type\":\"ListItem\",\"position\":1,\"name\":\"Startseite\",\"item\":\"https:\/\/www.mental-synergy.at\/Mental-Synergy\/\"},{\"@type\":\"ListItem\",\"position\":2,\"name\":\"Arbeitspsychologie &#038; Wirtschaftspsychologie\",\"item\":\"https:\/\/www.mental-synergy.at\/Mental-Synergy\/arbeitspsychologie\/\"},{\"@type\":\"ListItem\",\"position\":3,\"name\":\"Business- Mentalcoaching\"}]},{\"@type\":\"WebSite\",\"@id\":\"https:\/\/www.mental-synergy.at\/Mental-Synergy\/#website\",\"url\":\"https:\/\/www.mental-synergy.at\/Mental-Synergy\/\",\"name\":\"Mental Synergy\",\"description\":\"Connecting Mental Worlds\",\"publisher\":{\"@id\":\"https:\/\/www.mental-synergy.at\/Mental-Synergy\/#organization\"},\"potentialAction\":[{\"@type\":\"SearchAction\",\"target\":{\"@type\":\"EntryPoint\",\"urlTemplate\":\"https:\/\/www.mental-synergy.at\/Mental-Synergy\/?s={search_term_string}\"},\"query-input\":{\"@type\":\"PropertyValueSpecification\",\"valueRequired\":true,\"valueName\":\"search_term_string\"}}],\"inLanguage\":\"de\"},{\"@type\":\"Organization\",\"@id\":\"https:\/\/www.mental-synergy.at\/Mental-Synergy\/#organization\",\"name\":\"Mental Synergy\",\"url\":\"https:\/\/www.mental-synergy.at\/Mental-Synergy\/\",\"logo\":{\"@type\":\"ImageObject\",\"inLanguage\":\"de\",\"@id\":\"https:\/\/www.mental-synergy.at\/Mental-Synergy\/#\/schema\/logo\/image\/\",\"url\":\"https:\/\/www.mental-synergy.at\/Mental-Synergy\/wp-content\/uploads\/2017\/03\/MentalSynergy_Logo_Hoch-e1563041177531.png\",\"contentUrl\":\"https:\/\/www.mental-synergy.at\/Mental-Synergy\/wp-content\/uploads\/2017\/03\/MentalSynergy_Logo_Hoch-e1563041177531.png\",\"width\":250,\"height\":343,\"caption\":\"Mental Synergy\"},\"image\":{\"@id\":\"https:\/\/www.mental-synergy.at\/Mental-Synergy\/#\/schema\/logo\/image\/\"},\"sameAs\":[\"https:\/\/www.facebook.com\/Mental-Synergy-1578283905805144\/\",\"https:\/\/x.com\/SynergyMario\",\"https:\/\/www.instagram.com\/mentalsynergy\/\",\"https:\/\/www.linkedin.com\/in\/mario-schuster-5226b5128\/\",\"https:\/\/www.youtube.com\/channel\/UCE0lAgKOJtv4vZ83Ov3HiIg\"]}]}<\/script>\n<!-- \/ Yoast SEO plugin. -->","yoast_head_json":{"title":"Business- Mentalcoaching - Mental Synergy","robots":{"index":"index","follow":"follow","max-snippet":"max-snippet:-1","max-image-preview":"max-image-preview:large","max-video-preview":"max-video-preview:-1"},"canonical":"https:\/\/www.mental-synergy.at\/Mental-Synergy\/arbeitspsychologie\/business-mentalcoaching\/","og_locale":"de_DE","og_type":"article","og_title":"Business- Mentalcoaching - Mental Synergy","og_description":"Individuelles Mentalcoaching f\u00fcr F\u00fchrungskr\u00e4fte und MitarbeiterInnen","og_url":"https:\/\/www.mental-synergy.at\/Mental-Synergy\/arbeitspsychologie\/business-mentalcoaching\/","og_site_name":"Mental Synergy","article_publisher":"https:\/\/www.facebook.com\/Mental-Synergy-1578283905805144\/","article_modified_time":"2016-08-31T11:20:01+00:00","twitter_card":"summary_large_image","twitter_site":"@SynergyMario","schema":{"@context":"https:\/\/schema.org","@graph":[{"@type":"WebPage","@id":"https:\/\/www.mental-synergy.at\/Mental-Synergy\/arbeitspsychologie\/business-mentalcoaching\/","url":"https:\/\/www.mental-synergy.at\/Mental-Synergy\/arbeitspsychologie\/business-mentalcoaching\/","name":"Business- Mentalcoaching - Mental Synergy","isPartOf":{"@id":"https:\/\/www.mental-synergy.at\/Mental-Synergy\/#website"},"datePublished":"2016-08-31T11:18:25+00:00","dateModified":"2016-08-31T11:20:01+00:00","breadcrumb":{"@id":"https:\/\/www.mental-synergy.at\/Mental-Synergy\/arbeitspsychologie\/business-mentalcoaching\/#breadcrumb"},"inLanguage":"de","potentialAction":[{"@type":"ReadAction","target":["https:\/\/www.mental-synergy.at\/Mental-Synergy\/arbeitspsychologie\/business-mentalcoaching\/"]}]},{"@type":"BreadcrumbList","@id":"https:\/\/www.mental-synergy.at\/Mental-Synergy\/arbeitspsychologie\/business-mentalcoaching\/#breadcrumb","itemListElement":[{"@type":"ListItem","position":1,"name":"Startseite","item":"https:\/\/www.mental-synergy.at\/Mental-Synergy\/"},{"@type":"ListItem","position":2,"name":"Arbeitspsychologie &#038; Wirtschaftspsychologie","item":"https:\/\/www.mental-synergy.at\/Mental-Synergy\/arbeitspsychologie\/"},{"@type":"ListItem","position":3,"name":"Business- Mentalcoaching"}]},{"@type":"WebSite","@id":"https:\/\/www.mental-synergy.at\/Mental-Synergy\/#website","url":"https:\/\/www.mental-synergy.at\/Mental-Synergy\/","name":"Mental Synergy","description":"Connecting Mental Worlds","publisher":{"@id":"https:\/\/www.mental-synergy.at\/Mental-Synergy\/#organization"},"potentialAction":[{"@type":"SearchAction","target":{"@type":"EntryPoint","urlTemplate":"https:\/\/www.mental-synergy.at\/Mental-Synergy\/?s={search_term_string}"},"query-input":{"@type":"PropertyValueSpecification","valueRequired":true,"valueName":"search_term_string"}}],"inLanguage":"de"},{"@type":"Organization","@id":"https:\/\/www.mental-synergy.at\/Mental-Synergy\/#organization","name":"Mental Synergy","url":"https:\/\/www.mental-synergy.at\/Mental-Synergy\/","logo":{"@type":"ImageObject","inLanguage":"de","@id":"https:\/\/www.mental-synergy.at\/Mental-Synergy\/#\/schema\/logo\/image\/","url":"https:\/\/www.mental-synergy.at\/Mental-Synergy\/wp-content\/uploads\/2017\/03\/MentalSynergy_Logo_Hoch-e1563041177531.png","contentUrl":"https:\/\/www.mental-synergy.at\/Mental-Synergy\/wp-content\/uploads\/2017\/03\/MentalSynergy_Logo_Hoch-e1563041177531.png","width":250,"height":343,"caption":"Mental Synergy"},"image":{"@id":"https:\/\/www.mental-synergy.at\/Mental-Synergy\/#\/schema\/logo\/image\/"},"sameAs":["https:\/\/www.facebook.com\/Mental-Synergy-1578283905805144\/","https:\/\/x.com\/SynergyMario","https:\/\/www.instagram.com\/mentalsynergy\/","https:\/\/www.linkedin.com\/in\/mario-schuster-5226b5128\/","https:\/\/www.youtube.com\/channel\/UCE0lAgKOJtv4vZ83Ov3HiIg"]}]}},"rttpg_featured_image_url":null,"rttpg_author":{"display_name":"Mario Schuster","author_link":"https:\/\/www.mental-synergy.at\/Mental-Synergy\/author\/mental-synergy\/"},"rttpg_comment":0,"rttpg_category":null,"rttpg_excerpt":"Individuelles Mentalcoaching f\u00fcr F\u00fchrungskr\u00e4fte und MitarbeiterInnen","_links":{"self":[{"href":"https:\/\/www.mental-synergy.at\/Mental-Synergy\/wp-json\/wp\/v2\/pages\/70","targetHints":{"allow":["GET"]}}],"collection":[{"href":"https:\/\/www.mental-synergy.at\/Mental-Synergy\/wp-json\/wp\/v2\/pages"}],"about":[{"href":"https:\/\/www.mental-synergy.at\/Mental-Synergy\/wp-json\/wp\/v2\/types\/page"}],"author":[{"embeddable":true,"href":"https:\/\/www.mental-synergy.at\/Mental-Synergy\/wp-json\/wp\/v2\/users\/1"}],"replies":[{"embeddable":true,"href":"https:\/\/www.mental-synergy.at\/Mental-Synergy\/wp-json\/wp\/v2\/comments?post=70"}],"version-history":[{"count":0,"href":"https:\/\/www.mental-synergy.at\/Mental-Synergy\/wp-json\/wp\/v2\/pages\/70\/revisions"}],"up":[{"embeddable":true,"href":"https:\/\/www.mental-synergy.at\/Mental-Synergy\/wp-json\/wp\/v2\/pages\/14"}],"wp:attachment":[{"href":"https:\/\/www.mental-synergy.at\/Mental-Synergy\/wp-json\/wp\/v2\/media?parent=70"}],"curies":[{"name":"wp","href":"https:\/\/api.w.org\/{rel}","templated":true}]}}