{"id":57,"date":"2016-08-31T12:16:28","date_gmt":"2016-08-31T10:16:28","guid":{"rendered":"http:\/\/www.mental-synergy.at\/Mental-Synergy\/?page_id=57"},"modified":"2025-01-07T16:55:13","modified_gmt":"2025-01-07T15:55:13","slug":"funktionaere","status":"publish","type":"page","link":"https:\/\/www.mental-synergy.at\/Mental-Synergy\/sportpsychologie\/funktionaere\/","title":{"rendered":"Funktion\u00e4re"},"content":{"rendered":"<p>Der Kern sportlicher Leistungen und des Erfolgs ist das Team. Doch f\u00fcr den Erfolg sind auch entsprechende sportliche und finanzielle <strong>Rahmenbedingungen<\/strong> eine wichtige Voraussetzung. Diese Verantwortung tragen in der Regel auch <strong>Funktion\u00e4re<\/strong>, welche in Ihrer <strong>F\u00fchrungsfunktion<\/strong> auch h\u00e4ufig mit schweren Entscheidungen konfrontiert sind.<\/p>\n<p>Um dem <strong>Entscheidungsprozess<\/strong> in sportlichen Belangen eine zielgerichtete Grundlage zu bieten, berate ich auch Entscheidungstr\u00e4ger und Funktion\u00e4re. Ziel dieser Beratung ist in erster Linie, <strong>sportpsychologische und sportwissenschaftliche Aspekte<\/strong> in die <strong>Vereinsentwicklung<\/strong> zu implementieren. Mit meiner zus\u00e4tzlichen Qualifikation zum zertifizieren <strong>Arbeits- und Organisationspsychologen<\/strong>, bringe ich auch entsprechende Kompetenzen zur sinnvollen Gestaltung organisationeller Rahmenbedinungen und \u00e4u\u00dferer Wirkfaktoren ein.<\/p>\n<p>Wenn Sie n\u00e4here Infos zu den M\u00f6glichkeiten einer umfassenden mentalen Betreuung f\u00fcr AthletInnen und TrainerInnen Ihres Vereins w\u00fcnschen, k\u00f6nnen wir uns auch zu einem <strong>kostenlosen Erstgespr\u00e4ch<\/strong> zusammensetzen um Details zu besprechen. Dabei informiere ich sie gerne \u00fcber die M\u00f6glichkeiten der Sportpsychologie und von Mentalcoaching. In diesem Rahmen k\u00f6nnen wir gemeinsam ein <strong>optimales Betreuungskonzept<\/strong> f\u00fcr Ihren Verein entwerfen.<\/p>\n<h1>Ein Funktion\u00e4rscoaching ist sinnvoll, wenn ich&#8230;<\/h1>\n<p>&#8230; Aspekte der<strong> Sportpsychologie<\/strong> und <strong>Trainingswissenschaft<\/strong> in der Team- und Organisationsentwicklung des <strong>Vereins<\/strong> ber\u00fccksichtigen will!<\/p>\n<p>&#8230; die <strong>Kommunikation<\/strong> mit AthletInnen und TrainerInnen optimieren will!<\/p>\n<p>&#8230; die <strong>Sportpsychologie<\/strong> bzw. <strong>Mentalcoaching<\/strong> als festen Bestandteil f\u00fcr AthletInnen und TrainerInnen im Verein implementieren will!<\/p>\n<p>Termin f\u00fcr ein Erstgespr\u00e4ch und Preis auf <a href=\"https:\/\/www.mental-synergy.at\/Mental-Synergy\/?page_id=21\">Anfrage&#8230;<\/a><\/p>\n\n\n<div id=\"123\" class=\"wp-block-cwp-links-icon cwp-common-main-wrap cwp-full-width-small-container\"><div class=\"cwp-common-main-wrap-inner\" style=\"padding-top:12px;padding-bottom:8px\" data-scroll-class=\"pulse\" data-scroll-delay=\"10\" data-scroll-threshold=\"40\"><div class=\"cwp-main-intro\"><div class=\"cwp-intro-title\"><h3 style=\"color:#000000\">Schnellnavigation<span>Was ist dein n\u00e4chstes Ziel?<\/span><\/h3><\/div><\/div><div class=\"cwp-main-wrapper cwp-2-column\"><div class=\"cwp-inner-wrap\"><div class=\"cwp-content-wrap\" style=\"padding:10px\"><div class=\"cwp-list-content-wrap\"><div class=\"cwp-list-content-wrap-inner\"><div class=\"cwp-list-content-wrap-icon-main\"><div class=\"cwp-list-content-wrap-icon\" style=\"background:#bb9c58\"><a href=\"https:\/\/www.mental-synergy.at\/Mental-Synergy\/evaluierung-sportorganisation\/\"><i class=\"fa fa-institution\"><\/i><\/a><\/div><\/div><div class=\"cwp-link-list-content-main\"><div class=\"cwp-link-list-content-title\"><h4><a href=\"https:\/\/www.mental-synergy.at\/Mental-Synergy\/evaluierung-sportorganisation\/\" target=\"_blank\" rel=\"noopener noreferrer\">Organisationsberatung im Sport <\/a><\/h4><p><a href=\"https:\/\/www.mental-synergy.at\/Mental-Synergy\/evaluierung-sportorganisation\/\" target=\"_blank\" rel=\"noopener noreferrer\">um nachhaltig wirksame Strukturen zu schaffen.<\/a><\/p><\/div><\/div><\/div><\/div><\/div><\/div><div class=\"cwp-inner-wrap\"><div class=\"cwp-content-wrap cwp-content-wrap-has-background\" style=\"background:#ffffff;padding:10px\"><div class=\"cwp-list-content-wrap\"><div class=\"cwp-list-content-wrap-inner\"><div class=\"cwp-list-content-wrap-icon-main\"><div class=\"cwp-list-content-wrap-icon\" style=\"background:#bb9c58\"><a href=\"https:\/\/www.mental-synergy.at\/Mental-Synergy\/sportpsychologie\/einzel-mentalcoaching\/\" style=\"color:#000000\"><i class=\"fa fa-universal-access\"><\/i><\/a><\/div><\/div><div class=\"cwp-link-list-content-main\"><div class=\"cwp-link-list-content-title\"><h4 style=\"color:#000000\"><a href=\"https:\/\/www.mental-synergy.at\/Mental-Synergy\/sportpsychologie\/einzel-mentalcoaching\/\" target=\"_blank\" rel=\"noopener noreferrer\">Mentaltraining<\/a><\/h4><p style=\"color:#000000\"><a href=\"https:\/\/www.mental-synergy.at\/Mental-Synergy\/sportpsychologie\/einzel-mentalcoaching\/\" target=\"_blank\" rel=\"noopener noreferrer\">f\u00fcr AthletInnen welche ihre mentalen Kompetenzen entwickeln wollen!<\/a><\/p><\/div><\/div><\/div><\/div><\/div><\/div><div class=\"cwp-inner-wrap\"><div class=\"cwp-content-wrap cwp-content-wrap-has-background\" style=\"background:#ffffff;padding:10px\"><div class=\"cwp-list-content-wrap\"><div class=\"cwp-list-content-wrap-inner\"><div class=\"cwp-list-content-wrap-icon-main\"><div class=\"cwp-list-content-wrap-icon\" style=\"background:#bb9c58\"><a href=\"https:\/\/www.mental-synergy.at\/Mental-Synergy\/sportpsychologie\/coach-the-coach\/\" style=\"color:#000000\"><i class=\"fa fa-commenting-o\"><\/i><\/a><\/div><\/div><div class=\"cwp-link-list-content-main\"><div class=\"cwp-link-list-content-title\"><h4 style=\"color:#000000\"><a href=\"https:\/\/www.mental-synergy.at\/Mental-Synergy\/sportpsychologie\/coach-the-coach\/\" target=\"_blank\" rel=\"noopener noreferrer\">Coach The Coach<\/a><\/h4><p style=\"color:#000000\"><a href=\"https:\/\/www.mental-synergy.at\/Mental-Synergy\/sportpsychologie\/coach-the-coach\/\" target=\"_blank\" rel=\"noopener noreferrer\">f\u00fcr TrainerInnen aller Leistungsklassen, welche noch bessere TrainerInnen werden wollen!<\/a><\/p><\/div><\/div><\/div><\/div><\/div><\/div><div class=\"cwp-inner-wrap\"><div class=\"cwp-content-wrap\" style=\"padding:10px\"><div class=\"cwp-list-content-wrap\"><div class=\"cwp-list-content-wrap-inner\"><div class=\"cwp-list-content-wrap-icon-main\"><div class=\"cwp-list-content-wrap-icon\" style=\"background:#bb9c58\"><a href=\"https:\/\/www.mental-synergy.at\/Mental-Synergy\/sportpsychologie\/erfolgreiches-teamcoaching\/\" style=\"color:#000000\"><i class=\"fa fa-connectdevelop\"><\/i><\/a><\/div><\/div><div class=\"cwp-link-list-content-main\"><div class=\"cwp-link-list-content-title\"><h4 style=\"color:#000000\"><a href=\"https:\/\/www.mental-synergy.at\/Mental-Synergy\/sportpsychologie\/erfolgreiches-teamcoaching\/\" target=\"_blank\" rel=\"noopener noreferrer\">Teamentwicklung<\/a><\/h4><p style=\"color:#000000\"><a href=\"https:\/\/www.mental-synergy.at\/Mental-Synergy\/sportpsychologie\/erfolgreiches-teamcoaching\/\" target=\"_blank\" rel=\"noopener noreferrer\">zur St\u00e4rkung von Synergie-Effekten und ansteigender Leistungsst\u00e4rke<\/a><\/p><\/div><\/div><\/div><\/div><\/div><\/div><div class=\"cwp-inner-wrap\"><div class=\"cwp-content-wrap\" style=\"padding:10px\"><div class=\"cwp-list-content-wrap\"><div class=\"cwp-list-content-wrap-inner\"><div class=\"cwp-list-content-wrap-icon-main\"><div class=\"cwp-list-content-wrap-icon\" style=\"background:#bb9c58\"><a href=\"https:\/\/www.mental-synergy.at\/Mental-Synergy\/sportpsychologie\/funktionaere\/\" style=\"color:#000000\"><i class=\"fa fa-black-tie\"><\/i><\/a><\/div><\/div><div class=\"cwp-link-list-content-main\"><div class=\"cwp-link-list-content-title\"><h4 style=\"color:#000000\"><a href=\"https:\/\/www.mental-synergy.at\/Mental-Synergy\/sportpsychologie\/funktionaere\/\" target=\"_blank\" rel=\"noopener noreferrer\">Funktion\u00e4re<\/a><\/h4><p style=\"color:#000000\"><a href=\"https:\/\/www.mental-synergy.at\/Mental-Synergy\/sportpsychologie\/funktionaere\/\" target=\"_blank\" rel=\"noopener noreferrer\">nutzen Sie die Erkenntnisse der Sportpsychologie um Ihren Verein\/Verband noch besser zu f\u00fchren.<\/a><\/p><\/div><\/div><\/div><\/div><\/div><\/div><div class=\"cwp-inner-wrap\"><div class=\"cwp-content-wrap\" style=\"padding:10px\"><div class=\"cwp-list-content-wrap\"><div class=\"cwp-list-content-wrap-inner\"><div class=\"cwp-list-content-wrap-icon-main\"><div class=\"cwp-list-content-wrap-icon\" style=\"background:#bb9c58\"><a href=\"https:\/\/www.mental-synergy.at\/Mental-Synergy\/sportpsychologie\/elterncoaching\/\" style=\"color:#000000\"><i class=\"fa fa-rocket\"><\/i><\/a><\/div><\/div><div class=\"cwp-link-list-content-main\"><div class=\"cwp-link-list-content-title\"><h4 style=\"color:#000000\"><a href=\"https:\/\/www.mental-synergy.at\/Mental-Synergy\/sportpsychologie\/elterncoaching\/\" target=\"_blank\" rel=\"noopener noreferrer\">Eltern<\/a><\/h4><p style=\"color:#000000\"><a href=\"https:\/\/www.mental-synergy.at\/Mental-Synergy\/sportpsychologie\/elterncoaching\/\" target=\"_blank\" rel=\"noopener noreferrer\">welche erlernen wollen, wie Sie ihre Kinder optimal unterst\u00fctzen k\u00f6nnen.<\/a><\/p><\/div><\/div><\/div><\/div><\/div><\/div><\/div><\/div><\/div>\n","protected":false},"excerpt":{"rendered":"<p>Der Kern sportlicher Leistungen und des Erfolgs ist das Team. Doch f\u00fcr den Erfolg sind auch entsprechende sportliche und finanzielle Rahmenbedingungen eine wichtige Voraussetzung. Diese Verantwortung tragen in der Regel auch Funktion\u00e4re, welche in Ihrer F\u00fchrungsfunktion auch h\u00e4ufig mit schweren<\/p>\n","protected":false},"author":1,"featured_media":0,"parent":12,"menu_order":5,"comment_status":"closed","ping_status":"closed","template":"","meta":{"_exactmetrics_skip_tracking":false,"_exactmetrics_sitenote_active":false,"_exactmetrics_sitenote_note":"","_exactmetrics_sitenote_category":0,"footnotes":""},"class_list":["post-57","page","type-page","status-publish","hentry","","tg-column-two"],"yoast_head":"<!-- This site is optimized with the Yoast SEO plugin v27.3 - https:\/\/yoast.com\/product\/yoast-seo-wordpress\/ -->\n<title>Funktion\u00e4re - Mental Synergy<\/title>\n<meta name=\"description\" content=\"Funktion\u00e4re: Auch den Verantwortungstr\u00e4gern der sportlichen Rahmenbedingungen f\u00fcr die AthletInnen n\u00fctzt die Beratung durch Sportpsychologen.\" \/>\n<meta name=\"robots\" content=\"index, follow, max-snippet:-1, max-image-preview:large, max-video-preview:-1\" \/>\n<link rel=\"canonical\" href=\"https:\/\/www.mental-synergy.at\/Mental-Synergy\/sportpsychologie\/funktionaere\/\" \/>\n<meta property=\"og:locale\" content=\"de_DE\" \/>\n<meta property=\"og:type\" content=\"article\" \/>\n<meta property=\"og:title\" content=\"Funktion\u00e4re - Mental Synergy\" \/>\n<meta property=\"og:description\" content=\"Funktion\u00e4re: Auch den Verantwortungstr\u00e4gern der sportlichen Rahmenbedingungen f\u00fcr die AthletInnen n\u00fctzt die Beratung durch Sportpsychologen.\" \/>\n<meta property=\"og:url\" content=\"https:\/\/www.mental-synergy.at\/Mental-Synergy\/sportpsychologie\/funktionaere\/\" \/>\n<meta property=\"og:site_name\" content=\"Mental Synergy\" \/>\n<meta property=\"article:publisher\" content=\"https:\/\/www.facebook.com\/Mental-Synergy-1578283905805144\/\" \/>\n<meta property=\"article:modified_time\" content=\"2025-01-07T15:55:13+00:00\" \/>\n<meta name=\"twitter:card\" content=\"summary_large_image\" \/>\n<meta name=\"twitter:site\" content=\"@SynergyMario\" \/>\n<meta name=\"twitter:label1\" content=\"Gesch\u00e4tzte Lesezeit\" \/>\n\t<meta name=\"twitter:data1\" content=\"2\u00a0Minuten\" \/>\n<script type=\"application\/ld+json\" class=\"yoast-schema-graph\">{\"@context\":\"https:\\\/\\\/schema.org\",\"@graph\":[{\"@type\":\"WebPage\",\"@id\":\"https:\\\/\\\/www.mental-synergy.at\\\/Mental-Synergy\\\/sportpsychologie\\\/funktionaere\\\/\",\"url\":\"https:\\\/\\\/www.mental-synergy.at\\\/Mental-Synergy\\\/sportpsychologie\\\/funktionaere\\\/\",\"name\":\"Funktion\u00e4re - Mental Synergy\",\"isPartOf\":{\"@id\":\"https:\\\/\\\/www.mental-synergy.at\\\/Mental-Synergy\\\/#website\"},\"datePublished\":\"2016-08-31T10:16:28+00:00\",\"dateModified\":\"2025-01-07T15:55:13+00:00\",\"description\":\"Funktion\u00e4re: Auch den Verantwortungstr\u00e4gern der sportlichen Rahmenbedingungen f\u00fcr die AthletInnen n\u00fctzt die Beratung durch Sportpsychologen.\",\"breadcrumb\":{\"@id\":\"https:\\\/\\\/www.mental-synergy.at\\\/Mental-Synergy\\\/sportpsychologie\\\/funktionaere\\\/#breadcrumb\"},\"inLanguage\":\"de\",\"potentialAction\":[{\"@type\":\"ReadAction\",\"target\":[\"https:\\\/\\\/www.mental-synergy.at\\\/Mental-Synergy\\\/sportpsychologie\\\/funktionaere\\\/\"]}]},{\"@type\":\"BreadcrumbList\",\"@id\":\"https:\\\/\\\/www.mental-synergy.at\\\/Mental-Synergy\\\/sportpsychologie\\\/funktionaere\\\/#breadcrumb\",\"itemListElement\":[{\"@type\":\"ListItem\",\"position\":1,\"name\":\"Startseite\",\"item\":\"https:\\\/\\\/www.mental-synergy.at\\\/Mental-Synergy\\\/\"},{\"@type\":\"ListItem\",\"position\":2,\"name\":\"Sport Mental\",\"item\":\"https:\\\/\\\/www.mental-synergy.at\\\/Mental-Synergy\\\/sportpsychologie\\\/\"},{\"@type\":\"ListItem\",\"position\":3,\"name\":\"Funktion\u00e4re\"}]},{\"@type\":\"WebSite\",\"@id\":\"https:\\\/\\\/www.mental-synergy.at\\\/Mental-Synergy\\\/#website\",\"url\":\"https:\\\/\\\/www.mental-synergy.at\\\/Mental-Synergy\\\/\",\"name\":\"Mental Synergy\",\"description\":\"Connecting Mental Worlds\",\"publisher\":{\"@id\":\"https:\\\/\\\/www.mental-synergy.at\\\/Mental-Synergy\\\/#organization\"},\"potentialAction\":[{\"@type\":\"SearchAction\",\"target\":{\"@type\":\"EntryPoint\",\"urlTemplate\":\"https:\\\/\\\/www.mental-synergy.at\\\/Mental-Synergy\\\/?s={search_term_string}\"},\"query-input\":{\"@type\":\"PropertyValueSpecification\",\"valueRequired\":true,\"valueName\":\"search_term_string\"}}],\"inLanguage\":\"de\"},{\"@type\":\"Organization\",\"@id\":\"https:\\\/\\\/www.mental-synergy.at\\\/Mental-Synergy\\\/#organization\",\"name\":\"Mental Synergy\",\"url\":\"https:\\\/\\\/www.mental-synergy.at\\\/Mental-Synergy\\\/\",\"logo\":{\"@type\":\"ImageObject\",\"inLanguage\":\"de\",\"@id\":\"https:\\\/\\\/www.mental-synergy.at\\\/Mental-Synergy\\\/#\\\/schema\\\/logo\\\/image\\\/\",\"url\":\"https:\\\/\\\/www.mental-synergy.at\\\/Mental-Synergy\\\/wp-content\\\/uploads\\\/2017\\\/03\\\/MentalSynergy_Logo_Hoch-e1563041177531.png\",\"contentUrl\":\"https:\\\/\\\/www.mental-synergy.at\\\/Mental-Synergy\\\/wp-content\\\/uploads\\\/2017\\\/03\\\/MentalSynergy_Logo_Hoch-e1563041177531.png\",\"width\":250,\"height\":343,\"caption\":\"Mental Synergy\"},\"image\":{\"@id\":\"https:\\\/\\\/www.mental-synergy.at\\\/Mental-Synergy\\\/#\\\/schema\\\/logo\\\/image\\\/\"},\"sameAs\":[\"https:\\\/\\\/www.facebook.com\\\/Mental-Synergy-1578283905805144\\\/\",\"https:\\\/\\\/x.com\\\/SynergyMario\",\"https:\\\/\\\/www.instagram.com\\\/mentalsynergy\\\/\",\"https:\\\/\\\/www.linkedin.com\\\/in\\\/mario-schuster-5226b5128\\\/\",\"https:\\\/\\\/www.youtube.com\\\/channel\\\/UCE0lAgKOJtv4vZ83Ov3HiIg\"]}]}<\/script>\n<!-- \/ Yoast SEO plugin. -->","yoast_head_json":{"title":"Funktion\u00e4re - Mental Synergy","description":"Funktion\u00e4re: Auch den Verantwortungstr\u00e4gern der sportlichen Rahmenbedingungen f\u00fcr die AthletInnen n\u00fctzt die Beratung durch Sportpsychologen.","robots":{"index":"index","follow":"follow","max-snippet":"max-snippet:-1","max-image-preview":"max-image-preview:large","max-video-preview":"max-video-preview:-1"},"canonical":"https:\/\/www.mental-synergy.at\/Mental-Synergy\/sportpsychologie\/funktionaere\/","og_locale":"de_DE","og_type":"article","og_title":"Funktion\u00e4re - Mental Synergy","og_description":"Funktion\u00e4re: Auch den Verantwortungstr\u00e4gern der sportlichen Rahmenbedingungen f\u00fcr die AthletInnen n\u00fctzt die Beratung durch Sportpsychologen.","og_url":"https:\/\/www.mental-synergy.at\/Mental-Synergy\/sportpsychologie\/funktionaere\/","og_site_name":"Mental Synergy","article_publisher":"https:\/\/www.facebook.com\/Mental-Synergy-1578283905805144\/","article_modified_time":"2025-01-07T15:55:13+00:00","twitter_card":"summary_large_image","twitter_site":"@SynergyMario","twitter_misc":{"Gesch\u00e4tzte Lesezeit":"2\u00a0Minuten"},"schema":{"@context":"https:\/\/schema.org","@graph":[{"@type":"WebPage","@id":"https:\/\/www.mental-synergy.at\/Mental-Synergy\/sportpsychologie\/funktionaere\/","url":"https:\/\/www.mental-synergy.at\/Mental-Synergy\/sportpsychologie\/funktionaere\/","name":"Funktion\u00e4re - Mental Synergy","isPartOf":{"@id":"https:\/\/www.mental-synergy.at\/Mental-Synergy\/#website"},"datePublished":"2016-08-31T10:16:28+00:00","dateModified":"2025-01-07T15:55:13+00:00","description":"Funktion\u00e4re: Auch den Verantwortungstr\u00e4gern der sportlichen Rahmenbedingungen f\u00fcr die AthletInnen n\u00fctzt die Beratung durch Sportpsychologen.","breadcrumb":{"@id":"https:\/\/www.mental-synergy.at\/Mental-Synergy\/sportpsychologie\/funktionaere\/#breadcrumb"},"inLanguage":"de","potentialAction":[{"@type":"ReadAction","target":["https:\/\/www.mental-synergy.at\/Mental-Synergy\/sportpsychologie\/funktionaere\/"]}]},{"@type":"BreadcrumbList","@id":"https:\/\/www.mental-synergy.at\/Mental-Synergy\/sportpsychologie\/funktionaere\/#breadcrumb","itemListElement":[{"@type":"ListItem","position":1,"name":"Startseite","item":"https:\/\/www.mental-synergy.at\/Mental-Synergy\/"},{"@type":"ListItem","position":2,"name":"Sport Mental","item":"https:\/\/www.mental-synergy.at\/Mental-Synergy\/sportpsychologie\/"},{"@type":"ListItem","position":3,"name":"Funktion\u00e4re"}]},{"@type":"WebSite","@id":"https:\/\/www.mental-synergy.at\/Mental-Synergy\/#website","url":"https:\/\/www.mental-synergy.at\/Mental-Synergy\/","name":"Mental Synergy","description":"Connecting Mental Worlds","publisher":{"@id":"https:\/\/www.mental-synergy.at\/Mental-Synergy\/#organization"},"potentialAction":[{"@type":"SearchAction","target":{"@type":"EntryPoint","urlTemplate":"https:\/\/www.mental-synergy.at\/Mental-Synergy\/?s={search_term_string}"},"query-input":{"@type":"PropertyValueSpecification","valueRequired":true,"valueName":"search_term_string"}}],"inLanguage":"de"},{"@type":"Organization","@id":"https:\/\/www.mental-synergy.at\/Mental-Synergy\/#organization","name":"Mental Synergy","url":"https:\/\/www.mental-synergy.at\/Mental-Synergy\/","logo":{"@type":"ImageObject","inLanguage":"de","@id":"https:\/\/www.mental-synergy.at\/Mental-Synergy\/#\/schema\/logo\/image\/","url":"https:\/\/www.mental-synergy.at\/Mental-Synergy\/wp-content\/uploads\/2017\/03\/MentalSynergy_Logo_Hoch-e1563041177531.png","contentUrl":"https:\/\/www.mental-synergy.at\/Mental-Synergy\/wp-content\/uploads\/2017\/03\/MentalSynergy_Logo_Hoch-e1563041177531.png","width":250,"height":343,"caption":"Mental Synergy"},"image":{"@id":"https:\/\/www.mental-synergy.at\/Mental-Synergy\/#\/schema\/logo\/image\/"},"sameAs":["https:\/\/www.facebook.com\/Mental-Synergy-1578283905805144\/","https:\/\/x.com\/SynergyMario","https:\/\/www.instagram.com\/mentalsynergy\/","https:\/\/www.linkedin.com\/in\/mario-schuster-5226b5128\/","https:\/\/www.youtube.com\/channel\/UCE0lAgKOJtv4vZ83Ov3HiIg"]}]}},"rttpg_featured_image_url":null,"rttpg_author":{"display_name":"Mario Schuster","author_link":"https:\/\/www.mental-synergy.at\/Mental-Synergy\/author\/mental-synergy\/"},"rttpg_comment":0,"rttpg_category":null,"rttpg_excerpt":"Der Kern sportlicher Leistungen und des Erfolgs ist das Team. Doch f\u00fcr den Erfolg sind auch entsprechende sportliche und finanzielle Rahmenbedingungen eine wichtige Voraussetzung. Diese Verantwortung tragen in der Regel auch Funktion\u00e4re, welche in Ihrer F\u00fchrungsfunktion auch h\u00e4ufig mit schweren","_links":{"self":[{"href":"https:\/\/www.mental-synergy.at\/Mental-Synergy\/wp-json\/wp\/v2\/pages\/57","targetHints":{"allow":["GET"]}}],"collection":[{"href":"https:\/\/www.mental-synergy.at\/Mental-Synergy\/wp-json\/wp\/v2\/pages"}],"about":[{"href":"https:\/\/www.mental-synergy.at\/Mental-Synergy\/wp-json\/wp\/v2\/types\/page"}],"author":[{"embeddable":true,"href":"https:\/\/www.mental-synergy.at\/Mental-Synergy\/wp-json\/wp\/v2\/users\/1"}],"replies":[{"embeddable":true,"href":"https:\/\/www.mental-synergy.at\/Mental-Synergy\/wp-json\/wp\/v2\/comments?post=57"}],"version-history":[{"count":0,"href":"https:\/\/www.mental-synergy.at\/Mental-Synergy\/wp-json\/wp\/v2\/pages\/57\/revisions"}],"up":[{"embeddable":true,"href":"https:\/\/www.mental-synergy.at\/Mental-Synergy\/wp-json\/wp\/v2\/pages\/12"}],"wp:attachment":[{"href":"https:\/\/www.mental-synergy.at\/Mental-Synergy\/wp-json\/wp\/v2\/media?parent=57"}],"curies":[{"name":"wp","href":"https:\/\/api.w.org\/{rel}","templated":true}]}}