{"id":35,"date":"2016-08-31T01:10:21","date_gmt":"2016-08-30T23:10:21","guid":{"rendered":"http:\/\/www.mental-synergy.at\/Mental-Synergy\/?page_id=35"},"modified":"2025-01-06T19:15:56","modified_gmt":"2025-01-06T18:15:56","slug":"workshops","status":"publish","type":"page","link":"https:\/\/www.mental-synergy.at\/Mental-Synergy\/workshops\/","title":{"rendered":"Workshops"},"content":{"rendered":"\n<p>Die Mental Synergy &#8211; <strong>Workshops<\/strong> sind eine sinnvolle Erg\u00e4nzung im Rahmen der Personal- und Organisationsentwicklung ihres Unternehmens bzgl. dem Faktor Mensch. Vor allem bei komplexen arbeitspsychologischen Fragestellungen die in ihrem Unternehmen nach L\u00f6sungen verlangen, sind die Erfahrungen und Kompetenzen ihrer MitarbeiterInnen und F\u00fchrungskr\u00e4fte gefragt.<\/p>\n\n\n\n<p>In <strong>ausgew\u00e4hlten Kleingruppen<\/strong> (meist auch Personen aus unterschiedlichen Bereichen\/Abteilungen\/Positionen) erarbeiten wir gemeinsam optimale L\u00f6sungen f\u00fcr spezielle Fragestellungen. Durch den &#8222;Personen-Mix&#8220; in den Workshops sollen die TeilnehmerInnen durch den gegenseitigen Meinungsaustausch auch unterschiedliche Sichtweisen einnehmen. Dadurch k\u00f6nnen die TeilnehmerInnen voneinander lernen und gemeinsam eine bestm\u00f6gliche L\u00f6sung f\u00fcr alle entwickeln.<\/p>\n\n\n\n<p>Die <strong>Fragestellungen der Workshops<\/strong> k\u00f6nnen von Unternehmen zu Unternehmen sehr stark variieren. Daher wird bereits im Vorfeld das Workshop-Thema gemeinsam vereinbart und die Arbeitsgruppe festgelegt. Dies ist eine hervorragende M\u00f6glichkeit um die <strong>Priorit\u00e4ten zuk\u00fcnftiger Bildungsma\u00dfnahmen<\/strong> zu eruieren und erm\u00f6glichen ihrem Unternehmen gezielter Entwicklungsschwerpunkte zu setzen.<\/p>\n\n\n\n<p><\/p>\n\n\n\n<figure class=\"wp-block-image size-large is-style-rounded\"><img loading=\"lazy\" decoding=\"async\" width=\"1024\" height=\"683\" src=\"https:\/\/www.mental-synergy.at\/Mental-Synergy\/wp-content\/uploads\/2025\/01\/Mario-Schuster-bei-der-Moderation-eines-Workshops-1024x683.jpg\" alt=\"Mario Schuster moderiert Workshop\" class=\"wp-image-1822\" srcset=\"https:\/\/www.mental-synergy.at\/Mental-Synergy\/wp-content\/uploads\/2025\/01\/Mario-Schuster-bei-der-Moderation-eines-Workshops-1024x683.jpg 1024w, https:\/\/www.mental-synergy.at\/Mental-Synergy\/wp-content\/uploads\/2025\/01\/Mario-Schuster-bei-der-Moderation-eines-Workshops-300x200.jpg 300w, https:\/\/www.mental-synergy.at\/Mental-Synergy\/wp-content\/uploads\/2025\/01\/Mario-Schuster-bei-der-Moderation-eines-Workshops-768x512.jpg 768w, https:\/\/www.mental-synergy.at\/Mental-Synergy\/wp-content\/uploads\/2025\/01\/Mario-Schuster-bei-der-Moderation-eines-Workshops-1536x1024.jpg 1536w, https:\/\/www.mental-synergy.at\/Mental-Synergy\/wp-content\/uploads\/2025\/01\/Mario-Schuster-bei-der-Moderation-eines-Workshops-2048x1365.jpg 2048w, https:\/\/www.mental-synergy.at\/Mental-Synergy\/wp-content\/uploads\/2025\/01\/Mario-Schuster-bei-der-Moderation-eines-Workshops-50x33.jpg 50w, https:\/\/www.mental-synergy.at\/Mental-Synergy\/wp-content\/uploads\/2025\/01\/Mario-Schuster-bei-der-Moderation-eines-Workshops-75x50.jpg 75w, https:\/\/www.mental-synergy.at\/Mental-Synergy\/wp-content\/uploads\/2025\/01\/Mario-Schuster-bei-der-Moderation-eines-Workshops-100x67.jpg 100w, https:\/\/www.mental-synergy.at\/Mental-Synergy\/wp-content\/uploads\/2025\/01\/Mario-Schuster-bei-der-Moderation-eines-Workshops-150x100.jpg 150w, https:\/\/www.mental-synergy.at\/Mental-Synergy\/wp-content\/uploads\/2025\/01\/Mario-Schuster-bei-der-Moderation-eines-Workshops-960x640.jpg 960w, https:\/\/www.mental-synergy.at\/Mental-Synergy\/wp-content\/uploads\/2025\/01\/Mario-Schuster-bei-der-Moderation-eines-Workshops-640x427.jpg 640w, https:\/\/www.mental-synergy.at\/Mental-Synergy\/wp-content\/uploads\/2025\/01\/Mario-Schuster-bei-der-Moderation-eines-Workshops-1152x768.jpg 1152w, https:\/\/www.mental-synergy.at\/Mental-Synergy\/wp-content\/uploads\/2025\/01\/Mario-Schuster-bei-der-Moderation-eines-Workshops-1620x1080.jpg 1620w, https:\/\/www.mental-synergy.at\/Mental-Synergy\/wp-content\/uploads\/2025\/01\/Mario-Schuster-bei-der-Moderation-eines-Workshops-1920x1280.jpg 1920w\" sizes=\"auto, (max-width: 1024px) 100vw, 1024px\" \/><\/figure>\n\n\n\n<h2 class=\"wp-block-heading\"><strong>Ausgew\u00e4hlte Beispiele f\u00fcr Workshopthemen:<\/strong><\/h2>\n\n\n\n<ul style=\"color:#bb9c58\" class=\"wp-block-list has-midnight-gradient-background has-text-color has-background has-medium-font-size\">\n<li><span class=\"tadv-color\" style=\"color:#000000\"><span style=\"color: #bb9c58;\">Gesundheitszirkel<\/span><\/span><\/li>\n\n\n\n<li><span class=\"tadv-color\" style=\"color:#000000\"><span style=\"color: #bb9c58;\">Evaluierung psychischer Belastungen am Arbeitsplatz<\/span><\/span><\/li>\n\n\n\n<li>Planung des internen Schulungsprogrammes<\/li>\n\n\n\n<li><span class=\"tadv-color\" style=\"color:#000000\"><span style=\"color: #bb9c58;\">Entwickeln eines Wertekompass<\/span><\/span><\/li>\n\n\n\n<li><span class=\"tadv-color\" style=\"color:#000000\"><span style=\"color: #bb9c58;\">Aktives Arbeitsplatzdesign<\/span><\/span><\/li>\n<\/ul>\n\n\n\n<p>Preis und Termin f\u00fcr ein kostenloses Erstgespr\u00e4ch auf <a href=\"https:\/\/www.mental-synergy.at\/Mental-Synergy\/?page_id=21\">Anfrage&#8230;<\/a><\/p>\n","protected":false},"excerpt":{"rendered":"<p>Die Mental Synergy &#8211; Workshops sind eine sinnvolle Erg\u00e4nzung im Rahmen der Personal- und Organisationsentwicklung ihres Unternehmens bzgl. dem Faktor Mensch. Vor allem bei komplexen arbeitspsychologischen Fragestellungen die in ihrem Unternehmen nach L\u00f6sungen verlangen, sind die Erfahrungen und Kompetenzen ihrer<\/p>\n","protected":false},"author":1,"featured_media":0,"parent":0,"menu_order":0,"comment_status":"closed","ping_status":"closed","template":"","meta":{"_exactmetrics_skip_tracking":false,"_exactmetrics_sitenote_active":false,"_exactmetrics_sitenote_note":"","_exactmetrics_sitenote_category":0,"footnotes":""},"class_list":["post-35","page","type-page","status-publish","hentry","","tg-column-two"],"yoast_head":"<!-- This site is optimized with the Yoast SEO plugin v27.3 - https:\/\/yoast.com\/product\/yoast-seo-wordpress\/ -->\n<title>Workshops<\/title>\n<meta name=\"description\" content=\"Individuelle Workshops f\u00fcr die Organisationsentwicklung: Gesundheitszirkel | Evaluierung psychischer Belastungen am Arbeitsplatz | Planung...\" \/>\n<meta name=\"robots\" content=\"index, follow, max-snippet:-1, max-image-preview:large, max-video-preview:-1\" \/>\n<link rel=\"canonical\" href=\"https:\/\/www.mental-synergy.at\/Mental-Synergy\/workshops\/\" \/>\n<meta property=\"og:locale\" content=\"de_DE\" \/>\n<meta property=\"og:type\" content=\"article\" \/>\n<meta property=\"og:title\" content=\"Workshops\" \/>\n<meta property=\"og:description\" content=\"Individuelle Workshops f\u00fcr die Organisationsentwicklung: Gesundheitszirkel | Evaluierung psychischer Belastungen am Arbeitsplatz | Planung...\" \/>\n<meta property=\"og:url\" content=\"https:\/\/www.mental-synergy.at\/Mental-Synergy\/workshops\/\" \/>\n<meta property=\"og:site_name\" content=\"Mental Synergy\" \/>\n<meta property=\"article:publisher\" content=\"https:\/\/www.facebook.com\/Mental-Synergy-1578283905805144\/\" \/>\n<meta property=\"article:modified_time\" content=\"2025-01-06T18:15:56+00:00\" \/>\n<meta property=\"og:image\" content=\"https:\/\/www.mental-synergy.at\/Mental-Synergy\/wp-content\/uploads\/2025\/01\/Mario-Schuster-bei-der-Moderation-eines-Workshops-scaled.jpg\" \/>\n\t<meta property=\"og:image:width\" content=\"2560\" \/>\n\t<meta property=\"og:image:height\" content=\"1707\" \/>\n\t<meta property=\"og:image:type\" content=\"image\/jpeg\" \/>\n<meta name=\"twitter:card\" content=\"summary_large_image\" \/>\n<meta name=\"twitter:site\" content=\"@SynergyMario\" \/>\n<meta name=\"twitter:label1\" content=\"Gesch\u00e4tzte Lesezeit\" \/>\n\t<meta name=\"twitter:data1\" content=\"2\u00a0Minuten\" \/>\n<script type=\"application\/ld+json\" class=\"yoast-schema-graph\">{\"@context\":\"https:\\\/\\\/schema.org\",\"@graph\":[{\"@type\":\"WebPage\",\"@id\":\"https:\\\/\\\/www.mental-synergy.at\\\/Mental-Synergy\\\/workshops\\\/\",\"url\":\"https:\\\/\\\/www.mental-synergy.at\\\/Mental-Synergy\\\/workshops\\\/\",\"name\":\"Workshops\",\"isPartOf\":{\"@id\":\"https:\\\/\\\/www.mental-synergy.at\\\/Mental-Synergy\\\/#website\"},\"primaryImageOfPage\":{\"@id\":\"https:\\\/\\\/www.mental-synergy.at\\\/Mental-Synergy\\\/workshops\\\/#primaryimage\"},\"image\":{\"@id\":\"https:\\\/\\\/www.mental-synergy.at\\\/Mental-Synergy\\\/workshops\\\/#primaryimage\"},\"thumbnailUrl\":\"https:\\\/\\\/www.mental-synergy.at\\\/Mental-Synergy\\\/wp-content\\\/uploads\\\/2025\\\/01\\\/Mario-Schuster-bei-der-Moderation-eines-Workshops-1024x683.jpg\",\"datePublished\":\"2016-08-30T23:10:21+00:00\",\"dateModified\":\"2025-01-06T18:15:56+00:00\",\"description\":\"Individuelle Workshops f\u00fcr die Organisationsentwicklung: Gesundheitszirkel | Evaluierung psychischer Belastungen am Arbeitsplatz | Planung...\",\"breadcrumb\":{\"@id\":\"https:\\\/\\\/www.mental-synergy.at\\\/Mental-Synergy\\\/workshops\\\/#breadcrumb\"},\"inLanguage\":\"de\",\"potentialAction\":[{\"@type\":\"ReadAction\",\"target\":[\"https:\\\/\\\/www.mental-synergy.at\\\/Mental-Synergy\\\/workshops\\\/\"]}]},{\"@type\":\"ImageObject\",\"inLanguage\":\"de\",\"@id\":\"https:\\\/\\\/www.mental-synergy.at\\\/Mental-Synergy\\\/workshops\\\/#primaryimage\",\"url\":\"https:\\\/\\\/www.mental-synergy.at\\\/Mental-Synergy\\\/wp-content\\\/uploads\\\/2025\\\/01\\\/Mario-Schuster-bei-der-Moderation-eines-Workshops-scaled.jpg\",\"contentUrl\":\"https:\\\/\\\/www.mental-synergy.at\\\/Mental-Synergy\\\/wp-content\\\/uploads\\\/2025\\\/01\\\/Mario-Schuster-bei-der-Moderation-eines-Workshops-scaled.jpg\",\"width\":2560,\"height\":1707},{\"@type\":\"BreadcrumbList\",\"@id\":\"https:\\\/\\\/www.mental-synergy.at\\\/Mental-Synergy\\\/workshops\\\/#breadcrumb\",\"itemListElement\":[{\"@type\":\"ListItem\",\"position\":1,\"name\":\"Startseite\",\"item\":\"https:\\\/\\\/www.mental-synergy.at\\\/Mental-Synergy\\\/\"},{\"@type\":\"ListItem\",\"position\":2,\"name\":\"Workshops\"}]},{\"@type\":\"WebSite\",\"@id\":\"https:\\\/\\\/www.mental-synergy.at\\\/Mental-Synergy\\\/#website\",\"url\":\"https:\\\/\\\/www.mental-synergy.at\\\/Mental-Synergy\\\/\",\"name\":\"Mental Synergy\",\"description\":\"Connecting Mental Worlds\",\"publisher\":{\"@id\":\"https:\\\/\\\/www.mental-synergy.at\\\/Mental-Synergy\\\/#organization\"},\"potentialAction\":[{\"@type\":\"SearchAction\",\"target\":{\"@type\":\"EntryPoint\",\"urlTemplate\":\"https:\\\/\\\/www.mental-synergy.at\\\/Mental-Synergy\\\/?s={search_term_string}\"},\"query-input\":{\"@type\":\"PropertyValueSpecification\",\"valueRequired\":true,\"valueName\":\"search_term_string\"}}],\"inLanguage\":\"de\"},{\"@type\":\"Organization\",\"@id\":\"https:\\\/\\\/www.mental-synergy.at\\\/Mental-Synergy\\\/#organization\",\"name\":\"Mental Synergy\",\"url\":\"https:\\\/\\\/www.mental-synergy.at\\\/Mental-Synergy\\\/\",\"logo\":{\"@type\":\"ImageObject\",\"inLanguage\":\"de\",\"@id\":\"https:\\\/\\\/www.mental-synergy.at\\\/Mental-Synergy\\\/#\\\/schema\\\/logo\\\/image\\\/\",\"url\":\"https:\\\/\\\/www.mental-synergy.at\\\/Mental-Synergy\\\/wp-content\\\/uploads\\\/2017\\\/03\\\/MentalSynergy_Logo_Hoch-e1563041177531.png\",\"contentUrl\":\"https:\\\/\\\/www.mental-synergy.at\\\/Mental-Synergy\\\/wp-content\\\/uploads\\\/2017\\\/03\\\/MentalSynergy_Logo_Hoch-e1563041177531.png\",\"width\":250,\"height\":343,\"caption\":\"Mental Synergy\"},\"image\":{\"@id\":\"https:\\\/\\\/www.mental-synergy.at\\\/Mental-Synergy\\\/#\\\/schema\\\/logo\\\/image\\\/\"},\"sameAs\":[\"https:\\\/\\\/www.facebook.com\\\/Mental-Synergy-1578283905805144\\\/\",\"https:\\\/\\\/x.com\\\/SynergyMario\",\"https:\\\/\\\/www.instagram.com\\\/mentalsynergy\\\/\",\"https:\\\/\\\/www.linkedin.com\\\/in\\\/mario-schuster-5226b5128\\\/\",\"https:\\\/\\\/www.youtube.com\\\/channel\\\/UCE0lAgKOJtv4vZ83Ov3HiIg\"]}]}<\/script>\n<!-- \/ Yoast SEO plugin. -->","yoast_head_json":{"title":"Workshops","description":"Individuelle Workshops f\u00fcr die Organisationsentwicklung: Gesundheitszirkel | Evaluierung psychischer Belastungen am Arbeitsplatz | Planung...","robots":{"index":"index","follow":"follow","max-snippet":"max-snippet:-1","max-image-preview":"max-image-preview:large","max-video-preview":"max-video-preview:-1"},"canonical":"https:\/\/www.mental-synergy.at\/Mental-Synergy\/workshops\/","og_locale":"de_DE","og_type":"article","og_title":"Workshops","og_description":"Individuelle Workshops f\u00fcr die Organisationsentwicklung: Gesundheitszirkel | Evaluierung psychischer Belastungen am Arbeitsplatz | Planung...","og_url":"https:\/\/www.mental-synergy.at\/Mental-Synergy\/workshops\/","og_site_name":"Mental Synergy","article_publisher":"https:\/\/www.facebook.com\/Mental-Synergy-1578283905805144\/","article_modified_time":"2025-01-06T18:15:56+00:00","og_image":[{"width":2560,"height":1707,"url":"https:\/\/www.mental-synergy.at\/Mental-Synergy\/wp-content\/uploads\/2025\/01\/Mario-Schuster-bei-der-Moderation-eines-Workshops-scaled.jpg","type":"image\/jpeg"}],"twitter_card":"summary_large_image","twitter_site":"@SynergyMario","twitter_misc":{"Gesch\u00e4tzte Lesezeit":"2\u00a0Minuten"},"schema":{"@context":"https:\/\/schema.org","@graph":[{"@type":"WebPage","@id":"https:\/\/www.mental-synergy.at\/Mental-Synergy\/workshops\/","url":"https:\/\/www.mental-synergy.at\/Mental-Synergy\/workshops\/","name":"Workshops","isPartOf":{"@id":"https:\/\/www.mental-synergy.at\/Mental-Synergy\/#website"},"primaryImageOfPage":{"@id":"https:\/\/www.mental-synergy.at\/Mental-Synergy\/workshops\/#primaryimage"},"image":{"@id":"https:\/\/www.mental-synergy.at\/Mental-Synergy\/workshops\/#primaryimage"},"thumbnailUrl":"https:\/\/www.mental-synergy.at\/Mental-Synergy\/wp-content\/uploads\/2025\/01\/Mario-Schuster-bei-der-Moderation-eines-Workshops-1024x683.jpg","datePublished":"2016-08-30T23:10:21+00:00","dateModified":"2025-01-06T18:15:56+00:00","description":"Individuelle Workshops f\u00fcr die Organisationsentwicklung: Gesundheitszirkel | Evaluierung psychischer Belastungen am Arbeitsplatz | Planung...","breadcrumb":{"@id":"https:\/\/www.mental-synergy.at\/Mental-Synergy\/workshops\/#breadcrumb"},"inLanguage":"de","potentialAction":[{"@type":"ReadAction","target":["https:\/\/www.mental-synergy.at\/Mental-Synergy\/workshops\/"]}]},{"@type":"ImageObject","inLanguage":"de","@id":"https:\/\/www.mental-synergy.at\/Mental-Synergy\/workshops\/#primaryimage","url":"https:\/\/www.mental-synergy.at\/Mental-Synergy\/wp-content\/uploads\/2025\/01\/Mario-Schuster-bei-der-Moderation-eines-Workshops-scaled.jpg","contentUrl":"https:\/\/www.mental-synergy.at\/Mental-Synergy\/wp-content\/uploads\/2025\/01\/Mario-Schuster-bei-der-Moderation-eines-Workshops-scaled.jpg","width":2560,"height":1707},{"@type":"BreadcrumbList","@id":"https:\/\/www.mental-synergy.at\/Mental-Synergy\/workshops\/#breadcrumb","itemListElement":[{"@type":"ListItem","position":1,"name":"Startseite","item":"https:\/\/www.mental-synergy.at\/Mental-Synergy\/"},{"@type":"ListItem","position":2,"name":"Workshops"}]},{"@type":"WebSite","@id":"https:\/\/www.mental-synergy.at\/Mental-Synergy\/#website","url":"https:\/\/www.mental-synergy.at\/Mental-Synergy\/","name":"Mental Synergy","description":"Connecting Mental Worlds","publisher":{"@id":"https:\/\/www.mental-synergy.at\/Mental-Synergy\/#organization"},"potentialAction":[{"@type":"SearchAction","target":{"@type":"EntryPoint","urlTemplate":"https:\/\/www.mental-synergy.at\/Mental-Synergy\/?s={search_term_string}"},"query-input":{"@type":"PropertyValueSpecification","valueRequired":true,"valueName":"search_term_string"}}],"inLanguage":"de"},{"@type":"Organization","@id":"https:\/\/www.mental-synergy.at\/Mental-Synergy\/#organization","name":"Mental Synergy","url":"https:\/\/www.mental-synergy.at\/Mental-Synergy\/","logo":{"@type":"ImageObject","inLanguage":"de","@id":"https:\/\/www.mental-synergy.at\/Mental-Synergy\/#\/schema\/logo\/image\/","url":"https:\/\/www.mental-synergy.at\/Mental-Synergy\/wp-content\/uploads\/2017\/03\/MentalSynergy_Logo_Hoch-e1563041177531.png","contentUrl":"https:\/\/www.mental-synergy.at\/Mental-Synergy\/wp-content\/uploads\/2017\/03\/MentalSynergy_Logo_Hoch-e1563041177531.png","width":250,"height":343,"caption":"Mental Synergy"},"image":{"@id":"https:\/\/www.mental-synergy.at\/Mental-Synergy\/#\/schema\/logo\/image\/"},"sameAs":["https:\/\/www.facebook.com\/Mental-Synergy-1578283905805144\/","https:\/\/x.com\/SynergyMario","https:\/\/www.instagram.com\/mentalsynergy\/","https:\/\/www.linkedin.com\/in\/mario-schuster-5226b5128\/","https:\/\/www.youtube.com\/channel\/UCE0lAgKOJtv4vZ83Ov3HiIg"]}]}},"rttpg_featured_image_url":null,"rttpg_author":{"display_name":"Mario Schuster","author_link":"https:\/\/www.mental-synergy.at\/Mental-Synergy\/author\/mental-synergy\/"},"rttpg_comment":0,"rttpg_category":null,"rttpg_excerpt":"Die Mental Synergy &#8211; Workshops sind eine sinnvolle Erg\u00e4nzung im Rahmen der Personal- und Organisationsentwicklung ihres Unternehmens bzgl. dem Faktor Mensch. Vor allem bei komplexen arbeitspsychologischen Fragestellungen die in ihrem Unternehmen nach L\u00f6sungen verlangen, sind die Erfahrungen und Kompetenzen ihrer","_links":{"self":[{"href":"https:\/\/www.mental-synergy.at\/Mental-Synergy\/wp-json\/wp\/v2\/pages\/35","targetHints":{"allow":["GET"]}}],"collection":[{"href":"https:\/\/www.mental-synergy.at\/Mental-Synergy\/wp-json\/wp\/v2\/pages"}],"about":[{"href":"https:\/\/www.mental-synergy.at\/Mental-Synergy\/wp-json\/wp\/v2\/types\/page"}],"author":[{"embeddable":true,"href":"https:\/\/www.mental-synergy.at\/Mental-Synergy\/wp-json\/wp\/v2\/users\/1"}],"replies":[{"embeddable":true,"href":"https:\/\/www.mental-synergy.at\/Mental-Synergy\/wp-json\/wp\/v2\/comments?post=35"}],"version-history":[{"count":0,"href":"https:\/\/www.mental-synergy.at\/Mental-Synergy\/wp-json\/wp\/v2\/pages\/35\/revisions"}],"wp:attachment":[{"href":"https:\/\/www.mental-synergy.at\/Mental-Synergy\/wp-json\/wp\/v2\/media?parent=35"}],"curies":[{"name":"wp","href":"https:\/\/api.w.org\/{rel}","templated":true}]}}