{"id":33,"date":"2016-08-31T01:09:55","date_gmt":"2016-08-30T23:09:55","guid":{"rendered":"http:\/\/www.mental-synergy.at\/Mental-Synergy\/?page_id=33"},"modified":"2017-01-14T20:46:08","modified_gmt":"2017-01-14T19:46:08","slug":"trainings","status":"publish","type":"page","link":"https:\/\/www.mental-synergy.at\/Mental-Synergy\/arbeitspsychologie\/trainings\/","title":{"rendered":"Trainings"},"content":{"rendered":"<p><img loading=\"lazy\" decoding=\"async\" class=\"alignleft wp-image-119\" src=\"https:\/\/www.mental-synergy.at\/Mental-Synergy\/wp-content\/uploads\/2016\/08\/Sport-Portrait-Mario-Schuster-mittel-200x300.jpg\" alt=\"Mentaltrainer Mario Schuster\" width=\"200\" height=\"300\" srcset=\"https:\/\/www.mental-synergy.at\/Mental-Synergy\/wp-content\/uploads\/2016\/08\/Sport-Portrait-Mario-Schuster-mittel-200x300.jpg 200w, https:\/\/www.mental-synergy.at\/Mental-Synergy\/wp-content\/uploads\/2016\/08\/Sport-Portrait-Mario-Schuster-mittel-768x1152.jpg 768w, https:\/\/www.mental-synergy.at\/Mental-Synergy\/wp-content\/uploads\/2016\/08\/Sport-Portrait-Mario-Schuster-mittel-683x1024.jpg 683w, https:\/\/www.mental-synergy.at\/Mental-Synergy\/wp-content\/uploads\/2016\/08\/Sport-Portrait-Mario-Schuster-mittel.jpg 1751w\" sizes=\"auto, (max-width: 200px) 100vw, 200px\" \/><\/p>\n<p>Die Mental Synergy &#8211; <strong>Trainingsserien<\/strong> f\u00fcr Unternehmen sind ein wichtiger Baustein f\u00fcr das <strong>systematische Training mentaler Kompetenzen<\/strong> Ihrer MitarbeiterInnen und F\u00fchrungskr\u00e4fte. Vor allem wenn diese hohen Arbeitsbelastungen ausgesetzt sind, sind regelm\u00e4\u00dfige Trainings im mentalen Bereich eine wichtige Voraussetzung um die <strong>mentalen Ressourcen<\/strong> zu st\u00e4rken. Dies hat kurz- und langfristig besondere Vorteile: Sie sind auch in schwierigen Phasen entspannter, gelassener, zufriedener, konzentrierter und willensst\u00e4rker.<\/p>\n<p>&nbsp;<\/p>\n<p>&nbsp;<\/p>\n<p>&nbsp;<\/p>\n<p><u>Folgend sind Beispiele f\u00fcr die Trainings-Serien aufgelistet:<\/u><\/p>\n<ul>\n<li>Zielsetzung<\/li>\n<li>Achtsamkeit<\/li>\n<li>Visualisierung<\/li>\n<li>Entspannungstechniken<\/li>\n<li>Aktivierungs- und Konzentrationstraining<\/li>\n<\/ul>\n<p>&nbsp;<\/p>\n<p>Termin f\u00fcr ein kostenloses Erstgespr\u00e4ch und Preis auf <a href=\"https:\/\/www.mental-synergy.at\/Mental-Synergy\/?page_id=21\">Anfrage&#8230;<\/a><\/p>\n","protected":false},"excerpt":{"rendered":"<p>Die Mental Synergy &#8211; Trainingsserien f\u00fcr Unternehmen sind ein wichtiger Baustein f\u00fcr das systematische Training mentaler Kompetenzen Ihrer MitarbeiterInnen und F\u00fchrungskr\u00e4fte. Vor allem wenn diese hohen Arbeitsbelastungen ausgesetzt sind, sind regelm\u00e4\u00dfige Trainings im mentalen Bereich eine wichtige Voraussetzung um die<\/p>\n","protected":false},"author":1,"featured_media":0,"parent":14,"menu_order":0,"comment_status":"closed","ping_status":"closed","template":"","meta":{"_exactmetrics_skip_tracking":false,"_exactmetrics_sitenote_active":false,"_exactmetrics_sitenote_note":"","_exactmetrics_sitenote_category":0,"footnotes":""},"class_list":["post-33","page","type-page","status-publish","hentry","","tg-column-two"],"yoast_head":"<!-- This site is optimized with the Yoast SEO plugin v27.3 - https:\/\/yoast.com\/product\/yoast-seo-wordpress\/ -->\n<title>Trainings - Mental Synergy<\/title>\n<meta name=\"robots\" content=\"index, follow, max-snippet:-1, max-image-preview:large, max-video-preview:-1\" \/>\n<link rel=\"canonical\" href=\"https:\/\/www.mental-synergy.at\/Mental-Synergy\/arbeitspsychologie\/trainings\/\" \/>\n<meta property=\"og:locale\" content=\"de_DE\" \/>\n<meta property=\"og:type\" content=\"article\" \/>\n<meta property=\"og:title\" content=\"Trainings - Mental Synergy\" \/>\n<meta property=\"og:description\" content=\"Die Mental Synergy &#8211; Trainingsserien f\u00fcr Unternehmen sind ein wichtiger Baustein f\u00fcr das systematische Training mentaler Kompetenzen Ihrer MitarbeiterInnen und F\u00fchrungskr\u00e4fte. Vor allem wenn diese hohen Arbeitsbelastungen ausgesetzt sind, sind regelm\u00e4\u00dfige Trainings im mentalen Bereich eine wichtige Voraussetzung um die\" \/>\n<meta property=\"og:url\" content=\"https:\/\/www.mental-synergy.at\/Mental-Synergy\/arbeitspsychologie\/trainings\/\" \/>\n<meta property=\"og:site_name\" content=\"Mental Synergy\" \/>\n<meta property=\"article:publisher\" content=\"https:\/\/www.facebook.com\/Mental-Synergy-1578283905805144\/\" \/>\n<meta property=\"article:modified_time\" content=\"2017-01-14T19:46:08+00:00\" \/>\n<meta property=\"og:image\" content=\"http:\/\/www.mental-synergy.at\/Mental-Synergy\/wp-content\/uploads\/2016\/08\/Sport-Portrait-Mario-Schuster-mittel-200x300.jpg\" \/>\n<meta name=\"twitter:card\" content=\"summary_large_image\" \/>\n<meta name=\"twitter:site\" content=\"@SynergyMario\" \/>\n<meta name=\"twitter:label1\" content=\"Gesch\u00e4tzte Lesezeit\" \/>\n\t<meta name=\"twitter:data1\" content=\"1\u00a0Minute\" \/>\n<script type=\"application\/ld+json\" class=\"yoast-schema-graph\">{\"@context\":\"https:\\\/\\\/schema.org\",\"@graph\":[{\"@type\":\"WebPage\",\"@id\":\"https:\\\/\\\/www.mental-synergy.at\\\/Mental-Synergy\\\/arbeitspsychologie\\\/trainings\\\/\",\"url\":\"https:\\\/\\\/www.mental-synergy.at\\\/Mental-Synergy\\\/arbeitspsychologie\\\/trainings\\\/\",\"name\":\"Trainings - Mental Synergy\",\"isPartOf\":{\"@id\":\"https:\\\/\\\/www.mental-synergy.at\\\/Mental-Synergy\\\/#website\"},\"primaryImageOfPage\":{\"@id\":\"https:\\\/\\\/www.mental-synergy.at\\\/Mental-Synergy\\\/arbeitspsychologie\\\/trainings\\\/#primaryimage\"},\"image\":{\"@id\":\"https:\\\/\\\/www.mental-synergy.at\\\/Mental-Synergy\\\/arbeitspsychologie\\\/trainings\\\/#primaryimage\"},\"thumbnailUrl\":\"http:\\\/\\\/www.mental-synergy.at\\\/Mental-Synergy\\\/wp-content\\\/uploads\\\/2016\\\/08\\\/Sport-Portrait-Mario-Schuster-mittel-200x300.jpg\",\"datePublished\":\"2016-08-30T23:09:55+00:00\",\"dateModified\":\"2017-01-14T19:46:08+00:00\",\"breadcrumb\":{\"@id\":\"https:\\\/\\\/www.mental-synergy.at\\\/Mental-Synergy\\\/arbeitspsychologie\\\/trainings\\\/#breadcrumb\"},\"inLanguage\":\"de\",\"potentialAction\":[{\"@type\":\"ReadAction\",\"target\":[\"https:\\\/\\\/www.mental-synergy.at\\\/Mental-Synergy\\\/arbeitspsychologie\\\/trainings\\\/\"]}]},{\"@type\":\"ImageObject\",\"inLanguage\":\"de\",\"@id\":\"https:\\\/\\\/www.mental-synergy.at\\\/Mental-Synergy\\\/arbeitspsychologie\\\/trainings\\\/#primaryimage\",\"url\":\"http:\\\/\\\/www.mental-synergy.at\\\/Mental-Synergy\\\/wp-content\\\/uploads\\\/2016\\\/08\\\/Sport-Portrait-Mario-Schuster-mittel-200x300.jpg\",\"contentUrl\":\"http:\\\/\\\/www.mental-synergy.at\\\/Mental-Synergy\\\/wp-content\\\/uploads\\\/2016\\\/08\\\/Sport-Portrait-Mario-Schuster-mittel-200x300.jpg\"},{\"@type\":\"BreadcrumbList\",\"@id\":\"https:\\\/\\\/www.mental-synergy.at\\\/Mental-Synergy\\\/arbeitspsychologie\\\/trainings\\\/#breadcrumb\",\"itemListElement\":[{\"@type\":\"ListItem\",\"position\":1,\"name\":\"Startseite\",\"item\":\"https:\\\/\\\/www.mental-synergy.at\\\/Mental-Synergy\\\/\"},{\"@type\":\"ListItem\",\"position\":2,\"name\":\"Arbeitspsychologie &#038; Wirtschaftspsychologie\",\"item\":\"https:\\\/\\\/www.mental-synergy.at\\\/Mental-Synergy\\\/arbeitspsychologie\\\/\"},{\"@type\":\"ListItem\",\"position\":3,\"name\":\"Trainings\"}]},{\"@type\":\"WebSite\",\"@id\":\"https:\\\/\\\/www.mental-synergy.at\\\/Mental-Synergy\\\/#website\",\"url\":\"https:\\\/\\\/www.mental-synergy.at\\\/Mental-Synergy\\\/\",\"name\":\"Mental Synergy\",\"description\":\"Connecting Mental Worlds\",\"publisher\":{\"@id\":\"https:\\\/\\\/www.mental-synergy.at\\\/Mental-Synergy\\\/#organization\"},\"potentialAction\":[{\"@type\":\"SearchAction\",\"target\":{\"@type\":\"EntryPoint\",\"urlTemplate\":\"https:\\\/\\\/www.mental-synergy.at\\\/Mental-Synergy\\\/?s={search_term_string}\"},\"query-input\":{\"@type\":\"PropertyValueSpecification\",\"valueRequired\":true,\"valueName\":\"search_term_string\"}}],\"inLanguage\":\"de\"},{\"@type\":\"Organization\",\"@id\":\"https:\\\/\\\/www.mental-synergy.at\\\/Mental-Synergy\\\/#organization\",\"name\":\"Mental Synergy\",\"url\":\"https:\\\/\\\/www.mental-synergy.at\\\/Mental-Synergy\\\/\",\"logo\":{\"@type\":\"ImageObject\",\"inLanguage\":\"de\",\"@id\":\"https:\\\/\\\/www.mental-synergy.at\\\/Mental-Synergy\\\/#\\\/schema\\\/logo\\\/image\\\/\",\"url\":\"https:\\\/\\\/www.mental-synergy.at\\\/Mental-Synergy\\\/wp-content\\\/uploads\\\/2017\\\/03\\\/MentalSynergy_Logo_Hoch-e1563041177531.png\",\"contentUrl\":\"https:\\\/\\\/www.mental-synergy.at\\\/Mental-Synergy\\\/wp-content\\\/uploads\\\/2017\\\/03\\\/MentalSynergy_Logo_Hoch-e1563041177531.png\",\"width\":250,\"height\":343,\"caption\":\"Mental Synergy\"},\"image\":{\"@id\":\"https:\\\/\\\/www.mental-synergy.at\\\/Mental-Synergy\\\/#\\\/schema\\\/logo\\\/image\\\/\"},\"sameAs\":[\"https:\\\/\\\/www.facebook.com\\\/Mental-Synergy-1578283905805144\\\/\",\"https:\\\/\\\/x.com\\\/SynergyMario\",\"https:\\\/\\\/www.instagram.com\\\/mentalsynergy\\\/\",\"https:\\\/\\\/www.linkedin.com\\\/in\\\/mario-schuster-5226b5128\\\/\",\"https:\\\/\\\/www.youtube.com\\\/channel\\\/UCE0lAgKOJtv4vZ83Ov3HiIg\"]}]}<\/script>\n<!-- \/ Yoast SEO plugin. -->","yoast_head_json":{"title":"Trainings - Mental Synergy","robots":{"index":"index","follow":"follow","max-snippet":"max-snippet:-1","max-image-preview":"max-image-preview:large","max-video-preview":"max-video-preview:-1"},"canonical":"https:\/\/www.mental-synergy.at\/Mental-Synergy\/arbeitspsychologie\/trainings\/","og_locale":"de_DE","og_type":"article","og_title":"Trainings - Mental Synergy","og_description":"Die Mental Synergy &#8211; Trainingsserien f\u00fcr Unternehmen sind ein wichtiger Baustein f\u00fcr das systematische Training mentaler Kompetenzen Ihrer MitarbeiterInnen und F\u00fchrungskr\u00e4fte. Vor allem wenn diese hohen Arbeitsbelastungen ausgesetzt sind, sind regelm\u00e4\u00dfige Trainings im mentalen Bereich eine wichtige Voraussetzung um die","og_url":"https:\/\/www.mental-synergy.at\/Mental-Synergy\/arbeitspsychologie\/trainings\/","og_site_name":"Mental Synergy","article_publisher":"https:\/\/www.facebook.com\/Mental-Synergy-1578283905805144\/","article_modified_time":"2017-01-14T19:46:08+00:00","og_image":[{"url":"http:\/\/www.mental-synergy.at\/Mental-Synergy\/wp-content\/uploads\/2016\/08\/Sport-Portrait-Mario-Schuster-mittel-200x300.jpg","type":"","width":"","height":""}],"twitter_card":"summary_large_image","twitter_site":"@SynergyMario","twitter_misc":{"Gesch\u00e4tzte Lesezeit":"1\u00a0Minute"},"schema":{"@context":"https:\/\/schema.org","@graph":[{"@type":"WebPage","@id":"https:\/\/www.mental-synergy.at\/Mental-Synergy\/arbeitspsychologie\/trainings\/","url":"https:\/\/www.mental-synergy.at\/Mental-Synergy\/arbeitspsychologie\/trainings\/","name":"Trainings - Mental Synergy","isPartOf":{"@id":"https:\/\/www.mental-synergy.at\/Mental-Synergy\/#website"},"primaryImageOfPage":{"@id":"https:\/\/www.mental-synergy.at\/Mental-Synergy\/arbeitspsychologie\/trainings\/#primaryimage"},"image":{"@id":"https:\/\/www.mental-synergy.at\/Mental-Synergy\/arbeitspsychologie\/trainings\/#primaryimage"},"thumbnailUrl":"http:\/\/www.mental-synergy.at\/Mental-Synergy\/wp-content\/uploads\/2016\/08\/Sport-Portrait-Mario-Schuster-mittel-200x300.jpg","datePublished":"2016-08-30T23:09:55+00:00","dateModified":"2017-01-14T19:46:08+00:00","breadcrumb":{"@id":"https:\/\/www.mental-synergy.at\/Mental-Synergy\/arbeitspsychologie\/trainings\/#breadcrumb"},"inLanguage":"de","potentialAction":[{"@type":"ReadAction","target":["https:\/\/www.mental-synergy.at\/Mental-Synergy\/arbeitspsychologie\/trainings\/"]}]},{"@type":"ImageObject","inLanguage":"de","@id":"https:\/\/www.mental-synergy.at\/Mental-Synergy\/arbeitspsychologie\/trainings\/#primaryimage","url":"http:\/\/www.mental-synergy.at\/Mental-Synergy\/wp-content\/uploads\/2016\/08\/Sport-Portrait-Mario-Schuster-mittel-200x300.jpg","contentUrl":"http:\/\/www.mental-synergy.at\/Mental-Synergy\/wp-content\/uploads\/2016\/08\/Sport-Portrait-Mario-Schuster-mittel-200x300.jpg"},{"@type":"BreadcrumbList","@id":"https:\/\/www.mental-synergy.at\/Mental-Synergy\/arbeitspsychologie\/trainings\/#breadcrumb","itemListElement":[{"@type":"ListItem","position":1,"name":"Startseite","item":"https:\/\/www.mental-synergy.at\/Mental-Synergy\/"},{"@type":"ListItem","position":2,"name":"Arbeitspsychologie &#038; Wirtschaftspsychologie","item":"https:\/\/www.mental-synergy.at\/Mental-Synergy\/arbeitspsychologie\/"},{"@type":"ListItem","position":3,"name":"Trainings"}]},{"@type":"WebSite","@id":"https:\/\/www.mental-synergy.at\/Mental-Synergy\/#website","url":"https:\/\/www.mental-synergy.at\/Mental-Synergy\/","name":"Mental Synergy","description":"Connecting Mental Worlds","publisher":{"@id":"https:\/\/www.mental-synergy.at\/Mental-Synergy\/#organization"},"potentialAction":[{"@type":"SearchAction","target":{"@type":"EntryPoint","urlTemplate":"https:\/\/www.mental-synergy.at\/Mental-Synergy\/?s={search_term_string}"},"query-input":{"@type":"PropertyValueSpecification","valueRequired":true,"valueName":"search_term_string"}}],"inLanguage":"de"},{"@type":"Organization","@id":"https:\/\/www.mental-synergy.at\/Mental-Synergy\/#organization","name":"Mental Synergy","url":"https:\/\/www.mental-synergy.at\/Mental-Synergy\/","logo":{"@type":"ImageObject","inLanguage":"de","@id":"https:\/\/www.mental-synergy.at\/Mental-Synergy\/#\/schema\/logo\/image\/","url":"https:\/\/www.mental-synergy.at\/Mental-Synergy\/wp-content\/uploads\/2017\/03\/MentalSynergy_Logo_Hoch-e1563041177531.png","contentUrl":"https:\/\/www.mental-synergy.at\/Mental-Synergy\/wp-content\/uploads\/2017\/03\/MentalSynergy_Logo_Hoch-e1563041177531.png","width":250,"height":343,"caption":"Mental Synergy"},"image":{"@id":"https:\/\/www.mental-synergy.at\/Mental-Synergy\/#\/schema\/logo\/image\/"},"sameAs":["https:\/\/www.facebook.com\/Mental-Synergy-1578283905805144\/","https:\/\/x.com\/SynergyMario","https:\/\/www.instagram.com\/mentalsynergy\/","https:\/\/www.linkedin.com\/in\/mario-schuster-5226b5128\/","https:\/\/www.youtube.com\/channel\/UCE0lAgKOJtv4vZ83Ov3HiIg"]}]}},"rttpg_featured_image_url":null,"rttpg_author":{"display_name":"Mario Schuster","author_link":"https:\/\/www.mental-synergy.at\/Mental-Synergy\/author\/mental-synergy\/"},"rttpg_comment":0,"rttpg_category":null,"rttpg_excerpt":"Die Mental Synergy &#8211; Trainingsserien f\u00fcr Unternehmen sind ein wichtiger Baustein f\u00fcr das systematische Training mentaler Kompetenzen Ihrer MitarbeiterInnen und F\u00fchrungskr\u00e4fte. Vor allem wenn diese hohen Arbeitsbelastungen ausgesetzt sind, sind regelm\u00e4\u00dfige Trainings im mentalen Bereich eine wichtige Voraussetzung um die","_links":{"self":[{"href":"https:\/\/www.mental-synergy.at\/Mental-Synergy\/wp-json\/wp\/v2\/pages\/33","targetHints":{"allow":["GET"]}}],"collection":[{"href":"https:\/\/www.mental-synergy.at\/Mental-Synergy\/wp-json\/wp\/v2\/pages"}],"about":[{"href":"https:\/\/www.mental-synergy.at\/Mental-Synergy\/wp-json\/wp\/v2\/types\/page"}],"author":[{"embeddable":true,"href":"https:\/\/www.mental-synergy.at\/Mental-Synergy\/wp-json\/wp\/v2\/users\/1"}],"replies":[{"embeddable":true,"href":"https:\/\/www.mental-synergy.at\/Mental-Synergy\/wp-json\/wp\/v2\/comments?post=33"}],"version-history":[{"count":0,"href":"https:\/\/www.mental-synergy.at\/Mental-Synergy\/wp-json\/wp\/v2\/pages\/33\/revisions"}],"up":[{"embeddable":true,"href":"https:\/\/www.mental-synergy.at\/Mental-Synergy\/wp-json\/wp\/v2\/pages\/14"}],"wp:attachment":[{"href":"https:\/\/www.mental-synergy.at\/Mental-Synergy\/wp-json\/wp\/v2\/media?parent=33"}],"curies":[{"name":"wp","href":"https:\/\/api.w.org\/{rel}","templated":true}]}}