{"id":305,"date":"2017-01-02T20:08:18","date_gmt":"2017-01-02T19:08:18","guid":{"rendered":"http:\/\/www.mental-synergy.at\/Mental-Synergy\/?page_id=305"},"modified":"2017-08-22T17:07:59","modified_gmt":"2017-08-22T15:07:59","slug":"workshop-mental-basics","status":"publish","type":"page","link":"https:\/\/www.mental-synergy.at\/Mental-Synergy\/workshop-mental-basics\/","title":{"rendered":"Workshop: Mental Basics"},"content":{"rendered":"<p>Dieser <strong>Eintages-Intensivkurs<\/strong> eignet sich f\u00fcr alle Interessenten von mentalen Trainingstechniken. Vor allem f\u00fcr Neulinge, welche in das Thema <strong>Mentaltraining<\/strong> &#8222;reinschnuppern&#8220; m\u00f6chten, kann ich diesen Kurs besonders empfehlen. Doch auch f\u00fcr Mentaltrainings-Erfahrene eignet sich dieser Praxiskurs besonders um die eigenen <strong>funda-mentalen F\u00e4higkeiten<\/strong> weiterzuentwickeln.<\/p>\n<p>&nbsp;<\/p>\n<p><u>Dies bringt dir der Kurs pers\u00f6nlich:<\/u><\/p>\n<ul>\n<li><span style=\"color: #004899;\">mehr <strong>Motivation<\/strong><\/span><\/li>\n<li><span style=\"color: #004899;\">mehr <strong><strong>Willenskraft<\/strong><\/strong><\/span><\/li>\n<li><span style=\"color: #004899;\">mehr <strong>Konzentration<\/strong><\/span><\/li>\n<li><span style=\"color: #004899;\">effizientere <strong>Zielsetzung<\/strong><\/span><\/li>\n<li><span style=\"color: #004899;\">erh\u00f6hte mentale <strong>Belastbarkeit<\/strong><\/span><\/li>\n<li><span style=\"color: #004899;\">mentale Vorbereitung f\u00fcr <strong>Herausforderungen<\/strong><\/span><\/li>\n<li><span style=\"color: #004899;\">mehr mentale <strong>Energie<\/strong><\/span><\/li>\n<li><span style=\"color: #004899;\">mehr <strong>Achtsamkeit<\/strong><\/span><\/li>\n<li><span style=\"color: #004899;\">mehr <strong>Klarheit<\/strong><\/span><\/li>\n<\/ul>\n<p>&nbsp;<\/p>\n<p><span style=\"text-decoration: underline;\"><em><strong><a href=\"https:\/\/www.mental-synergy.at\/Mental-Synergy\/?page_id=431\" target=\"_blank\" rel=\"noopener noreferrer\">Hier kommst du zum Anmeldeformular!<\/a><\/strong><\/em><\/span><\/p>\n<p><em><span class=\"_4n-j _3cht fsl\">(Da die Pl\u00e4tze begrenzt sind, ist eine fr\u00fchzeitige Anmeldung zum Workshop empfohlen)<\/span><\/em><\/p>\n<p><em><span class=\"_4n-j _3cht fsl\">\u00a0<\/span><\/em><\/p>\n<p><u>Dieses Erfahrungsfeld wird dir der Kurs anbieten:<\/u><\/p>\n<figure id=\"attachment_393\" aria-describedby=\"caption-attachment-393\" style=\"width: 300px\" class=\"wp-caption alignright\"><img loading=\"lazy\" decoding=\"async\" class=\"wp-image-393 size-medium\" src=\"https:\/\/www.mental-synergy.at\/Mental-Synergy\/wp-content\/uploads\/2017\/01\/Waves_2_pb-300x212.jpg\" alt=\"Bild mit Wellen\" width=\"300\" height=\"212\" srcset=\"https:\/\/www.mental-synergy.at\/Mental-Synergy\/wp-content\/uploads\/2017\/01\/Waves_2_pb-300x212.jpg 300w, https:\/\/www.mental-synergy.at\/Mental-Synergy\/wp-content\/uploads\/2017\/01\/Waves_2_pb-768x542.jpg 768w, https:\/\/www.mental-synergy.at\/Mental-Synergy\/wp-content\/uploads\/2017\/01\/Waves_2_pb-1024x723.jpg 1024w, https:\/\/www.mental-synergy.at\/Mental-Synergy\/wp-content\/uploads\/2017\/01\/Waves_2_pb.jpg 1280w\" sizes=\"auto, (max-width: 300px) 100vw, 300px\" \/><figcaption id=\"caption-attachment-393\" class=\"wp-caption-text\">Lerne deinen Geist zu beherrschen!<\/figcaption><\/figure>\n<ul>\n<li><span style=\"color: #bb9c00;\">Kennenlernen unterschiedlicher <strong>Entspannungstechniken<\/strong><\/span><\/li>\n<li><span style=\"color: #bb9c00;\">Kennenlernen einfacher <strong>Visualisierungstechniken<\/strong><\/span><\/li>\n<li><span style=\"color: #bb9c00;\">Kennenlernen herausfordernder <strong>Aktivierungstechniken<\/strong><\/span><\/li>\n<li><span style=\"color: #bb9c00;\">Kennenlernen helfender <strong>Konzentrations\u00fcbungen<\/strong><\/span><\/li>\n<li><span style=\"color: #bb9c00;\">Kennenlernen wirksamer <strong>Gedankenregulationstechniken<\/strong><\/span><\/li>\n<li><span style=\"color: #bb9c00;\">Kennenlernen seltener <strong>Emotionsregulationstechniken<\/strong><\/span><\/li>\n<li><span style=\"color: #bb9c00;\">Kennenlernen anderer <strong>Menschen<\/strong> (im Kurs)<\/span><\/li>\n<\/ul>\n<p>&nbsp;<\/p>\n<p><u>Qualit\u00e4t vor Quantit\u00e4t<\/u>:<\/p>\n<p>Da es mir pers\u00f6nlich wichtig ist euch einen pers\u00f6nlichen Einstieg in das Mentaltraining zu erm\u00f6glichen, werde ich den Kurs auf <strong>max. 8 TeilnehmerInnen<\/strong> begrenzen.<\/p>\n<p>Der Kurs &#8222;Mental Basics&#8220; hat einen Lehrumfang von 10<em> UE<\/em><\/p>\n<p>&nbsp;<\/p>\n<p><u>Get-Together<\/u><\/p>\n<p>Im Anschluss an den offiziellen Kurs lade ich euch herzlich zum freiwilligen Plausch damit sich die Kursteilnehmer noch besser austauschen und kennenlernen k\u00f6nnen. Denn Tee stelle ich gerne zur Verf\u00fcgung! \ud83d\ude42<\/p>\n<p>&nbsp;<\/p>\n<p><u>Kursbeitrag<\/u>:<\/p>\n<p><em>\u20ac 142,-(10 UE)*<\/em><\/p>\n<p>&nbsp;<\/p>\n<p><u>*Verg\u00fcnstigungsm\u00f6glichkeiten<\/u>:<\/p>\n<p>(1) <strong>Bring your friend<\/strong>: Wenn du im Rahmen deiner Anmeldung einen Freund oder eine Freundin mitbringst, erh\u00e4lt ihr beide einen Spezialpreis von nur <strong><em>\u20ac 111,-<\/em><\/strong> pro Person. \ud83d\ude42<\/p>\n<p>(2) Wenn du dich bis zum 11. April 2017 f\u00fcr den Kurs am 13. Mai anmeldest, erh\u00e4ltst du einen <strong>Fr\u00fchbucherbonus<\/strong> und zahlst nur <em>\u20ac 123,-<\/em>. \ud83d\ude42<\/p>\n<p>&nbsp;<\/p>\n<p><span style=\"text-decoration: underline;\"><em><strong><a href=\"https:\/\/www.mental-synergy.at\/Mental-Synergy\/?page_id=431\" target=\"_blank\" rel=\"noopener noreferrer\">Hier kommst du zum Anmeldeformular!<\/a><\/strong><\/em><\/span><\/p>\n<p><em><span class=\"_4n-j _3cht fsl\">(Da die Pl\u00e4tze begrenzt sind, ist eine fr\u00fchzeitige Anmeldung zum Workshop empfohlen)<br \/>\n<\/span><\/em><\/p>\n<p>&nbsp;<\/p>\n<p><u>Kursort<\/u>:<\/p>\n<p>Inner Peace<br \/>\nStumpergasse 48\/18<br \/>\n1060 Wien<\/p>\n<p>&nbsp;<\/p>\n<p><span style=\"text-decoration: underline;\">Aktuelle Termine<\/span>:<\/p>\n<figure id=\"attachment_387\" aria-describedby=\"caption-attachment-387\" style=\"width: 300px\" class=\"wp-caption alignright\"><img loading=\"lazy\" decoding=\"async\" class=\"size-medium wp-image-387\" src=\"https:\/\/www.mental-synergy.at\/Mental-Synergy\/wp-content\/uploads\/2017\/01\/Wasserfall_1_pb-300x194.jpg\" alt=\"Sch\u00f6ne Natur mit kleinem Wasserfall\" width=\"300\" height=\"194\" srcset=\"https:\/\/www.mental-synergy.at\/Mental-Synergy\/wp-content\/uploads\/2017\/01\/Wasserfall_1_pb-300x194.jpg 300w, https:\/\/www.mental-synergy.at\/Mental-Synergy\/wp-content\/uploads\/2017\/01\/Wasserfall_1_pb-768x496.jpg 768w, https:\/\/www.mental-synergy.at\/Mental-Synergy\/wp-content\/uploads\/2017\/01\/Wasserfall_1_pb-1024x662.jpg 1024w, https:\/\/www.mental-synergy.at\/Mental-Synergy\/wp-content\/uploads\/2017\/01\/Wasserfall_1_pb.jpg 1280w\" sizes=\"auto, (max-width: 300px) 100vw, 300px\" \/><figcaption id=\"caption-attachment-387\" class=\"wp-caption-text\">Wie sieht deine pers\u00f6nliche Kraftquelle aus?<\/figcaption><\/figure>\n<p><span style=\"color: #999999;\">SA, <strong>13.Mai 2017<\/strong>,\u00a010-18 Uhr (<strong>AUSGEBUCHT<\/strong>)<\/span><\/p>\n<p><span style=\"color: #999999;\">SA, <strong>27.Mai 2017<\/strong>,\u00a010-18 Uhr (<strong>AUSGEBUCHT<\/strong>)<\/span><\/p>\n<p>&nbsp;<\/p>\n<p><u>Teilnahmevoraussetzung:<\/u><\/p>\n<p>Psychische Gesundheit<\/p>\n<p>&nbsp;<\/p>\n<p><span style=\"text-decoration: underline;\">Hinweis<\/span>: <em>Falls keiner dieser Termine f\u00fcr dich passt, kannst du mich auch als deinen <a href=\"https:\/\/www.mental-synergy.at\/Mental-Synergy\/?page_id=16\">Personal Mentaltrainer<\/a> buchen. Gerne arrangiere ich auch einen exklusiven Termin f\u00fcr Firmen, private Gruppen oder Sportvereine:)<\/em><\/p>\n","protected":false},"excerpt":{"rendered":"<p>Dieser Eintages-Intensivkurs eignet sich f\u00fcr alle Interessenten von mentalen Trainingstechniken. Vor allem f\u00fcr Neulinge, welche in das Thema Mentaltraining &#8222;reinschnuppern&#8220; m\u00f6chten, kann ich diesen Kurs besonders empfehlen. Doch auch f\u00fcr Mentaltrainings-Erfahrene eignet sich dieser Praxiskurs besonders um die eigenen funda-mentalen<\/p>\n","protected":false},"author":1,"featured_media":0,"parent":0,"menu_order":0,"comment_status":"closed","ping_status":"closed","template":"","meta":{"_exactmetrics_skip_tracking":false,"_exactmetrics_sitenote_active":false,"_exactmetrics_sitenote_note":"","_exactmetrics_sitenote_category":0,"footnotes":""},"class_list":["post-305","page","type-page","status-publish","hentry","","tg-column-two"],"yoast_head":"<!-- This site is optimized with the Yoast SEO plugin v27.3 - https:\/\/yoast.com\/product\/yoast-seo-wordpress\/ -->\n<title>Workshop: Mental Basics - Mental Synergy<\/title>\n<meta name=\"robots\" content=\"index, follow, max-snippet:-1, max-image-preview:large, max-video-preview:-1\" \/>\n<link rel=\"canonical\" href=\"https:\/\/www.mental-synergy.at\/Mental-Synergy\/workshop-mental-basics\/\" \/>\n<meta property=\"og:locale\" content=\"de_DE\" \/>\n<meta property=\"og:type\" content=\"article\" \/>\n<meta property=\"og:title\" content=\"Workshop: Mental Basics - Mental Synergy\" \/>\n<meta property=\"og:description\" content=\"Dieser Eintages-Intensivkurs eignet sich f\u00fcr alle Interessenten von mentalen Trainingstechniken. Vor allem f\u00fcr Neulinge, welche in das Thema Mentaltraining &#8222;reinschnuppern&#8220; m\u00f6chten, kann ich diesen Kurs besonders empfehlen. Doch auch f\u00fcr Mentaltrainings-Erfahrene eignet sich dieser Praxiskurs besonders um die eigenen funda-mentalen\" \/>\n<meta property=\"og:url\" content=\"https:\/\/www.mental-synergy.at\/Mental-Synergy\/workshop-mental-basics\/\" \/>\n<meta property=\"og:site_name\" content=\"Mental Synergy\" \/>\n<meta property=\"article:publisher\" content=\"https:\/\/www.facebook.com\/Mental-Synergy-1578283905805144\/\" \/>\n<meta property=\"article:modified_time\" content=\"2017-08-22T15:07:59+00:00\" \/>\n<meta property=\"og:image\" content=\"http:\/\/www.mental-synergy.at\/Mental-Synergy\/wp-content\/uploads\/2017\/01\/Waves_2_pb-300x212.jpg\" \/>\n<meta name=\"twitter:card\" content=\"summary_large_image\" \/>\n<meta name=\"twitter:site\" content=\"@SynergyMario\" \/>\n<meta name=\"twitter:label1\" content=\"Gesch\u00e4tzte Lesezeit\" \/>\n\t<meta name=\"twitter:data1\" content=\"2\u00a0Minuten\" \/>\n<script type=\"application\/ld+json\" class=\"yoast-schema-graph\">{\"@context\":\"https:\\\/\\\/schema.org\",\"@graph\":[{\"@type\":\"WebPage\",\"@id\":\"https:\\\/\\\/www.mental-synergy.at\\\/Mental-Synergy\\\/workshop-mental-basics\\\/\",\"url\":\"https:\\\/\\\/www.mental-synergy.at\\\/Mental-Synergy\\\/workshop-mental-basics\\\/\",\"name\":\"Workshop: Mental Basics - Mental Synergy\",\"isPartOf\":{\"@id\":\"https:\\\/\\\/www.mental-synergy.at\\\/Mental-Synergy\\\/#website\"},\"primaryImageOfPage\":{\"@id\":\"https:\\\/\\\/www.mental-synergy.at\\\/Mental-Synergy\\\/workshop-mental-basics\\\/#primaryimage\"},\"image\":{\"@id\":\"https:\\\/\\\/www.mental-synergy.at\\\/Mental-Synergy\\\/workshop-mental-basics\\\/#primaryimage\"},\"thumbnailUrl\":\"http:\\\/\\\/www.mental-synergy.at\\\/Mental-Synergy\\\/wp-content\\\/uploads\\\/2017\\\/01\\\/Waves_2_pb-300x212.jpg\",\"datePublished\":\"2017-01-02T19:08:18+00:00\",\"dateModified\":\"2017-08-22T15:07:59+00:00\",\"breadcrumb\":{\"@id\":\"https:\\\/\\\/www.mental-synergy.at\\\/Mental-Synergy\\\/workshop-mental-basics\\\/#breadcrumb\"},\"inLanguage\":\"de\",\"potentialAction\":[{\"@type\":\"ReadAction\",\"target\":[\"https:\\\/\\\/www.mental-synergy.at\\\/Mental-Synergy\\\/workshop-mental-basics\\\/\"]}]},{\"@type\":\"ImageObject\",\"inLanguage\":\"de\",\"@id\":\"https:\\\/\\\/www.mental-synergy.at\\\/Mental-Synergy\\\/workshop-mental-basics\\\/#primaryimage\",\"url\":\"http:\\\/\\\/www.mental-synergy.at\\\/Mental-Synergy\\\/wp-content\\\/uploads\\\/2017\\\/01\\\/Waves_2_pb-300x212.jpg\",\"contentUrl\":\"http:\\\/\\\/www.mental-synergy.at\\\/Mental-Synergy\\\/wp-content\\\/uploads\\\/2017\\\/01\\\/Waves_2_pb-300x212.jpg\"},{\"@type\":\"BreadcrumbList\",\"@id\":\"https:\\\/\\\/www.mental-synergy.at\\\/Mental-Synergy\\\/workshop-mental-basics\\\/#breadcrumb\",\"itemListElement\":[{\"@type\":\"ListItem\",\"position\":1,\"name\":\"Startseite\",\"item\":\"https:\\\/\\\/www.mental-synergy.at\\\/Mental-Synergy\\\/\"},{\"@type\":\"ListItem\",\"position\":2,\"name\":\"Workshop: Mental Basics\"}]},{\"@type\":\"WebSite\",\"@id\":\"https:\\\/\\\/www.mental-synergy.at\\\/Mental-Synergy\\\/#website\",\"url\":\"https:\\\/\\\/www.mental-synergy.at\\\/Mental-Synergy\\\/\",\"name\":\"Mental Synergy\",\"description\":\"Connecting Mental Worlds\",\"publisher\":{\"@id\":\"https:\\\/\\\/www.mental-synergy.at\\\/Mental-Synergy\\\/#organization\"},\"potentialAction\":[{\"@type\":\"SearchAction\",\"target\":{\"@type\":\"EntryPoint\",\"urlTemplate\":\"https:\\\/\\\/www.mental-synergy.at\\\/Mental-Synergy\\\/?s={search_term_string}\"},\"query-input\":{\"@type\":\"PropertyValueSpecification\",\"valueRequired\":true,\"valueName\":\"search_term_string\"}}],\"inLanguage\":\"de\"},{\"@type\":\"Organization\",\"@id\":\"https:\\\/\\\/www.mental-synergy.at\\\/Mental-Synergy\\\/#organization\",\"name\":\"Mental Synergy\",\"url\":\"https:\\\/\\\/www.mental-synergy.at\\\/Mental-Synergy\\\/\",\"logo\":{\"@type\":\"ImageObject\",\"inLanguage\":\"de\",\"@id\":\"https:\\\/\\\/www.mental-synergy.at\\\/Mental-Synergy\\\/#\\\/schema\\\/logo\\\/image\\\/\",\"url\":\"https:\\\/\\\/www.mental-synergy.at\\\/Mental-Synergy\\\/wp-content\\\/uploads\\\/2017\\\/03\\\/MentalSynergy_Logo_Hoch-e1563041177531.png\",\"contentUrl\":\"https:\\\/\\\/www.mental-synergy.at\\\/Mental-Synergy\\\/wp-content\\\/uploads\\\/2017\\\/03\\\/MentalSynergy_Logo_Hoch-e1563041177531.png\",\"width\":250,\"height\":343,\"caption\":\"Mental Synergy\"},\"image\":{\"@id\":\"https:\\\/\\\/www.mental-synergy.at\\\/Mental-Synergy\\\/#\\\/schema\\\/logo\\\/image\\\/\"},\"sameAs\":[\"https:\\\/\\\/www.facebook.com\\\/Mental-Synergy-1578283905805144\\\/\",\"https:\\\/\\\/x.com\\\/SynergyMario\",\"https:\\\/\\\/www.instagram.com\\\/mentalsynergy\\\/\",\"https:\\\/\\\/www.linkedin.com\\\/in\\\/mario-schuster-5226b5128\\\/\",\"https:\\\/\\\/www.youtube.com\\\/channel\\\/UCE0lAgKOJtv4vZ83Ov3HiIg\"]}]}<\/script>\n<!-- \/ Yoast SEO plugin. -->","yoast_head_json":{"title":"Workshop: Mental Basics - Mental Synergy","robots":{"index":"index","follow":"follow","max-snippet":"max-snippet:-1","max-image-preview":"max-image-preview:large","max-video-preview":"max-video-preview:-1"},"canonical":"https:\/\/www.mental-synergy.at\/Mental-Synergy\/workshop-mental-basics\/","og_locale":"de_DE","og_type":"article","og_title":"Workshop: Mental Basics - Mental Synergy","og_description":"Dieser Eintages-Intensivkurs eignet sich f\u00fcr alle Interessenten von mentalen Trainingstechniken. Vor allem f\u00fcr Neulinge, welche in das Thema Mentaltraining &#8222;reinschnuppern&#8220; m\u00f6chten, kann ich diesen Kurs besonders empfehlen. Doch auch f\u00fcr Mentaltrainings-Erfahrene eignet sich dieser Praxiskurs besonders um die eigenen funda-mentalen","og_url":"https:\/\/www.mental-synergy.at\/Mental-Synergy\/workshop-mental-basics\/","og_site_name":"Mental Synergy","article_publisher":"https:\/\/www.facebook.com\/Mental-Synergy-1578283905805144\/","article_modified_time":"2017-08-22T15:07:59+00:00","og_image":[{"url":"http:\/\/www.mental-synergy.at\/Mental-Synergy\/wp-content\/uploads\/2017\/01\/Waves_2_pb-300x212.jpg","type":"","width":"","height":""}],"twitter_card":"summary_large_image","twitter_site":"@SynergyMario","twitter_misc":{"Gesch\u00e4tzte Lesezeit":"2\u00a0Minuten"},"schema":{"@context":"https:\/\/schema.org","@graph":[{"@type":"WebPage","@id":"https:\/\/www.mental-synergy.at\/Mental-Synergy\/workshop-mental-basics\/","url":"https:\/\/www.mental-synergy.at\/Mental-Synergy\/workshop-mental-basics\/","name":"Workshop: Mental Basics - Mental Synergy","isPartOf":{"@id":"https:\/\/www.mental-synergy.at\/Mental-Synergy\/#website"},"primaryImageOfPage":{"@id":"https:\/\/www.mental-synergy.at\/Mental-Synergy\/workshop-mental-basics\/#primaryimage"},"image":{"@id":"https:\/\/www.mental-synergy.at\/Mental-Synergy\/workshop-mental-basics\/#primaryimage"},"thumbnailUrl":"http:\/\/www.mental-synergy.at\/Mental-Synergy\/wp-content\/uploads\/2017\/01\/Waves_2_pb-300x212.jpg","datePublished":"2017-01-02T19:08:18+00:00","dateModified":"2017-08-22T15:07:59+00:00","breadcrumb":{"@id":"https:\/\/www.mental-synergy.at\/Mental-Synergy\/workshop-mental-basics\/#breadcrumb"},"inLanguage":"de","potentialAction":[{"@type":"ReadAction","target":["https:\/\/www.mental-synergy.at\/Mental-Synergy\/workshop-mental-basics\/"]}]},{"@type":"ImageObject","inLanguage":"de","@id":"https:\/\/www.mental-synergy.at\/Mental-Synergy\/workshop-mental-basics\/#primaryimage","url":"http:\/\/www.mental-synergy.at\/Mental-Synergy\/wp-content\/uploads\/2017\/01\/Waves_2_pb-300x212.jpg","contentUrl":"http:\/\/www.mental-synergy.at\/Mental-Synergy\/wp-content\/uploads\/2017\/01\/Waves_2_pb-300x212.jpg"},{"@type":"BreadcrumbList","@id":"https:\/\/www.mental-synergy.at\/Mental-Synergy\/workshop-mental-basics\/#breadcrumb","itemListElement":[{"@type":"ListItem","position":1,"name":"Startseite","item":"https:\/\/www.mental-synergy.at\/Mental-Synergy\/"},{"@type":"ListItem","position":2,"name":"Workshop: Mental Basics"}]},{"@type":"WebSite","@id":"https:\/\/www.mental-synergy.at\/Mental-Synergy\/#website","url":"https:\/\/www.mental-synergy.at\/Mental-Synergy\/","name":"Mental Synergy","description":"Connecting Mental Worlds","publisher":{"@id":"https:\/\/www.mental-synergy.at\/Mental-Synergy\/#organization"},"potentialAction":[{"@type":"SearchAction","target":{"@type":"EntryPoint","urlTemplate":"https:\/\/www.mental-synergy.at\/Mental-Synergy\/?s={search_term_string}"},"query-input":{"@type":"PropertyValueSpecification","valueRequired":true,"valueName":"search_term_string"}}],"inLanguage":"de"},{"@type":"Organization","@id":"https:\/\/www.mental-synergy.at\/Mental-Synergy\/#organization","name":"Mental Synergy","url":"https:\/\/www.mental-synergy.at\/Mental-Synergy\/","logo":{"@type":"ImageObject","inLanguage":"de","@id":"https:\/\/www.mental-synergy.at\/Mental-Synergy\/#\/schema\/logo\/image\/","url":"https:\/\/www.mental-synergy.at\/Mental-Synergy\/wp-content\/uploads\/2017\/03\/MentalSynergy_Logo_Hoch-e1563041177531.png","contentUrl":"https:\/\/www.mental-synergy.at\/Mental-Synergy\/wp-content\/uploads\/2017\/03\/MentalSynergy_Logo_Hoch-e1563041177531.png","width":250,"height":343,"caption":"Mental Synergy"},"image":{"@id":"https:\/\/www.mental-synergy.at\/Mental-Synergy\/#\/schema\/logo\/image\/"},"sameAs":["https:\/\/www.facebook.com\/Mental-Synergy-1578283905805144\/","https:\/\/x.com\/SynergyMario","https:\/\/www.instagram.com\/mentalsynergy\/","https:\/\/www.linkedin.com\/in\/mario-schuster-5226b5128\/","https:\/\/www.youtube.com\/channel\/UCE0lAgKOJtv4vZ83Ov3HiIg"]}]}},"rttpg_featured_image_url":null,"rttpg_author":{"display_name":"Mario Schuster","author_link":"https:\/\/www.mental-synergy.at\/Mental-Synergy\/author\/mental-synergy\/"},"rttpg_comment":0,"rttpg_category":null,"rttpg_excerpt":"Dieser Eintages-Intensivkurs eignet sich f\u00fcr alle Interessenten von mentalen Trainingstechniken. Vor allem f\u00fcr Neulinge, welche in das Thema Mentaltraining &#8222;reinschnuppern&#8220; m\u00f6chten, kann ich diesen Kurs besonders empfehlen. Doch auch f\u00fcr Mentaltrainings-Erfahrene eignet sich dieser Praxiskurs besonders um die eigenen funda-mentalen","_links":{"self":[{"href":"https:\/\/www.mental-synergy.at\/Mental-Synergy\/wp-json\/wp\/v2\/pages\/305","targetHints":{"allow":["GET"]}}],"collection":[{"href":"https:\/\/www.mental-synergy.at\/Mental-Synergy\/wp-json\/wp\/v2\/pages"}],"about":[{"href":"https:\/\/www.mental-synergy.at\/Mental-Synergy\/wp-json\/wp\/v2\/types\/page"}],"author":[{"embeddable":true,"href":"https:\/\/www.mental-synergy.at\/Mental-Synergy\/wp-json\/wp\/v2\/users\/1"}],"replies":[{"embeddable":true,"href":"https:\/\/www.mental-synergy.at\/Mental-Synergy\/wp-json\/wp\/v2\/comments?post=305"}],"version-history":[{"count":0,"href":"https:\/\/www.mental-synergy.at\/Mental-Synergy\/wp-json\/wp\/v2\/pages\/305\/revisions"}],"wp:attachment":[{"href":"https:\/\/www.mental-synergy.at\/Mental-Synergy\/wp-json\/wp\/v2\/media?parent=305"}],"curies":[{"name":"wp","href":"https:\/\/api.w.org\/{rel}","templated":true}]}}