{"id":1803,"date":"2025-01-06T18:48:40","date_gmt":"2025-01-06T17:48:40","guid":{"rendered":"https:\/\/www.mental-synergy.at\/Mental-Synergy\/?page_id=1803"},"modified":"2026-03-06T12:27:14","modified_gmt":"2026-03-06T11:27:14","slug":"coaching","status":"publish","type":"page","link":"https:\/\/www.mental-synergy.at\/Mental-Synergy\/coaching\/","title":{"rendered":"Coaching"},"content":{"rendered":"\n<p>Seit 2014 coache und berate ich Sportler:innen, Trainer:innen, F\u00fchrungskr\u00e4fte und Privatpersonen in <a href=\"https:\/\/www.mental-synergy.at\/Mental-Synergy\/sportpsychologie\/einzel-mentalcoaching\/\">Performance- und Gesundheitsfragen<\/a>, in deren Pers\u00f6nlichkeitsentwicklung, bei der Bew\u00e4ltigung belastender Phasen und Konflikte sowie der Entscheidungsfindung in schwierigen Situationen (z.B. Karrierefragen). Beim Coaching geht es nicht um die Diagnose und Behandlung psychischer Erkrankungen, sondern um die gezielte Verbesserung der beruflichen und privaten Lebensqualit\u00e4t. Die Fragestellungen k\u00f6nnen dahingehend sehr individuell sein und reichen von der pr\u00e4ventiven Psychohygiene hin zu kritischen Lebensphasen wie Karriere\u00fcberg\u00e4ngen. Coaching ist vor allem dann eine hilfreiche Unterst\u00fctzung, wenn Sie das Gef\u00fchl haben den Wald vor lauter B\u00e4umen nicht mehr zu sehen oder sich einfach als Pers\u00f6nlichkeit weiterentwickeln wollen. Einfach weil Sie das Beste aus Ihrem Leben machen wollen!<\/p>\n\n\n\n<figure class=\"wp-block-image size-large is-style-default\"><img decoding=\"async\" src=\"https:\/\/www.mental-synergy.at\/Mental-Synergy\/wp-content\/uploads\/2025\/01\/Mario-Schuster-hoert-zu-bei-Coaching-und-Beratung-683x1024.jpg\" alt=\"Mario Schuster h\u00f6rt beim Coaching gut zu\" class=\"wp-image-1804\"\/><\/figure>\n\n\n\n<h2 class=\"wp-block-heading\">Meine bevorzugten Coaching-Methoden<\/h2>\n\n\n\n<ul class=\"wp-block-list\">\n<li>Allgemeine psychologische Gespr\u00e4chsf\u00fchrungstechniken<\/li>\n\n\n\n<li>Training mentaler Techniken<\/li>\n\n\n\n<li>Systemisches Coaching, insbesondere L\u00f6sungsorientierte Beratung (n. Steve de Shazer)<\/li>\n\n\n\n<li>Hypnosystemische Interventionen und Ego-State-Coaching<\/li>\n\n\n\n<li>Psychoedukation<\/li>\n\n\n\n<li>Biofeedback-Coaching<\/li>\n<\/ul>\n\n\n\n<h2 class=\"wp-block-heading\">Coaching-Schwerpunkte<\/h2>\n\n\n\n<ul class=\"wp-block-list\">\n<li>Burnout-Pr\u00e4vention<\/li>\n\n\n\n<li>Belastungsmanagement und Stressbew\u00e4ltigung<\/li>\n\n\n\n<li>Umgang mit Verletzungen und Implantaten<\/li>\n\n\n\n<li>Konflikte und Beziehungsmanagement<\/li>\n\n\n\n<li>Pers\u00f6nlichkeitsentwicklung (ego-state-development)<\/li>\n\n\n\n<li>St\u00e4rkung mentaler Kompetenzen und Resilienz<\/li>\n\n\n\n<li>Umgang mit schwierigen Entscheidungen<\/li>\n\n\n\n<li>Karriereende- und \u00fcberg\u00e4nge<\/li>\n\n\n\n<li>Meine Mission: Umgang mit Klimawandel und Karriereplanung<\/li>\n\n\n\n<li>Psychohygiene und Klarheit schaffen<\/li>\n<\/ul>\n\n\n\n<h2 class=\"wp-block-heading\">Setting<\/h2>\n\n\n\n<ul>\n<li>Pr\u00e4senz<\/li>\n<li>Online-Coaching (z.B. via MS Teams)<\/li>\n<\/ul>\n\n\n\n<h2 class=\"wp-block-heading\">Rahmenbedingungen<\/h2>\n\n\n\n<p>Die Kosten f\u00fcr eine Coachingeinheit belaufen sich aktuell auf \u20ac 120,- pro EH (\u00e1 55min). Das Erstgespr\u00e4ch dauert in der Regel 60 &#8211; 90 Minuten und wird ingesamt mit einer EH verrechnet.<\/p>\n","protected":false},"excerpt":{"rendered":"<p>Seit 2014 coache und berate ich Sportler:innen, Trainer:innen, F\u00fchrungskr\u00e4fte und Privatpersonen in Performance- und Gesundheitsfragen, in deren Pers\u00f6nlichkeitsentwicklung, bei der Bew\u00e4ltigung belastender Phasen und Konflikte sowie der Entscheidungsfindung in schwierigen Situationen (z.B. Karrierefragen). Beim Coaching geht es nicht um die<\/p>\n","protected":false},"author":1,"featured_media":1804,"parent":0,"menu_order":0,"comment_status":"closed","ping_status":"closed","template":"","meta":{"_exactmetrics_skip_tracking":false,"_exactmetrics_sitenote_active":false,"_exactmetrics_sitenote_note":"","_exactmetrics_sitenote_category":0,"footnotes":""},"class_list":["post-1803","page","type-page","status-publish","has-post-thumbnail","hentry","","tg-column-two"],"yoast_head":"<!-- This site is optimized with the Yoast SEO plugin v27.3 - https:\/\/yoast.com\/product\/yoast-seo-wordpress\/ -->\n<title>Coaching<\/title>\n<meta name=\"robots\" content=\"index, follow, max-snippet:-1, max-image-preview:large, max-video-preview:-1\" \/>\n<link rel=\"canonical\" href=\"https:\/\/www.mental-synergy.at\/Mental-Synergy\/coaching\/\" \/>\n<meta property=\"og:locale\" content=\"de_DE\" \/>\n<meta property=\"og:type\" content=\"article\" \/>\n<meta property=\"og:title\" content=\"Coaching\" \/>\n<meta property=\"og:description\" content=\"Seit 2014 coache und berate ich Sportler:innen, Trainer:innen, F\u00fchrungskr\u00e4fte und Privatpersonen in Performance- und Gesundheitsfragen, in deren Pers\u00f6nlichkeitsentwicklung, bei der Bew\u00e4ltigung belastender Phasen und Konflikte sowie der Entscheidungsfindung in schwierigen Situationen (z.B. Karrierefragen). Beim Coaching geht es nicht um die\" \/>\n<meta property=\"og:url\" content=\"https:\/\/www.mental-synergy.at\/Mental-Synergy\/coaching\/\" \/>\n<meta property=\"og:site_name\" content=\"Mental Synergy\" \/>\n<meta property=\"article:publisher\" content=\"https:\/\/www.facebook.com\/Mental-Synergy-1578283905805144\/\" \/>\n<meta property=\"article:modified_time\" content=\"2026-03-06T11:27:14+00:00\" \/>\n<meta property=\"og:image\" content=\"https:\/\/www.mental-synergy.at\/Mental-Synergy\/wp-content\/uploads\/2025\/01\/Mario-Schuster-hoert-zu-bei-Coaching-und-Beratung-scaled-e1736185809645.jpg\" \/>\n\t<meta property=\"og:image:width\" content=\"1707\" \/>\n\t<meta property=\"og:image:height\" content=\"1707\" \/>\n\t<meta property=\"og:image:type\" content=\"image\/jpeg\" \/>\n<meta name=\"twitter:card\" content=\"summary_large_image\" \/>\n<meta name=\"twitter:site\" content=\"@SynergyMario\" \/>\n<meta name=\"twitter:label1\" content=\"Gesch\u00e4tzte Lesezeit\" \/>\n\t<meta name=\"twitter:data1\" content=\"2\u00a0Minuten\" \/>\n<script type=\"application\/ld+json\" class=\"yoast-schema-graph\">{\"@context\":\"https:\\\/\\\/schema.org\",\"@graph\":[{\"@type\":\"WebPage\",\"@id\":\"https:\\\/\\\/www.mental-synergy.at\\\/Mental-Synergy\\\/coaching\\\/\",\"url\":\"https:\\\/\\\/www.mental-synergy.at\\\/Mental-Synergy\\\/coaching\\\/\",\"name\":\"Coaching\",\"isPartOf\":{\"@id\":\"https:\\\/\\\/www.mental-synergy.at\\\/Mental-Synergy\\\/#website\"},\"primaryImageOfPage\":{\"@id\":\"https:\\\/\\\/www.mental-synergy.at\\\/Mental-Synergy\\\/coaching\\\/#primaryimage\"},\"image\":{\"@id\":\"https:\\\/\\\/www.mental-synergy.at\\\/Mental-Synergy\\\/coaching\\\/#primaryimage\"},\"thumbnailUrl\":\"https:\\\/\\\/www.mental-synergy.at\\\/Mental-Synergy\\\/wp-content\\\/uploads\\\/2025\\\/01\\\/Mario-Schuster-hoert-zu-bei-Coaching-und-Beratung-scaled-e1736185809645.jpg\",\"datePublished\":\"2025-01-06T17:48:40+00:00\",\"dateModified\":\"2026-03-06T11:27:14+00:00\",\"breadcrumb\":{\"@id\":\"https:\\\/\\\/www.mental-synergy.at\\\/Mental-Synergy\\\/coaching\\\/#breadcrumb\"},\"inLanguage\":\"de\",\"potentialAction\":[{\"@type\":\"ReadAction\",\"target\":[\"https:\\\/\\\/www.mental-synergy.at\\\/Mental-Synergy\\\/coaching\\\/\"]}]},{\"@type\":\"ImageObject\",\"inLanguage\":\"de\",\"@id\":\"https:\\\/\\\/www.mental-synergy.at\\\/Mental-Synergy\\\/coaching\\\/#primaryimage\",\"url\":\"https:\\\/\\\/www.mental-synergy.at\\\/Mental-Synergy\\\/wp-content\\\/uploads\\\/2025\\\/01\\\/Mario-Schuster-hoert-zu-bei-Coaching-und-Beratung-scaled-e1736185809645.jpg\",\"contentUrl\":\"https:\\\/\\\/www.mental-synergy.at\\\/Mental-Synergy\\\/wp-content\\\/uploads\\\/2025\\\/01\\\/Mario-Schuster-hoert-zu-bei-Coaching-und-Beratung-scaled-e1736185809645.jpg\",\"width\":1707,\"height\":1707,\"caption\":\"Mario Schuster h\u00f6rt beim Coaching gut zu\"},{\"@type\":\"BreadcrumbList\",\"@id\":\"https:\\\/\\\/www.mental-synergy.at\\\/Mental-Synergy\\\/coaching\\\/#breadcrumb\",\"itemListElement\":[{\"@type\":\"ListItem\",\"position\":1,\"name\":\"Startseite\",\"item\":\"https:\\\/\\\/www.mental-synergy.at\\\/Mental-Synergy\\\/\"},{\"@type\":\"ListItem\",\"position\":2,\"name\":\"Coaching\"}]},{\"@type\":\"WebSite\",\"@id\":\"https:\\\/\\\/www.mental-synergy.at\\\/Mental-Synergy\\\/#website\",\"url\":\"https:\\\/\\\/www.mental-synergy.at\\\/Mental-Synergy\\\/\",\"name\":\"Mental Synergy\",\"description\":\"Connecting Mental Worlds\",\"publisher\":{\"@id\":\"https:\\\/\\\/www.mental-synergy.at\\\/Mental-Synergy\\\/#organization\"},\"potentialAction\":[{\"@type\":\"SearchAction\",\"target\":{\"@type\":\"EntryPoint\",\"urlTemplate\":\"https:\\\/\\\/www.mental-synergy.at\\\/Mental-Synergy\\\/?s={search_term_string}\"},\"query-input\":{\"@type\":\"PropertyValueSpecification\",\"valueRequired\":true,\"valueName\":\"search_term_string\"}}],\"inLanguage\":\"de\"},{\"@type\":\"Organization\",\"@id\":\"https:\\\/\\\/www.mental-synergy.at\\\/Mental-Synergy\\\/#organization\",\"name\":\"Mental Synergy\",\"url\":\"https:\\\/\\\/www.mental-synergy.at\\\/Mental-Synergy\\\/\",\"logo\":{\"@type\":\"ImageObject\",\"inLanguage\":\"de\",\"@id\":\"https:\\\/\\\/www.mental-synergy.at\\\/Mental-Synergy\\\/#\\\/schema\\\/logo\\\/image\\\/\",\"url\":\"https:\\\/\\\/www.mental-synergy.at\\\/Mental-Synergy\\\/wp-content\\\/uploads\\\/2017\\\/03\\\/MentalSynergy_Logo_Hoch-e1563041177531.png\",\"contentUrl\":\"https:\\\/\\\/www.mental-synergy.at\\\/Mental-Synergy\\\/wp-content\\\/uploads\\\/2017\\\/03\\\/MentalSynergy_Logo_Hoch-e1563041177531.png\",\"width\":250,\"height\":343,\"caption\":\"Mental Synergy\"},\"image\":{\"@id\":\"https:\\\/\\\/www.mental-synergy.at\\\/Mental-Synergy\\\/#\\\/schema\\\/logo\\\/image\\\/\"},\"sameAs\":[\"https:\\\/\\\/www.facebook.com\\\/Mental-Synergy-1578283905805144\\\/\",\"https:\\\/\\\/x.com\\\/SynergyMario\",\"https:\\\/\\\/www.instagram.com\\\/mentalsynergy\\\/\",\"https:\\\/\\\/www.linkedin.com\\\/in\\\/mario-schuster-5226b5128\\\/\",\"https:\\\/\\\/www.youtube.com\\\/channel\\\/UCE0lAgKOJtv4vZ83Ov3HiIg\"]}]}<\/script>\n<!-- \/ Yoast SEO plugin. -->","yoast_head_json":{"title":"Coaching","robots":{"index":"index","follow":"follow","max-snippet":"max-snippet:-1","max-image-preview":"max-image-preview:large","max-video-preview":"max-video-preview:-1"},"canonical":"https:\/\/www.mental-synergy.at\/Mental-Synergy\/coaching\/","og_locale":"de_DE","og_type":"article","og_title":"Coaching","og_description":"Seit 2014 coache und berate ich Sportler:innen, Trainer:innen, F\u00fchrungskr\u00e4fte und Privatpersonen in Performance- und Gesundheitsfragen, in deren Pers\u00f6nlichkeitsentwicklung, bei der Bew\u00e4ltigung belastender Phasen und Konflikte sowie der Entscheidungsfindung in schwierigen Situationen (z.B. Karrierefragen). Beim Coaching geht es nicht um die","og_url":"https:\/\/www.mental-synergy.at\/Mental-Synergy\/coaching\/","og_site_name":"Mental Synergy","article_publisher":"https:\/\/www.facebook.com\/Mental-Synergy-1578283905805144\/","article_modified_time":"2026-03-06T11:27:14+00:00","og_image":[{"width":1707,"height":1707,"url":"https:\/\/www.mental-synergy.at\/Mental-Synergy\/wp-content\/uploads\/2025\/01\/Mario-Schuster-hoert-zu-bei-Coaching-und-Beratung-scaled-e1736185809645.jpg","type":"image\/jpeg"}],"twitter_card":"summary_large_image","twitter_site":"@SynergyMario","twitter_misc":{"Gesch\u00e4tzte Lesezeit":"2\u00a0Minuten"},"schema":{"@context":"https:\/\/schema.org","@graph":[{"@type":"WebPage","@id":"https:\/\/www.mental-synergy.at\/Mental-Synergy\/coaching\/","url":"https:\/\/www.mental-synergy.at\/Mental-Synergy\/coaching\/","name":"Coaching","isPartOf":{"@id":"https:\/\/www.mental-synergy.at\/Mental-Synergy\/#website"},"primaryImageOfPage":{"@id":"https:\/\/www.mental-synergy.at\/Mental-Synergy\/coaching\/#primaryimage"},"image":{"@id":"https:\/\/www.mental-synergy.at\/Mental-Synergy\/coaching\/#primaryimage"},"thumbnailUrl":"https:\/\/www.mental-synergy.at\/Mental-Synergy\/wp-content\/uploads\/2025\/01\/Mario-Schuster-hoert-zu-bei-Coaching-und-Beratung-scaled-e1736185809645.jpg","datePublished":"2025-01-06T17:48:40+00:00","dateModified":"2026-03-06T11:27:14+00:00","breadcrumb":{"@id":"https:\/\/www.mental-synergy.at\/Mental-Synergy\/coaching\/#breadcrumb"},"inLanguage":"de","potentialAction":[{"@type":"ReadAction","target":["https:\/\/www.mental-synergy.at\/Mental-Synergy\/coaching\/"]}]},{"@type":"ImageObject","inLanguage":"de","@id":"https:\/\/www.mental-synergy.at\/Mental-Synergy\/coaching\/#primaryimage","url":"https:\/\/www.mental-synergy.at\/Mental-Synergy\/wp-content\/uploads\/2025\/01\/Mario-Schuster-hoert-zu-bei-Coaching-und-Beratung-scaled-e1736185809645.jpg","contentUrl":"https:\/\/www.mental-synergy.at\/Mental-Synergy\/wp-content\/uploads\/2025\/01\/Mario-Schuster-hoert-zu-bei-Coaching-und-Beratung-scaled-e1736185809645.jpg","width":1707,"height":1707,"caption":"Mario Schuster h\u00f6rt beim Coaching gut zu"},{"@type":"BreadcrumbList","@id":"https:\/\/www.mental-synergy.at\/Mental-Synergy\/coaching\/#breadcrumb","itemListElement":[{"@type":"ListItem","position":1,"name":"Startseite","item":"https:\/\/www.mental-synergy.at\/Mental-Synergy\/"},{"@type":"ListItem","position":2,"name":"Coaching"}]},{"@type":"WebSite","@id":"https:\/\/www.mental-synergy.at\/Mental-Synergy\/#website","url":"https:\/\/www.mental-synergy.at\/Mental-Synergy\/","name":"Mental Synergy","description":"Connecting Mental Worlds","publisher":{"@id":"https:\/\/www.mental-synergy.at\/Mental-Synergy\/#organization"},"potentialAction":[{"@type":"SearchAction","target":{"@type":"EntryPoint","urlTemplate":"https:\/\/www.mental-synergy.at\/Mental-Synergy\/?s={search_term_string}"},"query-input":{"@type":"PropertyValueSpecification","valueRequired":true,"valueName":"search_term_string"}}],"inLanguage":"de"},{"@type":"Organization","@id":"https:\/\/www.mental-synergy.at\/Mental-Synergy\/#organization","name":"Mental Synergy","url":"https:\/\/www.mental-synergy.at\/Mental-Synergy\/","logo":{"@type":"ImageObject","inLanguage":"de","@id":"https:\/\/www.mental-synergy.at\/Mental-Synergy\/#\/schema\/logo\/image\/","url":"https:\/\/www.mental-synergy.at\/Mental-Synergy\/wp-content\/uploads\/2017\/03\/MentalSynergy_Logo_Hoch-e1563041177531.png","contentUrl":"https:\/\/www.mental-synergy.at\/Mental-Synergy\/wp-content\/uploads\/2017\/03\/MentalSynergy_Logo_Hoch-e1563041177531.png","width":250,"height":343,"caption":"Mental Synergy"},"image":{"@id":"https:\/\/www.mental-synergy.at\/Mental-Synergy\/#\/schema\/logo\/image\/"},"sameAs":["https:\/\/www.facebook.com\/Mental-Synergy-1578283905805144\/","https:\/\/x.com\/SynergyMario","https:\/\/www.instagram.com\/mentalsynergy\/","https:\/\/www.linkedin.com\/in\/mario-schuster-5226b5128\/","https:\/\/www.youtube.com\/channel\/UCE0lAgKOJtv4vZ83Ov3HiIg"]}]}},"rttpg_featured_image_url":{"full":["https:\/\/www.mental-synergy.at\/Mental-Synergy\/wp-content\/uploads\/2025\/01\/Mario-Schuster-hoert-zu-bei-Coaching-und-Beratung-scaled-e1736185809645.jpg",1707,1707,false],"landscape":["https:\/\/www.mental-synergy.at\/Mental-Synergy\/wp-content\/uploads\/2025\/01\/Mario-Schuster-hoert-zu-bei-Coaching-und-Beratung-scaled-e1736185809645.jpg",1707,1707,false],"portraits":["https:\/\/www.mental-synergy.at\/Mental-Synergy\/wp-content\/uploads\/2025\/01\/Mario-Schuster-hoert-zu-bei-Coaching-und-Beratung-scaled-e1736185809645.jpg",1707,1707,false],"thumbnail":["https:\/\/www.mental-synergy.at\/Mental-Synergy\/wp-content\/uploads\/2025\/01\/Mario-Schuster-hoert-zu-bei-Coaching-und-Beratung-scaled-e1736185809645-150x150.jpg",150,150,true],"medium":["https:\/\/www.mental-synergy.at\/Mental-Synergy\/wp-content\/uploads\/2025\/01\/Mario-Schuster-hoert-zu-bei-Coaching-und-Beratung-scaled-e1736185809645-300x300.jpg",300,300,true],"large":["https:\/\/www.mental-synergy.at\/Mental-Synergy\/wp-content\/uploads\/2025\/01\/Mario-Schuster-hoert-zu-bei-Coaching-und-Beratung-scaled-e1736185809645-1024x1024.jpg",720,720,true],"1536x1536":["https:\/\/www.mental-synergy.at\/Mental-Synergy\/wp-content\/uploads\/2025\/01\/Mario-Schuster-hoert-zu-bei-Coaching-und-Beratung-scaled-e1736185809645-1536x1536.jpg",1536,1536,true],"2048x2048":["https:\/\/www.mental-synergy.at\/Mental-Synergy\/wp-content\/uploads\/2025\/01\/Mario-Schuster-hoert-zu-bei-Coaching-und-Beratung-1365x2048.jpg",1365,2048,true],"cosmic-thumbnail-50xAUTO":["https:\/\/www.mental-synergy.at\/Mental-Synergy\/wp-content\/uploads\/2025\/01\/Mario-Schuster-hoert-zu-bei-Coaching-und-Beratung-scaled-e1736185809645-50x50.jpg",50,50,true],"cosmic-thumbnail-AUTOx50":["https:\/\/www.mental-synergy.at\/Mental-Synergy\/wp-content\/uploads\/2025\/01\/Mario-Schuster-hoert-zu-bei-Coaching-und-Beratung-scaled-e1736185809645-50x50.jpg",50,50,true],"cosmic-thumbnail-100xAUTO":["https:\/\/www.mental-synergy.at\/Mental-Synergy\/wp-content\/uploads\/2025\/01\/Mario-Schuster-hoert-zu-bei-Coaching-und-Beratung-scaled-e1736185809645-100x100.jpg",100,100,true],"cosmic-thumbnail-AUTOx100":["https:\/\/www.mental-synergy.at\/Mental-Synergy\/wp-content\/uploads\/2025\/01\/Mario-Schuster-hoert-zu-bei-Coaching-und-Beratung-scaled-e1736185809645-100x100.jpg",100,100,true],"cosmic-thumbnail-100x100":["https:\/\/www.mental-synergy.at\/Mental-Synergy\/wp-content\/uploads\/2025\/01\/Mario-Schuster-hoert-zu-bei-Coaching-und-Beratung-scaled-e1736185809645-100x100.jpg",100,100,true],"cosmic-thumbnail-150x150":["https:\/\/www.mental-synergy.at\/Mental-Synergy\/wp-content\/uploads\/2025\/01\/Mario-Schuster-hoert-zu-bei-Coaching-und-Beratung-scaled-e1736185809645-150x150.jpg",150,150,true],"cosmic-thumbnail-300x225":["https:\/\/www.mental-synergy.at\/Mental-Synergy\/wp-content\/uploads\/2025\/01\/Mario-Schuster-hoert-zu-bei-Coaching-und-Beratung-scaled-e1736185809645-300x225.jpg",300,225,true],"cosmic-thumbnail-640x640":["https:\/\/www.mental-synergy.at\/Mental-Synergy\/wp-content\/uploads\/2025\/01\/Mario-Schuster-hoert-zu-bei-Coaching-und-Beratung-scaled-e1736185809645-640x640.jpg",640,640,true],"cosmic-thumbnail-AUTOx640":["https:\/\/www.mental-synergy.at\/Mental-Synergy\/wp-content\/uploads\/2025\/01\/Mario-Schuster-hoert-zu-bei-Coaching-und-Beratung-scaled-e1736185809645-640x640.jpg",640,640,true],"cosmic-thumbnail-640xAUTO":["https:\/\/www.mental-synergy.at\/Mental-Synergy\/wp-content\/uploads\/2025\/01\/Mario-Schuster-hoert-zu-bei-Coaching-und-Beratung-scaled-e1736185809645-640x640.jpg",640,640,true],"cosmic-thumbnail-960x960":["https:\/\/www.mental-synergy.at\/Mental-Synergy\/wp-content\/uploads\/2025\/01\/Mario-Schuster-hoert-zu-bei-Coaching-und-Beratung-scaled-e1736185809645-960x960.jpg",960,960,true],"cosmic-thumbnail-AUTOx960":["https:\/\/www.mental-synergy.at\/Mental-Synergy\/wp-content\/uploads\/2025\/01\/Mario-Schuster-hoert-zu-bei-Coaching-und-Beratung-scaled-e1736185809645-480x960.jpg",480,960,true],"cosmic-thumbnail-960xAUTO":["https:\/\/www.mental-synergy.at\/Mental-Synergy\/wp-content\/uploads\/2025\/01\/Mario-Schuster-hoert-zu-bei-Coaching-und-Beratung-scaled-e1736185809645-960x480.jpg",960,480,true],"cosmic-thumbnail-1024x768":["https:\/\/www.mental-synergy.at\/Mental-Synergy\/wp-content\/uploads\/2025\/01\/Mario-Schuster-hoert-zu-bei-Coaching-und-Beratung-scaled-e1736185809645-1024x768.jpg",1024,768,true],"cosmic-thumbnail-AUTOx768":["https:\/\/www.mental-synergy.at\/Mental-Synergy\/wp-content\/uploads\/2025\/01\/Mario-Schuster-hoert-zu-bei-Coaching-und-Beratung-scaled-e1736185809645-768x768.jpg",768,768,true],"cosmic-thumbnail-1024xAUTO":["https:\/\/www.mental-synergy.at\/Mental-Synergy\/wp-content\/uploads\/2025\/01\/Mario-Schuster-hoert-zu-bei-Coaching-und-Beratung-scaled-e1736185809645-1024x1024.jpg",1024,1024,true],"cosmic-thumbnail-1920x1080":["https:\/\/www.mental-synergy.at\/Mental-Synergy\/wp-content\/uploads\/2025\/01\/Mario-Schuster-hoert-zu-bei-Coaching-und-Beratung-scaled-e1736185809645-1920x1080.jpg",1920,1080,true],"cosmic-thumbnail-AUTOx1080":["https:\/\/www.mental-synergy.at\/Mental-Synergy\/wp-content\/uploads\/2025\/01\/Mario-Schuster-hoert-zu-bei-Coaching-und-Beratung-scaled-e1736185809645-1080x1080.jpg",1080,1080,true],"cosmic-thumbnail-1920xAUTO":["https:\/\/www.mental-synergy.at\/Mental-Synergy\/wp-content\/uploads\/2025\/01\/Mario-Schuster-hoert-zu-bei-Coaching-und-Beratung-1920x2880.jpg",1920,2880,true],"featured-blog-large":["https:\/\/www.mental-synergy.at\/Mental-Synergy\/wp-content\/uploads\/2025\/01\/Mario-Schuster-hoert-zu-bei-Coaching-und-Beratung-scaled-e1736185809645-720x300.jpg",720,300,true],"featured-blog-small":["https:\/\/www.mental-synergy.at\/Mental-Synergy\/wp-content\/uploads\/2025\/01\/Mario-Schuster-hoert-zu-bei-Coaching-und-Beratung-scaled-e1736185809645-230x230.jpg",230,230,true],"featured-service":["https:\/\/www.mental-synergy.at\/Mental-Synergy\/wp-content\/uploads\/2025\/01\/Mario-Schuster-hoert-zu-bei-Coaching-und-Beratung-scaled-e1736185809645-600x330.jpg",600,330,true],"featured-recent-work":["https:\/\/www.mental-synergy.at\/Mental-Synergy\/wp-content\/uploads\/2025\/01\/Mario-Schuster-hoert-zu-bei-Coaching-und-Beratung-scaled-e1736185809645-365x365.jpg",365,365,true]},"rttpg_author":{"display_name":"Mario Schuster","author_link":"https:\/\/www.mental-synergy.at\/Mental-Synergy\/author\/mental-synergy\/"},"rttpg_comment":0,"rttpg_category":null,"rttpg_excerpt":"Seit 2014 coache und berate ich Sportler:innen, Trainer:innen, F\u00fchrungskr\u00e4fte und Privatpersonen in Performance- und Gesundheitsfragen, in deren Pers\u00f6nlichkeitsentwicklung, bei der Bew\u00e4ltigung belastender Phasen und Konflikte sowie der Entscheidungsfindung in schwierigen Situationen (z.B. Karrierefragen). Beim Coaching geht es nicht um die","_links":{"self":[{"href":"https:\/\/www.mental-synergy.at\/Mental-Synergy\/wp-json\/wp\/v2\/pages\/1803","targetHints":{"allow":["GET"]}}],"collection":[{"href":"https:\/\/www.mental-synergy.at\/Mental-Synergy\/wp-json\/wp\/v2\/pages"}],"about":[{"href":"https:\/\/www.mental-synergy.at\/Mental-Synergy\/wp-json\/wp\/v2\/types\/page"}],"author":[{"embeddable":true,"href":"https:\/\/www.mental-synergy.at\/Mental-Synergy\/wp-json\/wp\/v2\/users\/1"}],"replies":[{"embeddable":true,"href":"https:\/\/www.mental-synergy.at\/Mental-Synergy\/wp-json\/wp\/v2\/comments?post=1803"}],"version-history":[{"count":0,"href":"https:\/\/www.mental-synergy.at\/Mental-Synergy\/wp-json\/wp\/v2\/pages\/1803\/revisions"}],"wp:featuredmedia":[{"embeddable":true,"href":"https:\/\/www.mental-synergy.at\/Mental-Synergy\/wp-json\/wp\/v2\/media\/1804"}],"wp:attachment":[{"href":"https:\/\/www.mental-synergy.at\/Mental-Synergy\/wp-json\/wp\/v2\/media?parent=1803"}],"curies":[{"name":"wp","href":"https:\/\/api.w.org\/{rel}","templated":true}]}}