{"id":1791,"date":"2025-01-05T18:24:46","date_gmt":"2025-01-05T17:24:46","guid":{"rendered":"https:\/\/www.mental-synergy.at\/Mental-Synergy\/?page_id=1791"},"modified":"2025-01-05T18:27:13","modified_gmt":"2025-01-05T17:27:13","slug":"praeventionszeit-arbeitspsychologie","status":"publish","type":"page","link":"https:\/\/www.mental-synergy.at\/Mental-Synergy\/praeventionszeit-arbeitspsychologie\/","title":{"rendered":"Pr\u00e4ventivdienst Arbeitspsychologie"},"content":{"rendered":"\n<h2 class=\"wp-block-heading\">Pr\u00e4ventionszeit ist verpflichtend und auch sinnvoll!<\/h2>\n\n\n\n<p>Gesundheitsf\u00f6rderung und Pr\u00e4vention sind ein wichtiger Baustein einer erfolgreichen und nachhaltigen Unternehmensf\u00fchrung. Immerhin tr\u00e4gt diese ma\u00dfgeblich zur sogenannten <a href=\"https:\/\/www.mental-synergy.at\/Mental-Synergy\/arbeitsfaehigkeit\/\">Arbeitsf\u00e4higkeit<\/a> und somit auch zur Produktivit\u00e4t der Organisation bei.<\/p>\n\n\n\n<p>In \u00d6sterreich gibt es f\u00fcr Unternehmen auch&nbsp; gesetzliche Verpflichtungen zur Pr\u00e4vention, welche durch das Arbeitsschutzgesetz (\u00a7 ASchG) streng geregelt ist. Laut Arbeitsschutzgesetz besteht auch die betriebliche Verpflichtung zu Pr\u00e4ventionszeiten. Die Pr\u00e4ventionszeit wird anhand eines Mitarbeiter:innen-Schl\u00fcssels errechnet und sagt aus, wieviele Mindeststunden j\u00e4hrlich durch Pr\u00e4ventivfachkr\u00e4fte im Betrieb geleistet werden <strong>m\u00fcssen<\/strong>. Welche T\u00e4tigkeiten unter die Pr\u00e4ventionszeiten fallen, und welche nicht, ist ebenfalls geregelt.<\/p>\n\n\n\n<p>Die errechnete Pr\u00e4ventionszeit darf allerdings nicht nur durch eine einzelne Person abgedeckt werden, sondern anhand der wiederum gesetzlichen Vorgabe durch bestimmte Fachkr\u00e4fte.<\/p>\n\n\n\n<p><strong>Die anteilm\u00e4\u00dfige Abdeckung der Mindest-Pr\u00e4ventionszeit durch Fachkr\u00e4fte:<\/strong><\/p>\n\n\n\n<ul class=\"wp-block-list\">\n<li>40% durch Sicherheitsfachkr\u00e4fte<\/li>\n\n\n\n<li>35% durch Arbeitsmediziner:innen<\/li>\n\n\n\n<li>25% durch <strong>sonstige geeignete Fachleute, insbesondere Arbeitspsycholog:innen<\/strong><\/li>\n<\/ul>\n\n\n\n<p class=\"has-white-color has-vivid-cyan-blue-background-color has-text-color has-background has-link-color wp-elements-d934634ca628d0c405abbe18935a94a6\">Das T\u00e4tigkeitsfeld der Arbeitspsychologie wird auch im Rahmen der Pr\u00e4ventionszeiten lt. \u00a7 82a ASchG unter sonstige Fachleute, insbesondere Arbeitspsychologen, gef\u00fchrt.<\/p>\n\n\n\n<p>Link zu den gesetzlichen Rahmenbedingungen zur Pr\u00e4ventionszeit:<br \/><a href=\"https:\/\/www.jusline.at\/gesetz\/aschg\/paragraf\/82a\">https:\/\/www.jusline.at\/gesetz\/aschg\/paragraf\/82a<\/a><\/p>\n<p>\u00a0<\/p>\n<p>Sie suchen noch an einem Arbeitspsychologen zur Abdeckung der gesetzlich erforderlichen Pr\u00e4ventionszeit? Wenn ja, so kontaktieren Sie mich f\u00fcr ein unverbindliches Vorgespr\u00e4ch!<\/p>\n<p>\u00a0<\/p>\n\n\n","protected":false},"excerpt":{"rendered":"<p>Pr\u00e4ventionszeit ist verpflichtend und auch sinnvoll! Gesundheitsf\u00f6rderung und Pr\u00e4vention sind ein wichtiger Baustein einer erfolgreichen und nachhaltigen Unternehmensf\u00fchrung. Immerhin tr\u00e4gt diese ma\u00dfgeblich zur sogenannten Arbeitsf\u00e4higkeit und somit auch zur Produktivit\u00e4t der Organisation bei. In \u00d6sterreich gibt es f\u00fcr Unternehmen auch&nbsp;<\/p>\n","protected":false},"author":1,"featured_media":0,"parent":0,"menu_order":0,"comment_status":"closed","ping_status":"closed","template":"","meta":{"_exactmetrics_skip_tracking":false,"_exactmetrics_sitenote_active":false,"_exactmetrics_sitenote_note":"","_exactmetrics_sitenote_category":0,"footnotes":""},"class_list":["post-1791","page","type-page","status-publish","hentry","","tg-column-two"],"yoast_head":"<!-- This site is optimized with the Yoast SEO plugin v27.3 - https:\/\/yoast.com\/product\/yoast-seo-wordpress\/ -->\n<title>Pr\u00e4ventivdienst Arbeitspsychologie<\/title>\n<meta name=\"robots\" content=\"index, follow, max-snippet:-1, max-image-preview:large, max-video-preview:-1\" \/>\n<link rel=\"canonical\" href=\"https:\/\/www.mental-synergy.at\/Mental-Synergy\/praeventionszeit-arbeitspsychologie\/\" \/>\n<meta property=\"og:locale\" content=\"de_DE\" \/>\n<meta property=\"og:type\" content=\"article\" \/>\n<meta property=\"og:title\" content=\"Pr\u00e4ventivdienst Arbeitspsychologie\" \/>\n<meta property=\"og:description\" content=\"Pr\u00e4ventionszeit ist verpflichtend und auch sinnvoll! Gesundheitsf\u00f6rderung und Pr\u00e4vention sind ein wichtiger Baustein einer erfolgreichen und nachhaltigen Unternehmensf\u00fchrung. Immerhin tr\u00e4gt diese ma\u00dfgeblich zur sogenannten Arbeitsf\u00e4higkeit und somit auch zur Produktivit\u00e4t der Organisation bei. In \u00d6sterreich gibt es f\u00fcr Unternehmen auch&nbsp;\" \/>\n<meta property=\"og:url\" content=\"https:\/\/www.mental-synergy.at\/Mental-Synergy\/praeventionszeit-arbeitspsychologie\/\" \/>\n<meta property=\"og:site_name\" content=\"Mental Synergy\" \/>\n<meta property=\"article:publisher\" content=\"https:\/\/www.facebook.com\/Mental-Synergy-1578283905805144\/\" \/>\n<meta property=\"article:modified_time\" content=\"2025-01-05T17:27:13+00:00\" \/>\n<meta name=\"twitter:card\" content=\"summary_large_image\" \/>\n<meta name=\"twitter:site\" content=\"@SynergyMario\" \/>\n<meta name=\"twitter:label1\" content=\"Gesch\u00e4tzte Lesezeit\" \/>\n\t<meta name=\"twitter:data1\" content=\"2\u00a0Minuten\" \/>\n<script type=\"application\/ld+json\" class=\"yoast-schema-graph\">{\"@context\":\"https:\\\/\\\/schema.org\",\"@graph\":[{\"@type\":\"WebPage\",\"@id\":\"https:\\\/\\\/www.mental-synergy.at\\\/Mental-Synergy\\\/praeventionszeit-arbeitspsychologie\\\/\",\"url\":\"https:\\\/\\\/www.mental-synergy.at\\\/Mental-Synergy\\\/praeventionszeit-arbeitspsychologie\\\/\",\"name\":\"Pr\u00e4ventivdienst Arbeitspsychologie\",\"isPartOf\":{\"@id\":\"https:\\\/\\\/www.mental-synergy.at\\\/Mental-Synergy\\\/#website\"},\"datePublished\":\"2025-01-05T17:24:46+00:00\",\"dateModified\":\"2025-01-05T17:27:13+00:00\",\"breadcrumb\":{\"@id\":\"https:\\\/\\\/www.mental-synergy.at\\\/Mental-Synergy\\\/praeventionszeit-arbeitspsychologie\\\/#breadcrumb\"},\"inLanguage\":\"de\",\"potentialAction\":[{\"@type\":\"ReadAction\",\"target\":[\"https:\\\/\\\/www.mental-synergy.at\\\/Mental-Synergy\\\/praeventionszeit-arbeitspsychologie\\\/\"]}]},{\"@type\":\"BreadcrumbList\",\"@id\":\"https:\\\/\\\/www.mental-synergy.at\\\/Mental-Synergy\\\/praeventionszeit-arbeitspsychologie\\\/#breadcrumb\",\"itemListElement\":[{\"@type\":\"ListItem\",\"position\":1,\"name\":\"Startseite\",\"item\":\"https:\\\/\\\/www.mental-synergy.at\\\/Mental-Synergy\\\/\"},{\"@type\":\"ListItem\",\"position\":2,\"name\":\"Pr\u00e4ventivdienst Arbeitspsychologie\"}]},{\"@type\":\"WebSite\",\"@id\":\"https:\\\/\\\/www.mental-synergy.at\\\/Mental-Synergy\\\/#website\",\"url\":\"https:\\\/\\\/www.mental-synergy.at\\\/Mental-Synergy\\\/\",\"name\":\"Mental Synergy\",\"description\":\"Connecting Mental Worlds\",\"publisher\":{\"@id\":\"https:\\\/\\\/www.mental-synergy.at\\\/Mental-Synergy\\\/#organization\"},\"potentialAction\":[{\"@type\":\"SearchAction\",\"target\":{\"@type\":\"EntryPoint\",\"urlTemplate\":\"https:\\\/\\\/www.mental-synergy.at\\\/Mental-Synergy\\\/?s={search_term_string}\"},\"query-input\":{\"@type\":\"PropertyValueSpecification\",\"valueRequired\":true,\"valueName\":\"search_term_string\"}}],\"inLanguage\":\"de\"},{\"@type\":\"Organization\",\"@id\":\"https:\\\/\\\/www.mental-synergy.at\\\/Mental-Synergy\\\/#organization\",\"name\":\"Mental Synergy\",\"url\":\"https:\\\/\\\/www.mental-synergy.at\\\/Mental-Synergy\\\/\",\"logo\":{\"@type\":\"ImageObject\",\"inLanguage\":\"de\",\"@id\":\"https:\\\/\\\/www.mental-synergy.at\\\/Mental-Synergy\\\/#\\\/schema\\\/logo\\\/image\\\/\",\"url\":\"https:\\\/\\\/www.mental-synergy.at\\\/Mental-Synergy\\\/wp-content\\\/uploads\\\/2017\\\/03\\\/MentalSynergy_Logo_Hoch-e1563041177531.png\",\"contentUrl\":\"https:\\\/\\\/www.mental-synergy.at\\\/Mental-Synergy\\\/wp-content\\\/uploads\\\/2017\\\/03\\\/MentalSynergy_Logo_Hoch-e1563041177531.png\",\"width\":250,\"height\":343,\"caption\":\"Mental Synergy\"},\"image\":{\"@id\":\"https:\\\/\\\/www.mental-synergy.at\\\/Mental-Synergy\\\/#\\\/schema\\\/logo\\\/image\\\/\"},\"sameAs\":[\"https:\\\/\\\/www.facebook.com\\\/Mental-Synergy-1578283905805144\\\/\",\"https:\\\/\\\/x.com\\\/SynergyMario\",\"https:\\\/\\\/www.instagram.com\\\/mentalsynergy\\\/\",\"https:\\\/\\\/www.linkedin.com\\\/in\\\/mario-schuster-5226b5128\\\/\",\"https:\\\/\\\/www.youtube.com\\\/channel\\\/UCE0lAgKOJtv4vZ83Ov3HiIg\"]}]}<\/script>\n<!-- \/ Yoast SEO plugin. -->","yoast_head_json":{"title":"Pr\u00e4ventivdienst Arbeitspsychologie","robots":{"index":"index","follow":"follow","max-snippet":"max-snippet:-1","max-image-preview":"max-image-preview:large","max-video-preview":"max-video-preview:-1"},"canonical":"https:\/\/www.mental-synergy.at\/Mental-Synergy\/praeventionszeit-arbeitspsychologie\/","og_locale":"de_DE","og_type":"article","og_title":"Pr\u00e4ventivdienst Arbeitspsychologie","og_description":"Pr\u00e4ventionszeit ist verpflichtend und auch sinnvoll! Gesundheitsf\u00f6rderung und Pr\u00e4vention sind ein wichtiger Baustein einer erfolgreichen und nachhaltigen Unternehmensf\u00fchrung. Immerhin tr\u00e4gt diese ma\u00dfgeblich zur sogenannten Arbeitsf\u00e4higkeit und somit auch zur Produktivit\u00e4t der Organisation bei. In \u00d6sterreich gibt es f\u00fcr Unternehmen auch&nbsp;","og_url":"https:\/\/www.mental-synergy.at\/Mental-Synergy\/praeventionszeit-arbeitspsychologie\/","og_site_name":"Mental Synergy","article_publisher":"https:\/\/www.facebook.com\/Mental-Synergy-1578283905805144\/","article_modified_time":"2025-01-05T17:27:13+00:00","twitter_card":"summary_large_image","twitter_site":"@SynergyMario","twitter_misc":{"Gesch\u00e4tzte Lesezeit":"2\u00a0Minuten"},"schema":{"@context":"https:\/\/schema.org","@graph":[{"@type":"WebPage","@id":"https:\/\/www.mental-synergy.at\/Mental-Synergy\/praeventionszeit-arbeitspsychologie\/","url":"https:\/\/www.mental-synergy.at\/Mental-Synergy\/praeventionszeit-arbeitspsychologie\/","name":"Pr\u00e4ventivdienst Arbeitspsychologie","isPartOf":{"@id":"https:\/\/www.mental-synergy.at\/Mental-Synergy\/#website"},"datePublished":"2025-01-05T17:24:46+00:00","dateModified":"2025-01-05T17:27:13+00:00","breadcrumb":{"@id":"https:\/\/www.mental-synergy.at\/Mental-Synergy\/praeventionszeit-arbeitspsychologie\/#breadcrumb"},"inLanguage":"de","potentialAction":[{"@type":"ReadAction","target":["https:\/\/www.mental-synergy.at\/Mental-Synergy\/praeventionszeit-arbeitspsychologie\/"]}]},{"@type":"BreadcrumbList","@id":"https:\/\/www.mental-synergy.at\/Mental-Synergy\/praeventionszeit-arbeitspsychologie\/#breadcrumb","itemListElement":[{"@type":"ListItem","position":1,"name":"Startseite","item":"https:\/\/www.mental-synergy.at\/Mental-Synergy\/"},{"@type":"ListItem","position":2,"name":"Pr\u00e4ventivdienst Arbeitspsychologie"}]},{"@type":"WebSite","@id":"https:\/\/www.mental-synergy.at\/Mental-Synergy\/#website","url":"https:\/\/www.mental-synergy.at\/Mental-Synergy\/","name":"Mental Synergy","description":"Connecting Mental Worlds","publisher":{"@id":"https:\/\/www.mental-synergy.at\/Mental-Synergy\/#organization"},"potentialAction":[{"@type":"SearchAction","target":{"@type":"EntryPoint","urlTemplate":"https:\/\/www.mental-synergy.at\/Mental-Synergy\/?s={search_term_string}"},"query-input":{"@type":"PropertyValueSpecification","valueRequired":true,"valueName":"search_term_string"}}],"inLanguage":"de"},{"@type":"Organization","@id":"https:\/\/www.mental-synergy.at\/Mental-Synergy\/#organization","name":"Mental Synergy","url":"https:\/\/www.mental-synergy.at\/Mental-Synergy\/","logo":{"@type":"ImageObject","inLanguage":"de","@id":"https:\/\/www.mental-synergy.at\/Mental-Synergy\/#\/schema\/logo\/image\/","url":"https:\/\/www.mental-synergy.at\/Mental-Synergy\/wp-content\/uploads\/2017\/03\/MentalSynergy_Logo_Hoch-e1563041177531.png","contentUrl":"https:\/\/www.mental-synergy.at\/Mental-Synergy\/wp-content\/uploads\/2017\/03\/MentalSynergy_Logo_Hoch-e1563041177531.png","width":250,"height":343,"caption":"Mental Synergy"},"image":{"@id":"https:\/\/www.mental-synergy.at\/Mental-Synergy\/#\/schema\/logo\/image\/"},"sameAs":["https:\/\/www.facebook.com\/Mental-Synergy-1578283905805144\/","https:\/\/x.com\/SynergyMario","https:\/\/www.instagram.com\/mentalsynergy\/","https:\/\/www.linkedin.com\/in\/mario-schuster-5226b5128\/","https:\/\/www.youtube.com\/channel\/UCE0lAgKOJtv4vZ83Ov3HiIg"]}]}},"rttpg_featured_image_url":null,"rttpg_author":{"display_name":"Mario Schuster","author_link":"https:\/\/www.mental-synergy.at\/Mental-Synergy\/author\/mental-synergy\/"},"rttpg_comment":0,"rttpg_category":null,"rttpg_excerpt":"Pr\u00e4ventionszeit ist verpflichtend und auch sinnvoll! Gesundheitsf\u00f6rderung und Pr\u00e4vention sind ein wichtiger Baustein einer erfolgreichen und nachhaltigen Unternehmensf\u00fchrung. Immerhin tr\u00e4gt diese ma\u00dfgeblich zur sogenannten Arbeitsf\u00e4higkeit und somit auch zur Produktivit\u00e4t der Organisation bei. In \u00d6sterreich gibt es f\u00fcr Unternehmen auch&nbsp;","_links":{"self":[{"href":"https:\/\/www.mental-synergy.at\/Mental-Synergy\/wp-json\/wp\/v2\/pages\/1791","targetHints":{"allow":["GET"]}}],"collection":[{"href":"https:\/\/www.mental-synergy.at\/Mental-Synergy\/wp-json\/wp\/v2\/pages"}],"about":[{"href":"https:\/\/www.mental-synergy.at\/Mental-Synergy\/wp-json\/wp\/v2\/types\/page"}],"author":[{"embeddable":true,"href":"https:\/\/www.mental-synergy.at\/Mental-Synergy\/wp-json\/wp\/v2\/users\/1"}],"replies":[{"embeddable":true,"href":"https:\/\/www.mental-synergy.at\/Mental-Synergy\/wp-json\/wp\/v2\/comments?post=1791"}],"version-history":[{"count":0,"href":"https:\/\/www.mental-synergy.at\/Mental-Synergy\/wp-json\/wp\/v2\/pages\/1791\/revisions"}],"wp:attachment":[{"href":"https:\/\/www.mental-synergy.at\/Mental-Synergy\/wp-json\/wp\/v2\/media?parent=1791"}],"curies":[{"name":"wp","href":"https:\/\/api.w.org\/{rel}","templated":true}]}}