{"id":1769,"date":"2025-01-04T20:33:27","date_gmt":"2025-01-04T19:33:27","guid":{"rendered":"https:\/\/www.mental-synergy.at\/Mental-Synergy\/?page_id=1769"},"modified":"2025-01-04T20:39:26","modified_gmt":"2025-01-04T19:39:26","slug":"arbeitspsychologische-beratung","status":"publish","type":"page","link":"https:\/\/www.mental-synergy.at\/Mental-Synergy\/arbeitspsychologische-beratung\/","title":{"rendered":"Arbeitspsychologische Beratung"},"content":{"rendered":"\n<p>Die arbeitspsychologische Beratung (AB) setzt auf der Ebene der Organisation, Abteilungen oder Teams an und verfolgt das Ziel Arbeitsprozessen, Arbeitsbedingungen und F\u00fchrungsverhalten hinsichtlich psychologischer Aspekte zu optimieren. Bei der AB werden F\u00fchrungskr\u00e4fte aus arbeits- und organisationspsychologischer Perspektive direkt beraten. Die Beratung kann optional* auch durch unterst\u00fctzende Verfahren in ihren Entscheidungen und Entwicklung von konkreten Ma\u00dfnahmen unterst\u00fctzt werden. Bei der arbeitspsychologischen Beratung von F\u00fchrungskr\u00e4ften k\u00f6nnen neben aktuellen Herausforderungen in der Organisation auch konstruktive Strategien im Umgang mit schwierigen Mitarbeiter:innen entwickelt werden.<\/p>\n\n\n\n<p>Im Rahmen eines vertiefendes Beratungsprozesses k\u00f6nnen auch Gruppenverfahren oder Befragungen durchgef\u00fchrt werden. Durch die Identifikation von Stressoren am Arbeitsplatz sollen gemeinsam mit den den Mitarbeiter:innen auch Ressourcen identifiziert werden und L\u00f6sungen entwickelt werden. Ziel der Beratung ist es Arbeitsbelastungen zu reduzieren und zugleich die Arbeitsf\u00e4higkeit, Leistungsf\u00e4higkeit, Arbeitszufriedenheit und Gesundheit der Mitarbeiter nachhaltig zu verbessern.<\/p>\n\n\n\n<p><\/p>\n\n\n\n<figure class=\"wp-block-image size-large is-style-default\"><img loading=\"lazy\" decoding=\"async\" width=\"1024\" height=\"683\" src=\"https:\/\/www.mental-synergy.at\/Mental-Synergy\/wp-content\/uploads\/2025\/01\/WPS-Mario-Wien-Studio-Matphoto-2-1-1024x683.jpg\" alt=\"Mario Schuster zeigt auf ABS-Gruppen Plakat\" class=\"wp-image-1773\" srcset=\"https:\/\/www.mental-synergy.at\/Mental-Synergy\/wp-content\/uploads\/2025\/01\/WPS-Mario-Wien-Studio-Matphoto-2-1-1024x683.jpg 1024w, https:\/\/www.mental-synergy.at\/Mental-Synergy\/wp-content\/uploads\/2025\/01\/WPS-Mario-Wien-Studio-Matphoto-2-1-300x200.jpg 300w, https:\/\/www.mental-synergy.at\/Mental-Synergy\/wp-content\/uploads\/2025\/01\/WPS-Mario-Wien-Studio-Matphoto-2-1-768x512.jpg 768w, https:\/\/www.mental-synergy.at\/Mental-Synergy\/wp-content\/uploads\/2025\/01\/WPS-Mario-Wien-Studio-Matphoto-2-1-1536x1024.jpg 1536w, https:\/\/www.mental-synergy.at\/Mental-Synergy\/wp-content\/uploads\/2025\/01\/WPS-Mario-Wien-Studio-Matphoto-2-1-2048x1365.jpg 2048w, https:\/\/www.mental-synergy.at\/Mental-Synergy\/wp-content\/uploads\/2025\/01\/WPS-Mario-Wien-Studio-Matphoto-2-1-50x33.jpg 50w, https:\/\/www.mental-synergy.at\/Mental-Synergy\/wp-content\/uploads\/2025\/01\/WPS-Mario-Wien-Studio-Matphoto-2-1-75x50.jpg 75w, https:\/\/www.mental-synergy.at\/Mental-Synergy\/wp-content\/uploads\/2025\/01\/WPS-Mario-Wien-Studio-Matphoto-2-1-100x67.jpg 100w, https:\/\/www.mental-synergy.at\/Mental-Synergy\/wp-content\/uploads\/2025\/01\/WPS-Mario-Wien-Studio-Matphoto-2-1-150x100.jpg 150w, https:\/\/www.mental-synergy.at\/Mental-Synergy\/wp-content\/uploads\/2025\/01\/WPS-Mario-Wien-Studio-Matphoto-2-1-960x640.jpg 960w, https:\/\/www.mental-synergy.at\/Mental-Synergy\/wp-content\/uploads\/2025\/01\/WPS-Mario-Wien-Studio-Matphoto-2-1-640x427.jpg 640w, https:\/\/www.mental-synergy.at\/Mental-Synergy\/wp-content\/uploads\/2025\/01\/WPS-Mario-Wien-Studio-Matphoto-2-1-1152x768.jpg 1152w, https:\/\/www.mental-synergy.at\/Mental-Synergy\/wp-content\/uploads\/2025\/01\/WPS-Mario-Wien-Studio-Matphoto-2-1-1620x1080.jpg 1620w, https:\/\/www.mental-synergy.at\/Mental-Synergy\/wp-content\/uploads\/2025\/01\/WPS-Mario-Wien-Studio-Matphoto-2-1-1920x1280.jpg 1920w\" sizes=\"auto, (max-width: 1024px) 100vw, 1024px\" \/><\/figure>\n\n\n\n<p>Beispiele, von Schwerpunkten in der arbeitspsychologischen Beratung:<\/p>\n\n\n\n<ul class=\"wp-block-list\">\n<li>Burnout-Pr\u00e4vention<\/li>\n\n\n\n<li>Begleitung bei Ver\u00e4nderungen und Krisen<\/li>\n\n\n\n<li>Evaluierung psychischer Belastungen (ASchG)<\/li>\n\n\n\n<li>Erh\u00f6hung der psychologischen Sicherheit<\/li>\n\n\n\n<li>Fehlerkultur statt Blamingkultur<\/li>\n\n\n\n<li>Gesundes F\u00fchren<\/li>\n\n\n\n<li>Wertsch\u00e4tzende Kommunikationskultur<\/li>\n\n\n\n<li>Ma\u00dfnahmen zur Gesundheitsf\u00f6rderung entwickeln<\/li>\n\n\n\n<li>Ma\u00dfnahmen zur Gesundheitsf\u00f6rderung umsetzen<\/li>\n\n\n\n<li>Implementierung psychologischer Erwachsenenbildung im Unternehmen<\/li>\n\n\n\n<li>Mitarbeiterf\u00fchrung und Motivation<\/li>\n\n\n\n<li>Selbstwertorientierte F\u00fchrung<\/li>\n\n\n\n<li>Stressbew\u00e4ltigung und Burnout-Pr\u00e4vention<\/li>\n\n\n\n<li>Team- und Organisationsentwicklung<\/li>\n<\/ul>\n\n\n\n<p class=\"has-white-color has-vivid-cyan-blue-background-color has-text-color has-background has-link-color wp-elements-7686d46aa1e2b7744330ace382ca6755\">*Je nach Fragestellung, Auftrag und Sinnhaftigkeit ist auch der Einbezug onlinebasierter Messverfahren und Befragungen m\u00f6glich. Auch die Durchf\u00fchrung von ABS-Gruppen (im Rahmen der PsyEval lt. ASchG) vor Ort sind empfehlenswert. Bei sehr gro\u00dfen Betrieben arbeite ich mit vertrauensvollen Partnern mit Spezialisierung auf PsyEval zusammen um das Arbeitsvolumen abdecken zu k\u00f6nnen.<\/p>\n\n\n","protected":false},"excerpt":{"rendered":"<p>Die arbeitspsychologische Beratung (AB) setzt auf der Ebene der Organisation, Abteilungen oder Teams an und verfolgt das Ziel Arbeitsprozessen, Arbeitsbedingungen und F\u00fchrungsverhalten hinsichtlich psychologischer Aspekte zu optimieren. Bei der AB werden F\u00fchrungskr\u00e4fte aus arbeits- und organisationspsychologischer Perspektive direkt beraten. Die<\/p>\n","protected":false},"author":1,"featured_media":0,"parent":0,"menu_order":0,"comment_status":"closed","ping_status":"closed","template":"","meta":{"_exactmetrics_skip_tracking":false,"_exactmetrics_sitenote_active":false,"_exactmetrics_sitenote_note":"","_exactmetrics_sitenote_category":0,"footnotes":""},"class_list":["post-1769","page","type-page","status-publish","hentry","","tg-column-two"],"yoast_head":"<!-- This site is optimized with the Yoast SEO plugin v27.3 - https:\/\/yoast.com\/product\/yoast-seo-wordpress\/ -->\n<title>Arbeitspsychologische Beratung Mental Synergy<\/title>\n<meta name=\"robots\" content=\"index, follow, max-snippet:-1, max-image-preview:large, max-video-preview:-1\" \/>\n<link rel=\"canonical\" href=\"https:\/\/www.mental-synergy.at\/Mental-Synergy\/arbeitspsychologische-beratung\/\" \/>\n<meta property=\"og:locale\" content=\"de_DE\" \/>\n<meta property=\"og:type\" content=\"article\" \/>\n<meta property=\"og:title\" content=\"Arbeitspsychologische Beratung Mental Synergy\" \/>\n<meta property=\"og:description\" content=\"Die arbeitspsychologische Beratung (AB) setzt auf der Ebene der Organisation, Abteilungen oder Teams an und verfolgt das Ziel Arbeitsprozessen, Arbeitsbedingungen und F\u00fchrungsverhalten hinsichtlich psychologischer Aspekte zu optimieren. Bei der AB werden F\u00fchrungskr\u00e4fte aus arbeits- und organisationspsychologischer Perspektive direkt beraten. Die\" \/>\n<meta property=\"og:url\" content=\"https:\/\/www.mental-synergy.at\/Mental-Synergy\/arbeitspsychologische-beratung\/\" \/>\n<meta property=\"og:site_name\" content=\"Mental Synergy\" \/>\n<meta property=\"article:publisher\" content=\"https:\/\/www.facebook.com\/Mental-Synergy-1578283905805144\/\" \/>\n<meta property=\"article:modified_time\" content=\"2025-01-04T19:39:26+00:00\" \/>\n<meta property=\"og:image\" content=\"https:\/\/www.mental-synergy.at\/Mental-Synergy\/wp-content\/uploads\/2025\/01\/WPS-Mario-Wien-Studio-Matphoto-2-1-scaled.jpg\" \/>\n\t<meta property=\"og:image:width\" content=\"2560\" \/>\n\t<meta property=\"og:image:height\" content=\"1707\" \/>\n\t<meta property=\"og:image:type\" content=\"image\/jpeg\" \/>\n<meta name=\"twitter:card\" content=\"summary_large_image\" \/>\n<meta name=\"twitter:site\" content=\"@SynergyMario\" \/>\n<meta name=\"twitter:label1\" content=\"Gesch\u00e4tzte Lesezeit\" \/>\n\t<meta name=\"twitter:data1\" content=\"2\u00a0Minuten\" \/>\n<script type=\"application\/ld+json\" class=\"yoast-schema-graph\">{\"@context\":\"https:\\\/\\\/schema.org\",\"@graph\":[{\"@type\":\"WebPage\",\"@id\":\"https:\\\/\\\/www.mental-synergy.at\\\/Mental-Synergy\\\/arbeitspsychologische-beratung\\\/\",\"url\":\"https:\\\/\\\/www.mental-synergy.at\\\/Mental-Synergy\\\/arbeitspsychologische-beratung\\\/\",\"name\":\"Arbeitspsychologische Beratung Mental Synergy\",\"isPartOf\":{\"@id\":\"https:\\\/\\\/www.mental-synergy.at\\\/Mental-Synergy\\\/#website\"},\"primaryImageOfPage\":{\"@id\":\"https:\\\/\\\/www.mental-synergy.at\\\/Mental-Synergy\\\/arbeitspsychologische-beratung\\\/#primaryimage\"},\"image\":{\"@id\":\"https:\\\/\\\/www.mental-synergy.at\\\/Mental-Synergy\\\/arbeitspsychologische-beratung\\\/#primaryimage\"},\"thumbnailUrl\":\"https:\\\/\\\/www.mental-synergy.at\\\/Mental-Synergy\\\/wp-content\\\/uploads\\\/2025\\\/01\\\/WPS-Mario-Wien-Studio-Matphoto-2-1-1024x683.jpg\",\"datePublished\":\"2025-01-04T19:33:27+00:00\",\"dateModified\":\"2025-01-04T19:39:26+00:00\",\"breadcrumb\":{\"@id\":\"https:\\\/\\\/www.mental-synergy.at\\\/Mental-Synergy\\\/arbeitspsychologische-beratung\\\/#breadcrumb\"},\"inLanguage\":\"de\",\"potentialAction\":[{\"@type\":\"ReadAction\",\"target\":[\"https:\\\/\\\/www.mental-synergy.at\\\/Mental-Synergy\\\/arbeitspsychologische-beratung\\\/\"]}]},{\"@type\":\"ImageObject\",\"inLanguage\":\"de\",\"@id\":\"https:\\\/\\\/www.mental-synergy.at\\\/Mental-Synergy\\\/arbeitspsychologische-beratung\\\/#primaryimage\",\"url\":\"https:\\\/\\\/www.mental-synergy.at\\\/Mental-Synergy\\\/wp-content\\\/uploads\\\/2025\\\/01\\\/WPS-Mario-Wien-Studio-Matphoto-2-1-scaled.jpg\",\"contentUrl\":\"https:\\\/\\\/www.mental-synergy.at\\\/Mental-Synergy\\\/wp-content\\\/uploads\\\/2025\\\/01\\\/WPS-Mario-Wien-Studio-Matphoto-2-1-scaled.jpg\",\"width\":2560,\"height\":1707,\"caption\":\"Mario Schuster zeigt auf ABS-Gruppen Plakat\"},{\"@type\":\"BreadcrumbList\",\"@id\":\"https:\\\/\\\/www.mental-synergy.at\\\/Mental-Synergy\\\/arbeitspsychologische-beratung\\\/#breadcrumb\",\"itemListElement\":[{\"@type\":\"ListItem\",\"position\":1,\"name\":\"Startseite\",\"item\":\"https:\\\/\\\/www.mental-synergy.at\\\/Mental-Synergy\\\/\"},{\"@type\":\"ListItem\",\"position\":2,\"name\":\"Arbeitspsychologische Beratung\"}]},{\"@type\":\"WebSite\",\"@id\":\"https:\\\/\\\/www.mental-synergy.at\\\/Mental-Synergy\\\/#website\",\"url\":\"https:\\\/\\\/www.mental-synergy.at\\\/Mental-Synergy\\\/\",\"name\":\"Mental Synergy\",\"description\":\"Connecting Mental Worlds\",\"publisher\":{\"@id\":\"https:\\\/\\\/www.mental-synergy.at\\\/Mental-Synergy\\\/#organization\"},\"potentialAction\":[{\"@type\":\"SearchAction\",\"target\":{\"@type\":\"EntryPoint\",\"urlTemplate\":\"https:\\\/\\\/www.mental-synergy.at\\\/Mental-Synergy\\\/?s={search_term_string}\"},\"query-input\":{\"@type\":\"PropertyValueSpecification\",\"valueRequired\":true,\"valueName\":\"search_term_string\"}}],\"inLanguage\":\"de\"},{\"@type\":\"Organization\",\"@id\":\"https:\\\/\\\/www.mental-synergy.at\\\/Mental-Synergy\\\/#organization\",\"name\":\"Mental Synergy\",\"url\":\"https:\\\/\\\/www.mental-synergy.at\\\/Mental-Synergy\\\/\",\"logo\":{\"@type\":\"ImageObject\",\"inLanguage\":\"de\",\"@id\":\"https:\\\/\\\/www.mental-synergy.at\\\/Mental-Synergy\\\/#\\\/schema\\\/logo\\\/image\\\/\",\"url\":\"https:\\\/\\\/www.mental-synergy.at\\\/Mental-Synergy\\\/wp-content\\\/uploads\\\/2017\\\/03\\\/MentalSynergy_Logo_Hoch-e1563041177531.png\",\"contentUrl\":\"https:\\\/\\\/www.mental-synergy.at\\\/Mental-Synergy\\\/wp-content\\\/uploads\\\/2017\\\/03\\\/MentalSynergy_Logo_Hoch-e1563041177531.png\",\"width\":250,\"height\":343,\"caption\":\"Mental Synergy\"},\"image\":{\"@id\":\"https:\\\/\\\/www.mental-synergy.at\\\/Mental-Synergy\\\/#\\\/schema\\\/logo\\\/image\\\/\"},\"sameAs\":[\"https:\\\/\\\/www.facebook.com\\\/Mental-Synergy-1578283905805144\\\/\",\"https:\\\/\\\/x.com\\\/SynergyMario\",\"https:\\\/\\\/www.instagram.com\\\/mentalsynergy\\\/\",\"https:\\\/\\\/www.linkedin.com\\\/in\\\/mario-schuster-5226b5128\\\/\",\"https:\\\/\\\/www.youtube.com\\\/channel\\\/UCE0lAgKOJtv4vZ83Ov3HiIg\"]}]}<\/script>\n<!-- \/ Yoast SEO plugin. -->","yoast_head_json":{"title":"Arbeitspsychologische Beratung Mental Synergy","robots":{"index":"index","follow":"follow","max-snippet":"max-snippet:-1","max-image-preview":"max-image-preview:large","max-video-preview":"max-video-preview:-1"},"canonical":"https:\/\/www.mental-synergy.at\/Mental-Synergy\/arbeitspsychologische-beratung\/","og_locale":"de_DE","og_type":"article","og_title":"Arbeitspsychologische Beratung Mental Synergy","og_description":"Die arbeitspsychologische Beratung (AB) setzt auf der Ebene der Organisation, Abteilungen oder Teams an und verfolgt das Ziel Arbeitsprozessen, Arbeitsbedingungen und F\u00fchrungsverhalten hinsichtlich psychologischer Aspekte zu optimieren. Bei der AB werden F\u00fchrungskr\u00e4fte aus arbeits- und organisationspsychologischer Perspektive direkt beraten. Die","og_url":"https:\/\/www.mental-synergy.at\/Mental-Synergy\/arbeitspsychologische-beratung\/","og_site_name":"Mental Synergy","article_publisher":"https:\/\/www.facebook.com\/Mental-Synergy-1578283905805144\/","article_modified_time":"2025-01-04T19:39:26+00:00","og_image":[{"width":2560,"height":1707,"url":"https:\/\/www.mental-synergy.at\/Mental-Synergy\/wp-content\/uploads\/2025\/01\/WPS-Mario-Wien-Studio-Matphoto-2-1-scaled.jpg","type":"image\/jpeg"}],"twitter_card":"summary_large_image","twitter_site":"@SynergyMario","twitter_misc":{"Gesch\u00e4tzte Lesezeit":"2\u00a0Minuten"},"schema":{"@context":"https:\/\/schema.org","@graph":[{"@type":"WebPage","@id":"https:\/\/www.mental-synergy.at\/Mental-Synergy\/arbeitspsychologische-beratung\/","url":"https:\/\/www.mental-synergy.at\/Mental-Synergy\/arbeitspsychologische-beratung\/","name":"Arbeitspsychologische Beratung Mental Synergy","isPartOf":{"@id":"https:\/\/www.mental-synergy.at\/Mental-Synergy\/#website"},"primaryImageOfPage":{"@id":"https:\/\/www.mental-synergy.at\/Mental-Synergy\/arbeitspsychologische-beratung\/#primaryimage"},"image":{"@id":"https:\/\/www.mental-synergy.at\/Mental-Synergy\/arbeitspsychologische-beratung\/#primaryimage"},"thumbnailUrl":"https:\/\/www.mental-synergy.at\/Mental-Synergy\/wp-content\/uploads\/2025\/01\/WPS-Mario-Wien-Studio-Matphoto-2-1-1024x683.jpg","datePublished":"2025-01-04T19:33:27+00:00","dateModified":"2025-01-04T19:39:26+00:00","breadcrumb":{"@id":"https:\/\/www.mental-synergy.at\/Mental-Synergy\/arbeitspsychologische-beratung\/#breadcrumb"},"inLanguage":"de","potentialAction":[{"@type":"ReadAction","target":["https:\/\/www.mental-synergy.at\/Mental-Synergy\/arbeitspsychologische-beratung\/"]}]},{"@type":"ImageObject","inLanguage":"de","@id":"https:\/\/www.mental-synergy.at\/Mental-Synergy\/arbeitspsychologische-beratung\/#primaryimage","url":"https:\/\/www.mental-synergy.at\/Mental-Synergy\/wp-content\/uploads\/2025\/01\/WPS-Mario-Wien-Studio-Matphoto-2-1-scaled.jpg","contentUrl":"https:\/\/www.mental-synergy.at\/Mental-Synergy\/wp-content\/uploads\/2025\/01\/WPS-Mario-Wien-Studio-Matphoto-2-1-scaled.jpg","width":2560,"height":1707,"caption":"Mario Schuster zeigt auf ABS-Gruppen Plakat"},{"@type":"BreadcrumbList","@id":"https:\/\/www.mental-synergy.at\/Mental-Synergy\/arbeitspsychologische-beratung\/#breadcrumb","itemListElement":[{"@type":"ListItem","position":1,"name":"Startseite","item":"https:\/\/www.mental-synergy.at\/Mental-Synergy\/"},{"@type":"ListItem","position":2,"name":"Arbeitspsychologische Beratung"}]},{"@type":"WebSite","@id":"https:\/\/www.mental-synergy.at\/Mental-Synergy\/#website","url":"https:\/\/www.mental-synergy.at\/Mental-Synergy\/","name":"Mental Synergy","description":"Connecting Mental Worlds","publisher":{"@id":"https:\/\/www.mental-synergy.at\/Mental-Synergy\/#organization"},"potentialAction":[{"@type":"SearchAction","target":{"@type":"EntryPoint","urlTemplate":"https:\/\/www.mental-synergy.at\/Mental-Synergy\/?s={search_term_string}"},"query-input":{"@type":"PropertyValueSpecification","valueRequired":true,"valueName":"search_term_string"}}],"inLanguage":"de"},{"@type":"Organization","@id":"https:\/\/www.mental-synergy.at\/Mental-Synergy\/#organization","name":"Mental Synergy","url":"https:\/\/www.mental-synergy.at\/Mental-Synergy\/","logo":{"@type":"ImageObject","inLanguage":"de","@id":"https:\/\/www.mental-synergy.at\/Mental-Synergy\/#\/schema\/logo\/image\/","url":"https:\/\/www.mental-synergy.at\/Mental-Synergy\/wp-content\/uploads\/2017\/03\/MentalSynergy_Logo_Hoch-e1563041177531.png","contentUrl":"https:\/\/www.mental-synergy.at\/Mental-Synergy\/wp-content\/uploads\/2017\/03\/MentalSynergy_Logo_Hoch-e1563041177531.png","width":250,"height":343,"caption":"Mental Synergy"},"image":{"@id":"https:\/\/www.mental-synergy.at\/Mental-Synergy\/#\/schema\/logo\/image\/"},"sameAs":["https:\/\/www.facebook.com\/Mental-Synergy-1578283905805144\/","https:\/\/x.com\/SynergyMario","https:\/\/www.instagram.com\/mentalsynergy\/","https:\/\/www.linkedin.com\/in\/mario-schuster-5226b5128\/","https:\/\/www.youtube.com\/channel\/UCE0lAgKOJtv4vZ83Ov3HiIg"]}]}},"rttpg_featured_image_url":null,"rttpg_author":{"display_name":"Mario Schuster","author_link":"https:\/\/www.mental-synergy.at\/Mental-Synergy\/author\/mental-synergy\/"},"rttpg_comment":0,"rttpg_category":null,"rttpg_excerpt":"Die arbeitspsychologische Beratung (AB) setzt auf der Ebene der Organisation, Abteilungen oder Teams an und verfolgt das Ziel Arbeitsprozessen, Arbeitsbedingungen und F\u00fchrungsverhalten hinsichtlich psychologischer Aspekte zu optimieren. Bei der AB werden F\u00fchrungskr\u00e4fte aus arbeits- und organisationspsychologischer Perspektive direkt beraten. Die","_links":{"self":[{"href":"https:\/\/www.mental-synergy.at\/Mental-Synergy\/wp-json\/wp\/v2\/pages\/1769","targetHints":{"allow":["GET"]}}],"collection":[{"href":"https:\/\/www.mental-synergy.at\/Mental-Synergy\/wp-json\/wp\/v2\/pages"}],"about":[{"href":"https:\/\/www.mental-synergy.at\/Mental-Synergy\/wp-json\/wp\/v2\/types\/page"}],"author":[{"embeddable":true,"href":"https:\/\/www.mental-synergy.at\/Mental-Synergy\/wp-json\/wp\/v2\/users\/1"}],"replies":[{"embeddable":true,"href":"https:\/\/www.mental-synergy.at\/Mental-Synergy\/wp-json\/wp\/v2\/comments?post=1769"}],"version-history":[{"count":0,"href":"https:\/\/www.mental-synergy.at\/Mental-Synergy\/wp-json\/wp\/v2\/pages\/1769\/revisions"}],"wp:attachment":[{"href":"https:\/\/www.mental-synergy.at\/Mental-Synergy\/wp-json\/wp\/v2\/media?parent=1769"}],"curies":[{"name":"wp","href":"https:\/\/api.w.org\/{rel}","templated":true}]}}