{"id":170,"date":"2016-09-12T21:47:58","date_gmt":"2016-09-12T19:47:58","guid":{"rendered":"http:\/\/www.mental-synergy.at\/Mental-Synergy\/?page_id=170"},"modified":"2025-01-04T10:47:07","modified_gmt":"2025-01-04T09:47:07","slug":"impressum","status":"publish","type":"page","link":"https:\/\/www.mental-synergy.at\/Mental-Synergy\/impressum\/","title":{"rendered":"Impressum"},"content":{"rendered":"<p><u>Inhaber<\/u>:<\/p>\n<p>Mental Synergy<br \/>\nMag. Mario Schuster, MSc<br \/>\nNeubaugasse 17-19\/2\/18<br \/>\nAUT &#8211; 1070 Wien<\/p>\n<p>+43 650 6703306<br \/>\ninfo@mental-synergy.at<br \/>\nwww.mental-synergy.at<\/p>\n<p><u>Firmenwortlaut:<br \/>\n<\/u>MS &#8211; Mental Synergy e.U.<\/p>\n<p><u>Unternehmensgegenstand des eingetragenen Unternehmens<\/u><\/p>\n<p>Mentaltraining, sportwissenschaftliche Beratung, Erwachsenenbildung<\/p>\n<p>unterliegt der Kleinunternehmerregelung<\/p>\n<p><u>Firmenbuchnummer<\/u>:<\/p>\n<p>FN 462976y &#8211; Handelsgericht Wien<\/p>\n<p><u>Mitgliedschaft bei der Wirtschaftskammer<\/u>:<\/p>\n<p>Mitglied bei der WKO Wien<\/p>\n<p><em>Fachverband Unternehmensberatung, Buchhaltung und IT (UBIT)<\/em><\/p>\n<p><em>Fachverband Personenberatung und Personenbetreuung (LSB)<\/em><\/p>\n<p><u>Berufsbezeichnungen<\/u>:<\/p>\n<ul style=\"list-style-type: square;\">\n<li>Mentalcoach<\/li>\n<li>Sportpsychologe<\/li>\n<li>Sportwissenschafter<\/li>\n<li>Arbeits- und Organisationspsychologe<\/li>\n<\/ul>\n<p><u>Unser Anliegen:<\/u><\/p>\n<p>F\u00f6rderung mentaler Kompetenzen in Sport, Arbeit, Wirtschaft und Gesellschaft<\/p>\n<h3><u>Copyright:<\/u><\/h3>\n<p>\u00a9 Mario Schuster. Alle Rechte vorbehalten. Das Urheberrecht der Seiteninhalte, Texte, Bilder, Grafiken, Logo, Corporate Design sowie deren Anordnung auf der Website unterliegen dem Schutz des Urheberrechts und anderer Schutzgesetze. Der Inhalt dieser Websites darf nicht zu kommerziellen Zwecken kopiert, verbreitet, ver\u00e4ndert oder Dritten zug\u00e4nglich gemacht werden.<\/p>\n<h3><u>Erg\u00e4nzung Bilder<\/u>:<\/h3>\n<p>Das Urheberrecht der Portraitbilder und weiterer spezifischer Bilder auf der Website liegt beim Urheber Mario Schuster. Ausgew\u00e4hlte lizenzfreie Bilder auf der Website stammen von der Bilderplattform Pixabay bzw. Shutterstock.<\/p>\n<h3><u>Verweise und Links:<\/u><\/h3>\n<p>Bei direkten oder indirekten Verweisen auf fremde Internetseiten (&#8222;Links&#8220;), die au\u00dferhalb des Verantwortungsbereiches des Autors liegen, w\u00fcrde eine Haftungsverpflichtung ausschlie\u00dflich in dem Fall in Kraft treten, in dem der Autor von den Inhalten Kenntnis hat, und es ihm technisch m\u00f6glich und zumutbar w\u00e4re, die Nutzung im Falle rechtswidriger Inhalte zu verhindern.<br \/>\nDer Autor erkl\u00e4rt hiermit ausdr\u00fccklich, dass zum Zeitpunkt der Link-Setzung keine illegalen Inhalte auf den zu verlinkenden Seiten erkennbar waren. Auf die aktuelle und zuk\u00fcnftige Gestaltung, die Inhalte oder die Urheberschaft der gelinkten\/verkn\u00fcpften Seiten hat der Autor keinerlei Einfluss. Deshalb distanziert er sich hiermit ausdr\u00fccklich von allen Inhalten aller gelinkten\/verkn\u00fcpften Seiten, die nach der Linksetzung ver\u00e4ndert wurden.<\/p>\n<h3><span style=\"text-decoration: underline;\">Datenschutzerkl\u00e4rung<\/span><\/h3>\n<p>Diese Website benutzt Google Analytics, einen Webanalysedienst der Google Inc. (\u201eGoogle&#8220;). Google Analytics verwendet sog. \u201eCookies&#8220;, Textdateien, die auf Ihrem Computer gespeichert werden und die eine Analyse der Benutzung der Website durch Sie erm\u00f6glichen. Die durch den Cookie erzeugten Informationen \u00fcber Ihre Benutzung dieser Website (einschlie\u00dflich Ihrer IP-Adresse) wird an einen Server von Google in den USA \u00fcbertragen und dort gespeichert. Google wird diese Informationen benutzen, um Ihre Nutzung der Website auszuwerten, um Reports \u00fcber die Websiteaktivit\u00e4ten f\u00fcr die Websitebetreiber zusammenzustellen und um weitere mit der Websitenutzung und der Internetnutzung verbundene Dienstleistungen zu erbringen. Auch wird Google diese Informationen gegebenenfalls an Dritte \u00fcbertragen, sofern dies gesetzlich vorgeschrieben oder soweit Dritte diese Daten im Auftrag von Google verarbeiten. Google wird in keinem Fall Ihre IP-Adresse mit anderen Daten von Google in Verbindung bringen. Sie k\u00f6nnen die Installation der Cookies durch eine entsprechende Einstellung Ihrer Browser Software verhindern; wir weisen Sie jedoch darauf hin, dass Sie in diesem Fall gegebenenfalls nicht s\u00e4mtliche Funktionen dieser Website vollumf\u00e4nglich nutzen k\u00f6nnen.<br \/>\nDurch die Nutzung dieser Website erkl\u00e4ren Sie sich mit der Bearbeitung der \u00fcber Sie erhobenen Daten durch Google in der zuvor beschriebenen Art und Weise und zu dem zuvor benannten Zweck einverstanden. Der Datenerhebung und -speicherung kann jederzeit mit Wirkung f\u00fcr die Zukunft widersprochen\u00a0 werden. Angesichts der Diskussion um den Einsatz von Analysetools mit vollst\u00e4ndigen IP-Adressen m\u00f6chten wir darauf hinweisen, dass diese Website Google Analytics mit der Erweiterung \u201e_anonymizeIp()&#8220; verwendet und daher IP-Adressen nur gek\u00fcrzt weiterverarbeitet werden, um eine direkte Personenbeziehbarkeit auszuschlie\u00dfen.<\/p>\n<p>N\u00e4heres zum Datenschutz finden Sie <a href=\"https:\/\/www.mental-synergy.at\/Mental-Synergy\/datenschutzerklaerung\/\" target=\"_blank\" rel=\"noopener\">hier<\/a>.<\/p>\n","protected":false},"excerpt":{"rendered":"<p>Inhaber: Mental Synergy Mag. Mario Schuster, MSc Neubaugasse 17-19\/2\/18 AUT &#8211; 1070 Wien +43 650 6703306 info@mental-synergy.at www.mental-synergy.at Firmenwortlaut: MS &#8211; Mental Synergy e.U. Unternehmensgegenstand des eingetragenen Unternehmens Mentaltraining, sportwissenschaftliche Beratung, Erwachsenenbildung unterliegt der Kleinunternehmerregelung Firmenbuchnummer: FN 462976y &#8211; Handelsgericht<\/p>\n","protected":false},"author":1,"featured_media":0,"parent":0,"menu_order":0,"comment_status":"closed","ping_status":"closed","template":"","meta":{"_exactmetrics_skip_tracking":false,"_exactmetrics_sitenote_active":false,"_exactmetrics_sitenote_note":"","_exactmetrics_sitenote_category":0,"footnotes":""},"class_list":["post-170","page","type-page","status-publish","hentry","","tg-column-two"],"yoast_head":"<!-- This site is optimized with the Yoast SEO plugin v27.3 - https:\/\/yoast.com\/product\/yoast-seo-wordpress\/ -->\n<title>Impressum - Mental Synergy<\/title>\n<meta name=\"robots\" content=\"index, follow, max-snippet:-1, max-image-preview:large, max-video-preview:-1\" \/>\n<link rel=\"canonical\" href=\"https:\/\/www.mental-synergy.at\/Mental-Synergy\/impressum\/\" \/>\n<meta property=\"og:locale\" content=\"de_DE\" \/>\n<meta property=\"og:type\" content=\"article\" \/>\n<meta property=\"og:title\" content=\"Impressum - Mental Synergy\" \/>\n<meta property=\"og:description\" content=\"Inhaber: Mental Synergy Mag. Mario Schuster, MSc Neubaugasse 17-19\/2\/18 AUT &#8211; 1070 Wien +43 650 6703306 info@mental-synergy.at www.mental-synergy.at Firmenwortlaut: MS &#8211; Mental Synergy e.U. Unternehmensgegenstand des eingetragenen Unternehmens Mentaltraining, sportwissenschaftliche Beratung, Erwachsenenbildung unterliegt der Kleinunternehmerregelung Firmenbuchnummer: FN 462976y &#8211; Handelsgericht\" \/>\n<meta property=\"og:url\" content=\"https:\/\/www.mental-synergy.at\/Mental-Synergy\/impressum\/\" \/>\n<meta property=\"og:site_name\" content=\"Mental Synergy\" \/>\n<meta property=\"article:publisher\" content=\"https:\/\/www.facebook.com\/Mental-Synergy-1578283905805144\/\" \/>\n<meta property=\"article:modified_time\" content=\"2025-01-04T09:47:07+00:00\" \/>\n<meta name=\"twitter:card\" content=\"summary_large_image\" \/>\n<meta name=\"twitter:site\" content=\"@SynergyMario\" \/>\n<meta name=\"twitter:label1\" content=\"Gesch\u00e4tzte Lesezeit\" \/>\n\t<meta name=\"twitter:data1\" content=\"3\u00a0Minuten\" \/>\n<script type=\"application\/ld+json\" class=\"yoast-schema-graph\">{\"@context\":\"https:\\\/\\\/schema.org\",\"@graph\":[{\"@type\":\"WebPage\",\"@id\":\"https:\\\/\\\/www.mental-synergy.at\\\/Mental-Synergy\\\/impressum\\\/\",\"url\":\"https:\\\/\\\/www.mental-synergy.at\\\/Mental-Synergy\\\/impressum\\\/\",\"name\":\"Impressum - Mental Synergy\",\"isPartOf\":{\"@id\":\"https:\\\/\\\/www.mental-synergy.at\\\/Mental-Synergy\\\/#website\"},\"datePublished\":\"2016-09-12T19:47:58+00:00\",\"dateModified\":\"2025-01-04T09:47:07+00:00\",\"breadcrumb\":{\"@id\":\"https:\\\/\\\/www.mental-synergy.at\\\/Mental-Synergy\\\/impressum\\\/#breadcrumb\"},\"inLanguage\":\"de\",\"potentialAction\":[{\"@type\":\"ReadAction\",\"target\":[\"https:\\\/\\\/www.mental-synergy.at\\\/Mental-Synergy\\\/impressum\\\/\"]}]},{\"@type\":\"BreadcrumbList\",\"@id\":\"https:\\\/\\\/www.mental-synergy.at\\\/Mental-Synergy\\\/impressum\\\/#breadcrumb\",\"itemListElement\":[{\"@type\":\"ListItem\",\"position\":1,\"name\":\"Startseite\",\"item\":\"https:\\\/\\\/www.mental-synergy.at\\\/Mental-Synergy\\\/\"},{\"@type\":\"ListItem\",\"position\":2,\"name\":\"Impressum\"}]},{\"@type\":\"WebSite\",\"@id\":\"https:\\\/\\\/www.mental-synergy.at\\\/Mental-Synergy\\\/#website\",\"url\":\"https:\\\/\\\/www.mental-synergy.at\\\/Mental-Synergy\\\/\",\"name\":\"Mental Synergy\",\"description\":\"Connecting Mental Worlds\",\"publisher\":{\"@id\":\"https:\\\/\\\/www.mental-synergy.at\\\/Mental-Synergy\\\/#organization\"},\"potentialAction\":[{\"@type\":\"SearchAction\",\"target\":{\"@type\":\"EntryPoint\",\"urlTemplate\":\"https:\\\/\\\/www.mental-synergy.at\\\/Mental-Synergy\\\/?s={search_term_string}\"},\"query-input\":{\"@type\":\"PropertyValueSpecification\",\"valueRequired\":true,\"valueName\":\"search_term_string\"}}],\"inLanguage\":\"de\"},{\"@type\":\"Organization\",\"@id\":\"https:\\\/\\\/www.mental-synergy.at\\\/Mental-Synergy\\\/#organization\",\"name\":\"Mental Synergy\",\"url\":\"https:\\\/\\\/www.mental-synergy.at\\\/Mental-Synergy\\\/\",\"logo\":{\"@type\":\"ImageObject\",\"inLanguage\":\"de\",\"@id\":\"https:\\\/\\\/www.mental-synergy.at\\\/Mental-Synergy\\\/#\\\/schema\\\/logo\\\/image\\\/\",\"url\":\"https:\\\/\\\/www.mental-synergy.at\\\/Mental-Synergy\\\/wp-content\\\/uploads\\\/2017\\\/03\\\/MentalSynergy_Logo_Hoch-e1563041177531.png\",\"contentUrl\":\"https:\\\/\\\/www.mental-synergy.at\\\/Mental-Synergy\\\/wp-content\\\/uploads\\\/2017\\\/03\\\/MentalSynergy_Logo_Hoch-e1563041177531.png\",\"width\":250,\"height\":343,\"caption\":\"Mental Synergy\"},\"image\":{\"@id\":\"https:\\\/\\\/www.mental-synergy.at\\\/Mental-Synergy\\\/#\\\/schema\\\/logo\\\/image\\\/\"},\"sameAs\":[\"https:\\\/\\\/www.facebook.com\\\/Mental-Synergy-1578283905805144\\\/\",\"https:\\\/\\\/x.com\\\/SynergyMario\",\"https:\\\/\\\/www.instagram.com\\\/mentalsynergy\\\/\",\"https:\\\/\\\/www.linkedin.com\\\/in\\\/mario-schuster-5226b5128\\\/\",\"https:\\\/\\\/www.youtube.com\\\/channel\\\/UCE0lAgKOJtv4vZ83Ov3HiIg\"]}]}<\/script>\n<!-- \/ Yoast SEO plugin. -->","yoast_head_json":{"title":"Impressum - Mental Synergy","robots":{"index":"index","follow":"follow","max-snippet":"max-snippet:-1","max-image-preview":"max-image-preview:large","max-video-preview":"max-video-preview:-1"},"canonical":"https:\/\/www.mental-synergy.at\/Mental-Synergy\/impressum\/","og_locale":"de_DE","og_type":"article","og_title":"Impressum - Mental Synergy","og_description":"Inhaber: Mental Synergy Mag. Mario Schuster, MSc Neubaugasse 17-19\/2\/18 AUT &#8211; 1070 Wien +43 650 6703306 info@mental-synergy.at www.mental-synergy.at Firmenwortlaut: MS &#8211; Mental Synergy e.U. Unternehmensgegenstand des eingetragenen Unternehmens Mentaltraining, sportwissenschaftliche Beratung, Erwachsenenbildung unterliegt der Kleinunternehmerregelung Firmenbuchnummer: FN 462976y &#8211; Handelsgericht","og_url":"https:\/\/www.mental-synergy.at\/Mental-Synergy\/impressum\/","og_site_name":"Mental Synergy","article_publisher":"https:\/\/www.facebook.com\/Mental-Synergy-1578283905805144\/","article_modified_time":"2025-01-04T09:47:07+00:00","twitter_card":"summary_large_image","twitter_site":"@SynergyMario","twitter_misc":{"Gesch\u00e4tzte Lesezeit":"3\u00a0Minuten"},"schema":{"@context":"https:\/\/schema.org","@graph":[{"@type":"WebPage","@id":"https:\/\/www.mental-synergy.at\/Mental-Synergy\/impressum\/","url":"https:\/\/www.mental-synergy.at\/Mental-Synergy\/impressum\/","name":"Impressum - Mental Synergy","isPartOf":{"@id":"https:\/\/www.mental-synergy.at\/Mental-Synergy\/#website"},"datePublished":"2016-09-12T19:47:58+00:00","dateModified":"2025-01-04T09:47:07+00:00","breadcrumb":{"@id":"https:\/\/www.mental-synergy.at\/Mental-Synergy\/impressum\/#breadcrumb"},"inLanguage":"de","potentialAction":[{"@type":"ReadAction","target":["https:\/\/www.mental-synergy.at\/Mental-Synergy\/impressum\/"]}]},{"@type":"BreadcrumbList","@id":"https:\/\/www.mental-synergy.at\/Mental-Synergy\/impressum\/#breadcrumb","itemListElement":[{"@type":"ListItem","position":1,"name":"Startseite","item":"https:\/\/www.mental-synergy.at\/Mental-Synergy\/"},{"@type":"ListItem","position":2,"name":"Impressum"}]},{"@type":"WebSite","@id":"https:\/\/www.mental-synergy.at\/Mental-Synergy\/#website","url":"https:\/\/www.mental-synergy.at\/Mental-Synergy\/","name":"Mental Synergy","description":"Connecting Mental Worlds","publisher":{"@id":"https:\/\/www.mental-synergy.at\/Mental-Synergy\/#organization"},"potentialAction":[{"@type":"SearchAction","target":{"@type":"EntryPoint","urlTemplate":"https:\/\/www.mental-synergy.at\/Mental-Synergy\/?s={search_term_string}"},"query-input":{"@type":"PropertyValueSpecification","valueRequired":true,"valueName":"search_term_string"}}],"inLanguage":"de"},{"@type":"Organization","@id":"https:\/\/www.mental-synergy.at\/Mental-Synergy\/#organization","name":"Mental Synergy","url":"https:\/\/www.mental-synergy.at\/Mental-Synergy\/","logo":{"@type":"ImageObject","inLanguage":"de","@id":"https:\/\/www.mental-synergy.at\/Mental-Synergy\/#\/schema\/logo\/image\/","url":"https:\/\/www.mental-synergy.at\/Mental-Synergy\/wp-content\/uploads\/2017\/03\/MentalSynergy_Logo_Hoch-e1563041177531.png","contentUrl":"https:\/\/www.mental-synergy.at\/Mental-Synergy\/wp-content\/uploads\/2017\/03\/MentalSynergy_Logo_Hoch-e1563041177531.png","width":250,"height":343,"caption":"Mental Synergy"},"image":{"@id":"https:\/\/www.mental-synergy.at\/Mental-Synergy\/#\/schema\/logo\/image\/"},"sameAs":["https:\/\/www.facebook.com\/Mental-Synergy-1578283905805144\/","https:\/\/x.com\/SynergyMario","https:\/\/www.instagram.com\/mentalsynergy\/","https:\/\/www.linkedin.com\/in\/mario-schuster-5226b5128\/","https:\/\/www.youtube.com\/channel\/UCE0lAgKOJtv4vZ83Ov3HiIg"]}]}},"rttpg_featured_image_url":null,"rttpg_author":{"display_name":"Mario Schuster","author_link":"https:\/\/www.mental-synergy.at\/Mental-Synergy\/author\/mental-synergy\/"},"rttpg_comment":0,"rttpg_category":null,"rttpg_excerpt":"Inhaber: Mental Synergy Mag. Mario Schuster, MSc Neubaugasse 17-19\/2\/18 AUT &#8211; 1070 Wien +43 650 6703306 info@mental-synergy.at www.mental-synergy.at Firmenwortlaut: MS &#8211; Mental Synergy e.U. Unternehmensgegenstand des eingetragenen Unternehmens Mentaltraining, sportwissenschaftliche Beratung, Erwachsenenbildung unterliegt der Kleinunternehmerregelung Firmenbuchnummer: FN 462976y &#8211; Handelsgericht","_links":{"self":[{"href":"https:\/\/www.mental-synergy.at\/Mental-Synergy\/wp-json\/wp\/v2\/pages\/170","targetHints":{"allow":["GET"]}}],"collection":[{"href":"https:\/\/www.mental-synergy.at\/Mental-Synergy\/wp-json\/wp\/v2\/pages"}],"about":[{"href":"https:\/\/www.mental-synergy.at\/Mental-Synergy\/wp-json\/wp\/v2\/types\/page"}],"author":[{"embeddable":true,"href":"https:\/\/www.mental-synergy.at\/Mental-Synergy\/wp-json\/wp\/v2\/users\/1"}],"replies":[{"embeddable":true,"href":"https:\/\/www.mental-synergy.at\/Mental-Synergy\/wp-json\/wp\/v2\/comments?post=170"}],"version-history":[{"count":0,"href":"https:\/\/www.mental-synergy.at\/Mental-Synergy\/wp-json\/wp\/v2\/pages\/170\/revisions"}],"wp:attachment":[{"href":"https:\/\/www.mental-synergy.at\/Mental-Synergy\/wp-json\/wp\/v2\/media?parent=170"}],"curies":[{"name":"wp","href":"https:\/\/api.w.org\/{rel}","templated":true}]}}