{"id":1651,"date":"2024-03-22T12:40:46","date_gmt":"2024-03-22T11:40:46","guid":{"rendered":"https:\/\/www.mental-synergy.at\/Mental-Synergy\/?page_id=1651"},"modified":"2025-10-08T14:45:30","modified_gmt":"2025-10-08T12:45:30","slug":"evaluierung-sportorganisation","status":"publish","type":"page","link":"https:\/\/www.mental-synergy.at\/Mental-Synergy\/evaluierung-sportorganisation\/","title":{"rendered":"Organisationsberatung f\u00fcr Sportorganisationen"},"content":{"rendered":"\n<h2>Inwiefern profitieren Sportorganisationen von Evaluierungen?<\/h2>\n<p>Egal ob Sportvereine oder Sportverb\u00e4nde: Eine professionelle <strong>Evaluierung von psychischen Belastungen<\/strong>\u00a0mit evidenten Methoden bietet den <strong>Verantwortlichen der Sportorganisationen<\/strong> eine profunde Beratung mit dem Ziel richtungsweisende Ma\u00dfnahmen f\u00fcr eine ges\u00fcndere, kreativere und leistungsst\u00e4rkere sportliche Zukunft zu setzen.<\/p>\n<p>Was in Wirtschaftsunternehmen und vielen staatlichen Einrichtungen schon \u00fcblich ist, m\u00f6chte ich auch verst\u00e4rkt f\u00fcr Sportorganisationen anbieten, da ich darin auf Grundlage meiner mittlerweile jahrzehntelangen Erfahrung und Qualifikation gro\u00dfes Potential f\u00fcr den Sport selbst sehe.<\/p>\n<p>Wer \u201eweiterwursteln\u201c m\u00f6chte wie bisher oder bekannte Probleme weiterhin \u201eunter den Teppich\u201c kehren m\u00f6chte, <span style=\"color: #800000;\"><u>ist bei mir falsch<\/u><\/span>. Doch wer nicht nur Probleme l\u00f6sen m\u00f6chte, sondern die <strong>organisationale Resilienz<\/strong> und <strong>leistungsf\u00f6rderliche Strukturen<\/strong> systematisch st\u00e4rken m\u00f6chte, <span style=\"color: #008000;\"><u>ist bei mir richtig<\/u><\/span>. Da einfache Antworten auf komplexe Problemstellungen keine echte L\u00f6sung bieten, braucht es eine systematische und vertiefende Evaluierung und Beratung um die echten Probleme zu identifizieren und konkrete L\u00f6sungen an den richtigen Stellschrauben zu implementieren.<\/p>\n<p>\u00a0<\/p>\n<h3><span style=\"text-decoration: underline; color: #993300;\">Welche Probleme k\u00f6nnen beispielsweise in \u201edysfunktionalen\u201c Sportorganisationen auftreten?<\/span><\/h3>\n<ul>\n<li>Unerkl\u00e4rlicher langfristiger sportlicher Misserfolg<\/li>\n<li>Verwurzelung von Zynismus<\/li>\n<li>Entwicklungsstarre unter dem Deckmantel der \u201eTradition\u201c<\/li>\n<li>Gegenseite Schuldzuweisungen<\/li>\n<li>Verdeckte und \u201ekalte\u201c Konflikte<\/li>\n<li>Wahrgenommene Ungerechtigkeiten und \u201eFreunderlwirtschaft\u201c<\/li>\n<li>Erh\u00f6hte Drop-Out-Rate<\/li>\n<li>Machtk\u00e4mpfe, auch in wichtigen Wettkampfphasen<\/li>\n<li>Psychische Gewalt<\/li>\n<li>Sexualisierte Gewalt<\/li>\n<li>\u00dcberdurchschnittliche Verletzungsh\u00e4ufigkeit<\/li>\n<li>Erh\u00f6htes Burnout-Risiko<\/li>\n<li>Entstehung von psychischen Erkrankungen<\/li>\n<\/ul>\n<p>\u00a0<\/p>\n<h3><span style=\"text-decoration: underline; color: #008000;\">Welchen Nutzen hat die gezielte die St\u00e4rkung von Ressourcen in einer \u201egesunden\u201c Sportorganisation?<\/span><\/h3>\n<ul>\n<li>Schrittweise positive sportliche Entwicklung<\/li>\n<li>Verst\u00e4rkte Partizipation<\/li>\n<li>Offenheit f\u00fcr neue Ideen<\/li>\n<li>St\u00e4rkung der psychologischen Sicherheit<\/li>\n<li>Offene und transparente Kommunikation<\/li>\n<li>Echte meritokratische Strukturen<\/li>\n<li>Vertrauensf\u00f6rdernde Strukturen<\/li>\n<li>Verbesserte Identifikation zur Organisation und besseres Zugeh\u00f6rigkeitsgef\u00fchl<\/li>\n<li>Sport als Quelle der k\u00f6rperlichen und psychischen Gesundheit<\/li>\n<\/ul>\n<p>\u00a0<\/p>\n<h2>Weshalb ist es wichtig pr\u00e4ventiv zu agieren?<\/h2>\n<p>Grunds\u00e4tzlich empfehle ich das Prinzip der Rechtzeitigkeit. Leider kommt es auch im Sport noch h\u00e4ufig vor, dass Sportpsycholog:innen erst dann beauftragt werden, wenn das Haus schon brennt und der Schaden schon geschehen ist. Unrealistische Erwartungshalten und das Hoffen auf Wunder sind eine m\u00f6gliche Folge. Hier braucht es eine <a href=\"https:\/\/www.mental-synergy.at\/Mental-Synergy\/sport-organisation-arbeit\/\">Sportorganisationspsychologie<\/a>!\u00a0<\/p>\n<p>Daher empfiehlt es sich \u2026<\/p>\n<p>(a) aus Gr\u00fcnden der <strong>Pr\u00e4vention<\/strong><\/p>\n<p>oder auch mit dem<\/p>\n<p>(b) Wunsch die <strong>Organisation weiterzuentwickeln<\/strong>\u2026<\/p>\n<p>\u2026 <u>schon fr\u00fch<\/u> die Organisationsberatung &amp; Evaluierung zu beauftragen.<\/p>\n<p>\u00a0<\/p>\n<h2>Wie kann so ein Evaluierungsprozesses f\u00fcr eine Sportorganisation aussehen?<\/h2>\n\n\n\n\n\n<figure data-wp-context=\"{&quot;imageId&quot;:&quot;6a00788594ef0&quot;}\" data-wp-interactive=\"core\/image\" data-wp-key=\"6a00788594ef0\" class=\"wp-block-image size-large is-style-default wp-lightbox-container\"><img loading=\"lazy\" decoding=\"async\" width=\"1024\" height=\"533\" data-wp-class--hide=\"state.isContentHidden\" data-wp-class--show=\"state.isContentVisible\" data-wp-init=\"callbacks.setButtonStyles\" data-wp-on--click=\"actions.showLightbox\" data-wp-on--load=\"callbacks.setButtonStyles\" data-wp-on-window--resize=\"callbacks.setButtonStyles\" src=\"https:\/\/www.mental-synergy.at\/Mental-Synergy\/wp-content\/uploads\/2024\/03\/Evaluierungsprozess_Sportorganisation_MentalSynergy_SchusterMario-1024x533.png\" alt=\"Prozesshafte Darstellung eines Evaluierungsprozesses in Sportorganisationen. Hier kann der Sport-, Arbeits- und Organisationspsychologe Mario Schuster weiterhelfen\" class=\"wp-image-1652\" srcset=\"https:\/\/www.mental-synergy.at\/Mental-Synergy\/wp-content\/uploads\/2024\/03\/Evaluierungsprozess_Sportorganisation_MentalSynergy_SchusterMario-1024x533.png 1024w, https:\/\/www.mental-synergy.at\/Mental-Synergy\/wp-content\/uploads\/2024\/03\/Evaluierungsprozess_Sportorganisation_MentalSynergy_SchusterMario-300x156.png 300w, https:\/\/www.mental-synergy.at\/Mental-Synergy\/wp-content\/uploads\/2024\/03\/Evaluierungsprozess_Sportorganisation_MentalSynergy_SchusterMario-768x399.png 768w, https:\/\/www.mental-synergy.at\/Mental-Synergy\/wp-content\/uploads\/2024\/03\/Evaluierungsprozess_Sportorganisation_MentalSynergy_SchusterMario-1536x799.png 1536w, https:\/\/www.mental-synergy.at\/Mental-Synergy\/wp-content\/uploads\/2024\/03\/Evaluierungsprozess_Sportorganisation_MentalSynergy_SchusterMario-2048x1065.png 2048w, https:\/\/www.mental-synergy.at\/Mental-Synergy\/wp-content\/uploads\/2024\/03\/Evaluierungsprozess_Sportorganisation_MentalSynergy_SchusterMario-50x26.png 50w, https:\/\/www.mental-synergy.at\/Mental-Synergy\/wp-content\/uploads\/2024\/03\/Evaluierungsprozess_Sportorganisation_MentalSynergy_SchusterMario-96x50.png 96w, https:\/\/www.mental-synergy.at\/Mental-Synergy\/wp-content\/uploads\/2024\/03\/Evaluierungsprozess_Sportorganisation_MentalSynergy_SchusterMario-100x52.png 100w, https:\/\/www.mental-synergy.at\/Mental-Synergy\/wp-content\/uploads\/2024\/03\/Evaluierungsprozess_Sportorganisation_MentalSynergy_SchusterMario-192x100.png 192w, https:\/\/www.mental-synergy.at\/Mental-Synergy\/wp-content\/uploads\/2024\/03\/Evaluierungsprozess_Sportorganisation_MentalSynergy_SchusterMario-1230x640.png 1230w, https:\/\/www.mental-synergy.at\/Mental-Synergy\/wp-content\/uploads\/2024\/03\/Evaluierungsprozess_Sportorganisation_MentalSynergy_SchusterMario-640x333.png 640w, https:\/\/www.mental-synergy.at\/Mental-Synergy\/wp-content\/uploads\/2024\/03\/Evaluierungsprozess_Sportorganisation_MentalSynergy_SchusterMario-1477x768.png 1477w, https:\/\/www.mental-synergy.at\/Mental-Synergy\/wp-content\/uploads\/2024\/03\/Evaluierungsprozess_Sportorganisation_MentalSynergy_SchusterMario-1920x999.png 1920w\" sizes=\"auto, (max-width: 1024px) 100vw, 1024px\" \/><button\n\t\t\tclass=\"lightbox-trigger\"\n\t\t\ttype=\"button\"\n\t\t\taria-haspopup=\"dialog\"\n\t\t\taria-label=\"Vergr\u00f6\u00dfern\"\n\t\t\tdata-wp-init=\"callbacks.initTriggerButton\"\n\t\t\tdata-wp-on--click=\"actions.showLightbox\"\n\t\t\tdata-wp-style--right=\"state.imageButtonRight\"\n\t\t\tdata-wp-style--top=\"state.imageButtonTop\"\n\t\t>\n\t\t\t<svg xmlns=\"http:\/\/www.w3.org\/2000\/svg\" width=\"12\" height=\"12\" fill=\"none\" viewBox=\"0 0 12 12\">\n\t\t\t\t<path fill=\"#fff\" d=\"M2 0a2 2 0 0 0-2 2v2h1.5V2a.5.5 0 0 1 .5-.5h2V0H2Zm2 10.5H2a.5.5 0 0 1-.5-.5V8H0v2a2 2 0 0 0 2 2h2v-1.5ZM8 12v-1.5h2a.5.5 0 0 0 .5-.5V8H12v2a2 2 0 0 1-2 2H8Zm2-12a2 2 0 0 1 2 2v2h-1.5V2a.5.5 0 0 0-.5-.5H8V0h2Z\" \/>\n\t\t\t<\/svg>\n\t\t<\/button><figcaption class=\"wp-element-caption\">Prozesshafte Darstellung eines Evaluierungsprozesses in Sportorganisationen (Grafik: Mario Schuster)<\/figcaption><\/figure>\n","protected":false},"excerpt":{"rendered":"<p>Inwiefern profitieren Sportorganisationen von Evaluierungen? Egal ob Sportvereine oder Sportverb\u00e4nde: Eine professionelle Evaluierung von psychischen Belastungen\u00a0mit evidenten Methoden bietet den Verantwortlichen der Sportorganisationen eine profunde Beratung mit dem Ziel richtungsweisende Ma\u00dfnahmen f\u00fcr eine ges\u00fcndere, kreativere und leistungsst\u00e4rkere sportliche Zukunft zu<\/p>\n","protected":false},"author":1,"featured_media":0,"parent":0,"menu_order":0,"comment_status":"closed","ping_status":"closed","template":"","meta":{"_exactmetrics_skip_tracking":false,"_exactmetrics_sitenote_active":false,"_exactmetrics_sitenote_note":"","_exactmetrics_sitenote_category":0,"footnotes":""},"class_list":["post-1651","page","type-page","status-publish","hentry","","tg-column-two"],"yoast_head":"<!-- This site is optimized with the Yoast SEO plugin v27.3 - https:\/\/yoast.com\/product\/yoast-seo-wordpress\/ -->\n<title>Organisationsberatung f\u00fcr Sportorganisationen - Mental Synergy<\/title>\n<meta name=\"description\" content=\"Evaluierung: Eine Sportorganisation die sich optimal weiterentwickeln m\u00f6chte, braucht auch professionelle externe Organisationsberatung.\" \/>\n<meta name=\"robots\" content=\"index, follow, max-snippet:-1, max-image-preview:large, max-video-preview:-1\" \/>\n<link rel=\"canonical\" href=\"https:\/\/www.mental-synergy.at\/Mental-Synergy\/evaluierung-sportorganisation\/\" \/>\n<meta property=\"og:locale\" content=\"de_DE\" \/>\n<meta property=\"og:type\" content=\"article\" \/>\n<meta property=\"og:title\" content=\"Organisationsberatung f\u00fcr Sportorganisationen - Mental Synergy\" \/>\n<meta property=\"og:description\" content=\"Evaluierung: Eine Sportorganisation die sich optimal weiterentwickeln m\u00f6chte, braucht auch professionelle externe Organisationsberatung.\" \/>\n<meta property=\"og:url\" content=\"https:\/\/www.mental-synergy.at\/Mental-Synergy\/evaluierung-sportorganisation\/\" \/>\n<meta property=\"og:site_name\" content=\"Mental Synergy\" \/>\n<meta property=\"article:publisher\" content=\"https:\/\/www.facebook.com\/Mental-Synergy-1578283905805144\/\" \/>\n<meta property=\"article:modified_time\" content=\"2025-10-08T12:45:30+00:00\" \/>\n<meta property=\"og:image\" content=\"https:\/\/www.mental-synergy.at\/Mental-Synergy\/wp-content\/uploads\/2024\/03\/Evaluierungsprozess_Sportorganisation_MentalSynergy_SchusterMario.png\" \/>\n\t<meta property=\"og:image:width\" content=\"3276\" \/>\n\t<meta property=\"og:image:height\" content=\"1704\" \/>\n\t<meta property=\"og:image:type\" content=\"image\/png\" \/>\n<meta name=\"twitter:card\" content=\"summary_large_image\" \/>\n<meta name=\"twitter:site\" content=\"@SynergyMario\" \/>\n<meta name=\"twitter:label1\" content=\"Gesch\u00e4tzte Lesezeit\" \/>\n\t<meta name=\"twitter:data1\" content=\"3\u00a0Minuten\" \/>\n<script type=\"application\/ld+json\" class=\"yoast-schema-graph\">{\"@context\":\"https:\\\/\\\/schema.org\",\"@graph\":[{\"@type\":\"WebPage\",\"@id\":\"https:\\\/\\\/www.mental-synergy.at\\\/Mental-Synergy\\\/evaluierung-sportorganisation\\\/\",\"url\":\"https:\\\/\\\/www.mental-synergy.at\\\/Mental-Synergy\\\/evaluierung-sportorganisation\\\/\",\"name\":\"Organisationsberatung f\u00fcr Sportorganisationen - Mental Synergy\",\"isPartOf\":{\"@id\":\"https:\\\/\\\/www.mental-synergy.at\\\/Mental-Synergy\\\/#website\"},\"primaryImageOfPage\":{\"@id\":\"https:\\\/\\\/www.mental-synergy.at\\\/Mental-Synergy\\\/evaluierung-sportorganisation\\\/#primaryimage\"},\"image\":{\"@id\":\"https:\\\/\\\/www.mental-synergy.at\\\/Mental-Synergy\\\/evaluierung-sportorganisation\\\/#primaryimage\"},\"thumbnailUrl\":\"https:\\\/\\\/www.mental-synergy.at\\\/Mental-Synergy\\\/wp-content\\\/uploads\\\/2024\\\/03\\\/Evaluierungsprozess_Sportorganisation_MentalSynergy_SchusterMario-1024x533.png\",\"datePublished\":\"2024-03-22T11:40:46+00:00\",\"dateModified\":\"2025-10-08T12:45:30+00:00\",\"description\":\"Evaluierung: Eine Sportorganisation die sich optimal weiterentwickeln m\u00f6chte, braucht auch professionelle externe Organisationsberatung.\",\"breadcrumb\":{\"@id\":\"https:\\\/\\\/www.mental-synergy.at\\\/Mental-Synergy\\\/evaluierung-sportorganisation\\\/#breadcrumb\"},\"inLanguage\":\"de\",\"potentialAction\":[{\"@type\":\"ReadAction\",\"target\":[\"https:\\\/\\\/www.mental-synergy.at\\\/Mental-Synergy\\\/evaluierung-sportorganisation\\\/\"]}]},{\"@type\":\"ImageObject\",\"inLanguage\":\"de\",\"@id\":\"https:\\\/\\\/www.mental-synergy.at\\\/Mental-Synergy\\\/evaluierung-sportorganisation\\\/#primaryimage\",\"url\":\"https:\\\/\\\/www.mental-synergy.at\\\/Mental-Synergy\\\/wp-content\\\/uploads\\\/2024\\\/03\\\/Evaluierungsprozess_Sportorganisation_MentalSynergy_SchusterMario.png\",\"contentUrl\":\"https:\\\/\\\/www.mental-synergy.at\\\/Mental-Synergy\\\/wp-content\\\/uploads\\\/2024\\\/03\\\/Evaluierungsprozess_Sportorganisation_MentalSynergy_SchusterMario.png\",\"width\":3276,\"height\":1704,\"caption\":\"Prozesshafte Darstellung eines Evaluierungsprozesses in Sportorganisationen\"},{\"@type\":\"BreadcrumbList\",\"@id\":\"https:\\\/\\\/www.mental-synergy.at\\\/Mental-Synergy\\\/evaluierung-sportorganisation\\\/#breadcrumb\",\"itemListElement\":[{\"@type\":\"ListItem\",\"position\":1,\"name\":\"Startseite\",\"item\":\"https:\\\/\\\/www.mental-synergy.at\\\/Mental-Synergy\\\/\"},{\"@type\":\"ListItem\",\"position\":2,\"name\":\"Organisationsberatung f\u00fcr Sportorganisationen\"}]},{\"@type\":\"WebSite\",\"@id\":\"https:\\\/\\\/www.mental-synergy.at\\\/Mental-Synergy\\\/#website\",\"url\":\"https:\\\/\\\/www.mental-synergy.at\\\/Mental-Synergy\\\/\",\"name\":\"Mental Synergy\",\"description\":\"Connecting Mental Worlds\",\"publisher\":{\"@id\":\"https:\\\/\\\/www.mental-synergy.at\\\/Mental-Synergy\\\/#organization\"},\"potentialAction\":[{\"@type\":\"SearchAction\",\"target\":{\"@type\":\"EntryPoint\",\"urlTemplate\":\"https:\\\/\\\/www.mental-synergy.at\\\/Mental-Synergy\\\/?s={search_term_string}\"},\"query-input\":{\"@type\":\"PropertyValueSpecification\",\"valueRequired\":true,\"valueName\":\"search_term_string\"}}],\"inLanguage\":\"de\"},{\"@type\":\"Organization\",\"@id\":\"https:\\\/\\\/www.mental-synergy.at\\\/Mental-Synergy\\\/#organization\",\"name\":\"Mental Synergy\",\"url\":\"https:\\\/\\\/www.mental-synergy.at\\\/Mental-Synergy\\\/\",\"logo\":{\"@type\":\"ImageObject\",\"inLanguage\":\"de\",\"@id\":\"https:\\\/\\\/www.mental-synergy.at\\\/Mental-Synergy\\\/#\\\/schema\\\/logo\\\/image\\\/\",\"url\":\"https:\\\/\\\/www.mental-synergy.at\\\/Mental-Synergy\\\/wp-content\\\/uploads\\\/2017\\\/03\\\/MentalSynergy_Logo_Hoch-e1563041177531.png\",\"contentUrl\":\"https:\\\/\\\/www.mental-synergy.at\\\/Mental-Synergy\\\/wp-content\\\/uploads\\\/2017\\\/03\\\/MentalSynergy_Logo_Hoch-e1563041177531.png\",\"width\":250,\"height\":343,\"caption\":\"Mental Synergy\"},\"image\":{\"@id\":\"https:\\\/\\\/www.mental-synergy.at\\\/Mental-Synergy\\\/#\\\/schema\\\/logo\\\/image\\\/\"},\"sameAs\":[\"https:\\\/\\\/www.facebook.com\\\/Mental-Synergy-1578283905805144\\\/\",\"https:\\\/\\\/x.com\\\/SynergyMario\",\"https:\\\/\\\/www.instagram.com\\\/mentalsynergy\\\/\",\"https:\\\/\\\/www.linkedin.com\\\/in\\\/mario-schuster-5226b5128\\\/\",\"https:\\\/\\\/www.youtube.com\\\/channel\\\/UCE0lAgKOJtv4vZ83Ov3HiIg\"]}]}<\/script>\n<!-- \/ Yoast SEO plugin. -->","yoast_head_json":{"title":"Organisationsberatung f\u00fcr Sportorganisationen - Mental Synergy","description":"Evaluierung: Eine Sportorganisation die sich optimal weiterentwickeln m\u00f6chte, braucht auch professionelle externe Organisationsberatung.","robots":{"index":"index","follow":"follow","max-snippet":"max-snippet:-1","max-image-preview":"max-image-preview:large","max-video-preview":"max-video-preview:-1"},"canonical":"https:\/\/www.mental-synergy.at\/Mental-Synergy\/evaluierung-sportorganisation\/","og_locale":"de_DE","og_type":"article","og_title":"Organisationsberatung f\u00fcr Sportorganisationen - Mental Synergy","og_description":"Evaluierung: Eine Sportorganisation die sich optimal weiterentwickeln m\u00f6chte, braucht auch professionelle externe Organisationsberatung.","og_url":"https:\/\/www.mental-synergy.at\/Mental-Synergy\/evaluierung-sportorganisation\/","og_site_name":"Mental Synergy","article_publisher":"https:\/\/www.facebook.com\/Mental-Synergy-1578283905805144\/","article_modified_time":"2025-10-08T12:45:30+00:00","og_image":[{"width":3276,"height":1704,"url":"https:\/\/www.mental-synergy.at\/Mental-Synergy\/wp-content\/uploads\/2024\/03\/Evaluierungsprozess_Sportorganisation_MentalSynergy_SchusterMario.png","type":"image\/png"}],"twitter_card":"summary_large_image","twitter_site":"@SynergyMario","twitter_misc":{"Gesch\u00e4tzte Lesezeit":"3\u00a0Minuten"},"schema":{"@context":"https:\/\/schema.org","@graph":[{"@type":"WebPage","@id":"https:\/\/www.mental-synergy.at\/Mental-Synergy\/evaluierung-sportorganisation\/","url":"https:\/\/www.mental-synergy.at\/Mental-Synergy\/evaluierung-sportorganisation\/","name":"Organisationsberatung f\u00fcr Sportorganisationen - Mental Synergy","isPartOf":{"@id":"https:\/\/www.mental-synergy.at\/Mental-Synergy\/#website"},"primaryImageOfPage":{"@id":"https:\/\/www.mental-synergy.at\/Mental-Synergy\/evaluierung-sportorganisation\/#primaryimage"},"image":{"@id":"https:\/\/www.mental-synergy.at\/Mental-Synergy\/evaluierung-sportorganisation\/#primaryimage"},"thumbnailUrl":"https:\/\/www.mental-synergy.at\/Mental-Synergy\/wp-content\/uploads\/2024\/03\/Evaluierungsprozess_Sportorganisation_MentalSynergy_SchusterMario-1024x533.png","datePublished":"2024-03-22T11:40:46+00:00","dateModified":"2025-10-08T12:45:30+00:00","description":"Evaluierung: Eine Sportorganisation die sich optimal weiterentwickeln m\u00f6chte, braucht auch professionelle externe Organisationsberatung.","breadcrumb":{"@id":"https:\/\/www.mental-synergy.at\/Mental-Synergy\/evaluierung-sportorganisation\/#breadcrumb"},"inLanguage":"de","potentialAction":[{"@type":"ReadAction","target":["https:\/\/www.mental-synergy.at\/Mental-Synergy\/evaluierung-sportorganisation\/"]}]},{"@type":"ImageObject","inLanguage":"de","@id":"https:\/\/www.mental-synergy.at\/Mental-Synergy\/evaluierung-sportorganisation\/#primaryimage","url":"https:\/\/www.mental-synergy.at\/Mental-Synergy\/wp-content\/uploads\/2024\/03\/Evaluierungsprozess_Sportorganisation_MentalSynergy_SchusterMario.png","contentUrl":"https:\/\/www.mental-synergy.at\/Mental-Synergy\/wp-content\/uploads\/2024\/03\/Evaluierungsprozess_Sportorganisation_MentalSynergy_SchusterMario.png","width":3276,"height":1704,"caption":"Prozesshafte Darstellung eines Evaluierungsprozesses in Sportorganisationen"},{"@type":"BreadcrumbList","@id":"https:\/\/www.mental-synergy.at\/Mental-Synergy\/evaluierung-sportorganisation\/#breadcrumb","itemListElement":[{"@type":"ListItem","position":1,"name":"Startseite","item":"https:\/\/www.mental-synergy.at\/Mental-Synergy\/"},{"@type":"ListItem","position":2,"name":"Organisationsberatung f\u00fcr Sportorganisationen"}]},{"@type":"WebSite","@id":"https:\/\/www.mental-synergy.at\/Mental-Synergy\/#website","url":"https:\/\/www.mental-synergy.at\/Mental-Synergy\/","name":"Mental Synergy","description":"Connecting Mental Worlds","publisher":{"@id":"https:\/\/www.mental-synergy.at\/Mental-Synergy\/#organization"},"potentialAction":[{"@type":"SearchAction","target":{"@type":"EntryPoint","urlTemplate":"https:\/\/www.mental-synergy.at\/Mental-Synergy\/?s={search_term_string}"},"query-input":{"@type":"PropertyValueSpecification","valueRequired":true,"valueName":"search_term_string"}}],"inLanguage":"de"},{"@type":"Organization","@id":"https:\/\/www.mental-synergy.at\/Mental-Synergy\/#organization","name":"Mental Synergy","url":"https:\/\/www.mental-synergy.at\/Mental-Synergy\/","logo":{"@type":"ImageObject","inLanguage":"de","@id":"https:\/\/www.mental-synergy.at\/Mental-Synergy\/#\/schema\/logo\/image\/","url":"https:\/\/www.mental-synergy.at\/Mental-Synergy\/wp-content\/uploads\/2017\/03\/MentalSynergy_Logo_Hoch-e1563041177531.png","contentUrl":"https:\/\/www.mental-synergy.at\/Mental-Synergy\/wp-content\/uploads\/2017\/03\/MentalSynergy_Logo_Hoch-e1563041177531.png","width":250,"height":343,"caption":"Mental Synergy"},"image":{"@id":"https:\/\/www.mental-synergy.at\/Mental-Synergy\/#\/schema\/logo\/image\/"},"sameAs":["https:\/\/www.facebook.com\/Mental-Synergy-1578283905805144\/","https:\/\/x.com\/SynergyMario","https:\/\/www.instagram.com\/mentalsynergy\/","https:\/\/www.linkedin.com\/in\/mario-schuster-5226b5128\/","https:\/\/www.youtube.com\/channel\/UCE0lAgKOJtv4vZ83Ov3HiIg"]}]}},"rttpg_featured_image_url":null,"rttpg_author":{"display_name":"Mario Schuster","author_link":"https:\/\/www.mental-synergy.at\/Mental-Synergy\/author\/mental-synergy\/"},"rttpg_comment":0,"rttpg_category":null,"rttpg_excerpt":"Inwiefern profitieren Sportorganisationen von Evaluierungen? Egal ob Sportvereine oder Sportverb\u00e4nde: Eine professionelle Evaluierung von psychischen Belastungen\u00a0mit evidenten Methoden bietet den Verantwortlichen der Sportorganisationen eine profunde Beratung mit dem Ziel richtungsweisende Ma\u00dfnahmen f\u00fcr eine ges\u00fcndere, kreativere und leistungsst\u00e4rkere sportliche Zukunft zu","_links":{"self":[{"href":"https:\/\/www.mental-synergy.at\/Mental-Synergy\/wp-json\/wp\/v2\/pages\/1651","targetHints":{"allow":["GET"]}}],"collection":[{"href":"https:\/\/www.mental-synergy.at\/Mental-Synergy\/wp-json\/wp\/v2\/pages"}],"about":[{"href":"https:\/\/www.mental-synergy.at\/Mental-Synergy\/wp-json\/wp\/v2\/types\/page"}],"author":[{"embeddable":true,"href":"https:\/\/www.mental-synergy.at\/Mental-Synergy\/wp-json\/wp\/v2\/users\/1"}],"replies":[{"embeddable":true,"href":"https:\/\/www.mental-synergy.at\/Mental-Synergy\/wp-json\/wp\/v2\/comments?post=1651"}],"version-history":[{"count":0,"href":"https:\/\/www.mental-synergy.at\/Mental-Synergy\/wp-json\/wp\/v2\/pages\/1651\/revisions"}],"wp:attachment":[{"href":"https:\/\/www.mental-synergy.at\/Mental-Synergy\/wp-json\/wp\/v2\/media?parent=1651"}],"curies":[{"name":"wp","href":"https:\/\/api.w.org\/{rel}","templated":true}]}}