{"id":1181,"date":"2021-04-07T15:42:24","date_gmt":"2021-04-07T13:42:24","guid":{"rendered":"http:\/\/www.mental-synergy.at\/Mental-Synergy\/?page_id=1181"},"modified":"2021-04-08T13:26:03","modified_gmt":"2021-04-08T11:26:03","slug":"downloads-prokrastination","status":"publish","type":"page","link":"https:\/\/www.mental-synergy.at\/Mental-Synergy\/downloads-prokrastination\/","title":{"rendered":"Downloads | Prokrastination"},"content":{"rendered":"\n<p>Im Mental Synergy Downloadcenter werden exklusiv zus\u00e4tzliche Materialien f\u00fcr meine Kundinnen und Kunden zur Verf\u00fcgung gestellt.<\/p>\n\n\n\n<h2 class=\"wp-block-heading\"><span style=\"color:#cf2e2e\" class=\"tadv-color\">Prokrastination<\/span><\/h2>\n\n\n\n<div class=\"wp-block-file\"><a href=\"https:\/\/www.mental-synergy.at\/Mental-Synergy\/wp-content\/uploads\/2021\/04\/PP-Prokrastination-Teil-1-kompakt.pdf\">PP-Prokrastination-Teil-1<\/a><a href=\"https:\/\/www.mental-synergy.at\/Mental-Synergy\/wp-content\/uploads\/2021\/04\/PP-Prokrastination-Teil-1-kompakt.pdf\" class=\"wp-block-file__button\" download>Herunterladen<\/a><\/div>\n\n\n\n<div class=\"wp-block-file\"><a href=\"https:\/\/www.mental-synergy.at\/Mental-Synergy\/wp-content\/uploads\/2021\/04\/Prokrastination_Umsetzungsplan_ver070421.docx\" target=\"_blank\" rel=\"noreferrer noopener\">Prokrastination_Umsetzungsplan_ver070421<\/a><a href=\"https:\/\/www.mental-synergy.at\/Mental-Synergy\/wp-content\/uploads\/2021\/04\/Prokrastination_Umsetzungsplan_ver070421.docx\" class=\"wp-block-file__button\" download>Herunterladen<\/a><\/div>\n\n\n\n<div class=\"wp-block-file\"><a href=\"https:\/\/www.mental-synergy.at\/Mental-Synergy\/wp-content\/uploads\/2021\/04\/Prokrastinationstagebuch_ver070421.docx\" target=\"_blank\" rel=\"noreferrer noopener\">Prokrastinationstagebuch_ver070421<\/a><a href=\"https:\/\/www.mental-synergy.at\/Mental-Synergy\/wp-content\/uploads\/2021\/04\/Prokrastinationstagebuch_ver070421.docx\" class=\"wp-block-file__button\" download>Herunterladen<\/a><\/div>\n\n\n\n\n\n<hr class=\"wp-block-separator\"\/>\n\n\n\n<div class=\"wp-block-image is-style-rounded\"><figure class=\"alignleft size-large is-resized\"><img loading=\"lazy\" decoding=\"async\" src=\"https:\/\/www.mental-synergy.at\/Mental-Synergy\/wp-content\/uploads\/2021\/04\/Prokrastination_Weggabelung_pbcc-1024x382.jpg\" alt=\"Prokrastination - Weggabelung - Verkehrsschild\" class=\"wp-image-1191\" width=\"512\" height=\"191\" srcset=\"https:\/\/www.mental-synergy.at\/Mental-Synergy\/wp-content\/uploads\/2021\/04\/Prokrastination_Weggabelung_pbcc-1024x382.jpg 1024w, https:\/\/www.mental-synergy.at\/Mental-Synergy\/wp-content\/uploads\/2021\/04\/Prokrastination_Weggabelung_pbcc-300x112.jpg 300w, https:\/\/www.mental-synergy.at\/Mental-Synergy\/wp-content\/uploads\/2021\/04\/Prokrastination_Weggabelung_pbcc-768x287.jpg 768w, https:\/\/www.mental-synergy.at\/Mental-Synergy\/wp-content\/uploads\/2021\/04\/Prokrastination_Weggabelung_pbcc-50x19.jpg 50w, https:\/\/www.mental-synergy.at\/Mental-Synergy\/wp-content\/uploads\/2021\/04\/Prokrastination_Weggabelung_pbcc-134x50.jpg 134w, https:\/\/www.mental-synergy.at\/Mental-Synergy\/wp-content\/uploads\/2021\/04\/Prokrastination_Weggabelung_pbcc-100x37.jpg 100w, https:\/\/www.mental-synergy.at\/Mental-Synergy\/wp-content\/uploads\/2021\/04\/Prokrastination_Weggabelung_pbcc-268x100.jpg 268w, https:\/\/www.mental-synergy.at\/Mental-Synergy\/wp-content\/uploads\/2021\/04\/Prokrastination_Weggabelung_pbcc-640x239.jpg 640w, https:\/\/www.mental-synergy.at\/Mental-Synergy\/wp-content\/uploads\/2021\/04\/Prokrastination_Weggabelung_pbcc.jpg 1280w\" sizes=\"auto, (max-width: 512px) 100vw, 512px\" \/><figcaption>Entscheide dich f\u00fcr JETZT SOFORT!<\/figcaption><\/figure><\/div>\n","protected":false},"excerpt":{"rendered":"<p>Im Mental Synergy Downloadcenter werden exklusiv zus\u00e4tzliche Materialien zum Thema Prokrastination f\u00fcr meine Kundinnen und Kunden zur Verf\u00fcgung gestellt.<\/p>\n","protected":false},"author":1,"featured_media":1191,"parent":0,"menu_order":0,"comment_status":"closed","ping_status":"closed","template":"","meta":{"_exactmetrics_skip_tracking":false,"_exactmetrics_sitenote_active":false,"_exactmetrics_sitenote_note":"","_exactmetrics_sitenote_category":0,"footnotes":""},"class_list":["post-1181","page","type-page","status-publish","has-post-thumbnail","hentry","","tg-column-two"],"yoast_head":"<!-- This site is optimized with the Yoast SEO plugin v27.3 - https:\/\/yoast.com\/product\/yoast-seo-wordpress\/ -->\n<title>Downloads | Prokrastination - Mental Synergy<\/title>\n<meta name=\"robots\" content=\"index, follow, max-snippet:-1, max-image-preview:large, max-video-preview:-1\" \/>\n<link rel=\"canonical\" href=\"https:\/\/www.mental-synergy.at\/Mental-Synergy\/downloads-prokrastination\/\" \/>\n<meta property=\"og:locale\" content=\"de_DE\" \/>\n<meta property=\"og:type\" content=\"article\" \/>\n<meta property=\"og:title\" content=\"Downloads | Prokrastination - Mental Synergy\" \/>\n<meta property=\"og:description\" content=\"Im Mental Synergy Downloadcenter werden exklusiv zus\u00e4tzliche Materialien zum Thema Prokrastination f\u00fcr meine Kundinnen und Kunden zur Verf\u00fcgung gestellt.\" \/>\n<meta property=\"og:url\" content=\"https:\/\/www.mental-synergy.at\/Mental-Synergy\/downloads-prokrastination\/\" \/>\n<meta property=\"og:site_name\" content=\"Mental Synergy\" \/>\n<meta property=\"article:publisher\" content=\"https:\/\/www.facebook.com\/Mental-Synergy-1578283905805144\/\" \/>\n<meta property=\"article:modified_time\" content=\"2021-04-08T11:26:03+00:00\" \/>\n<meta property=\"og:image\" content=\"https:\/\/www.mental-synergy.at\/Mental-Synergy\/wp-content\/uploads\/2021\/04\/Prokrastination_Weggabelung_pbcc.jpg\" \/>\n\t<meta property=\"og:image:width\" content=\"1280\" \/>\n\t<meta property=\"og:image:height\" content=\"478\" \/>\n\t<meta property=\"og:image:type\" content=\"image\/jpeg\" \/>\n<meta name=\"twitter:card\" content=\"summary_large_image\" \/>\n<meta name=\"twitter:site\" content=\"@SynergyMario\" \/>\n<meta name=\"twitter:label1\" content=\"Gesch\u00e4tzte Lesezeit\" \/>\n\t<meta name=\"twitter:data1\" content=\"1\u00a0Minute\" \/>\n<script type=\"application\/ld+json\" class=\"yoast-schema-graph\">{\"@context\":\"https:\\\/\\\/schema.org\",\"@graph\":[{\"@type\":\"WebPage\",\"@id\":\"https:\\\/\\\/www.mental-synergy.at\\\/Mental-Synergy\\\/downloads-prokrastination\\\/\",\"url\":\"https:\\\/\\\/www.mental-synergy.at\\\/Mental-Synergy\\\/downloads-prokrastination\\\/\",\"name\":\"Downloads | Prokrastination - Mental Synergy\",\"isPartOf\":{\"@id\":\"https:\\\/\\\/www.mental-synergy.at\\\/Mental-Synergy\\\/#website\"},\"primaryImageOfPage\":{\"@id\":\"https:\\\/\\\/www.mental-synergy.at\\\/Mental-Synergy\\\/downloads-prokrastination\\\/#primaryimage\"},\"image\":{\"@id\":\"https:\\\/\\\/www.mental-synergy.at\\\/Mental-Synergy\\\/downloads-prokrastination\\\/#primaryimage\"},\"thumbnailUrl\":\"https:\\\/\\\/www.mental-synergy.at\\\/Mental-Synergy\\\/wp-content\\\/uploads\\\/2021\\\/04\\\/Prokrastination_Weggabelung_pbcc.jpg\",\"datePublished\":\"2021-04-07T13:42:24+00:00\",\"dateModified\":\"2021-04-08T11:26:03+00:00\",\"breadcrumb\":{\"@id\":\"https:\\\/\\\/www.mental-synergy.at\\\/Mental-Synergy\\\/downloads-prokrastination\\\/#breadcrumb\"},\"inLanguage\":\"de\",\"potentialAction\":[{\"@type\":\"ReadAction\",\"target\":[\"https:\\\/\\\/www.mental-synergy.at\\\/Mental-Synergy\\\/downloads-prokrastination\\\/\"]}]},{\"@type\":\"ImageObject\",\"inLanguage\":\"de\",\"@id\":\"https:\\\/\\\/www.mental-synergy.at\\\/Mental-Synergy\\\/downloads-prokrastination\\\/#primaryimage\",\"url\":\"https:\\\/\\\/www.mental-synergy.at\\\/Mental-Synergy\\\/wp-content\\\/uploads\\\/2021\\\/04\\\/Prokrastination_Weggabelung_pbcc.jpg\",\"contentUrl\":\"https:\\\/\\\/www.mental-synergy.at\\\/Mental-Synergy\\\/wp-content\\\/uploads\\\/2021\\\/04\\\/Prokrastination_Weggabelung_pbcc.jpg\",\"width\":1280,\"height\":478,\"caption\":\"Prokrastination - Weggabelung - Verkehrsschild\"},{\"@type\":\"BreadcrumbList\",\"@id\":\"https:\\\/\\\/www.mental-synergy.at\\\/Mental-Synergy\\\/downloads-prokrastination\\\/#breadcrumb\",\"itemListElement\":[{\"@type\":\"ListItem\",\"position\":1,\"name\":\"Startseite\",\"item\":\"https:\\\/\\\/www.mental-synergy.at\\\/Mental-Synergy\\\/\"},{\"@type\":\"ListItem\",\"position\":2,\"name\":\"Downloads | Prokrastination\"}]},{\"@type\":\"WebSite\",\"@id\":\"https:\\\/\\\/www.mental-synergy.at\\\/Mental-Synergy\\\/#website\",\"url\":\"https:\\\/\\\/www.mental-synergy.at\\\/Mental-Synergy\\\/\",\"name\":\"Mental Synergy\",\"description\":\"Connecting Mental Worlds\",\"publisher\":{\"@id\":\"https:\\\/\\\/www.mental-synergy.at\\\/Mental-Synergy\\\/#organization\"},\"potentialAction\":[{\"@type\":\"SearchAction\",\"target\":{\"@type\":\"EntryPoint\",\"urlTemplate\":\"https:\\\/\\\/www.mental-synergy.at\\\/Mental-Synergy\\\/?s={search_term_string}\"},\"query-input\":{\"@type\":\"PropertyValueSpecification\",\"valueRequired\":true,\"valueName\":\"search_term_string\"}}],\"inLanguage\":\"de\"},{\"@type\":\"Organization\",\"@id\":\"https:\\\/\\\/www.mental-synergy.at\\\/Mental-Synergy\\\/#organization\",\"name\":\"Mental Synergy\",\"url\":\"https:\\\/\\\/www.mental-synergy.at\\\/Mental-Synergy\\\/\",\"logo\":{\"@type\":\"ImageObject\",\"inLanguage\":\"de\",\"@id\":\"https:\\\/\\\/www.mental-synergy.at\\\/Mental-Synergy\\\/#\\\/schema\\\/logo\\\/image\\\/\",\"url\":\"https:\\\/\\\/www.mental-synergy.at\\\/Mental-Synergy\\\/wp-content\\\/uploads\\\/2017\\\/03\\\/MentalSynergy_Logo_Hoch-e1563041177531.png\",\"contentUrl\":\"https:\\\/\\\/www.mental-synergy.at\\\/Mental-Synergy\\\/wp-content\\\/uploads\\\/2017\\\/03\\\/MentalSynergy_Logo_Hoch-e1563041177531.png\",\"width\":250,\"height\":343,\"caption\":\"Mental Synergy\"},\"image\":{\"@id\":\"https:\\\/\\\/www.mental-synergy.at\\\/Mental-Synergy\\\/#\\\/schema\\\/logo\\\/image\\\/\"},\"sameAs\":[\"https:\\\/\\\/www.facebook.com\\\/Mental-Synergy-1578283905805144\\\/\",\"https:\\\/\\\/x.com\\\/SynergyMario\",\"https:\\\/\\\/www.instagram.com\\\/mentalsynergy\\\/\",\"https:\\\/\\\/www.linkedin.com\\\/in\\\/mario-schuster-5226b5128\\\/\",\"https:\\\/\\\/www.youtube.com\\\/channel\\\/UCE0lAgKOJtv4vZ83Ov3HiIg\"]}]}<\/script>\n<!-- \/ Yoast SEO plugin. -->","yoast_head_json":{"title":"Downloads | Prokrastination - Mental Synergy","robots":{"index":"index","follow":"follow","max-snippet":"max-snippet:-1","max-image-preview":"max-image-preview:large","max-video-preview":"max-video-preview:-1"},"canonical":"https:\/\/www.mental-synergy.at\/Mental-Synergy\/downloads-prokrastination\/","og_locale":"de_DE","og_type":"article","og_title":"Downloads | Prokrastination - Mental Synergy","og_description":"Im Mental Synergy Downloadcenter werden exklusiv zus\u00e4tzliche Materialien zum Thema Prokrastination f\u00fcr meine Kundinnen und Kunden zur Verf\u00fcgung gestellt.","og_url":"https:\/\/www.mental-synergy.at\/Mental-Synergy\/downloads-prokrastination\/","og_site_name":"Mental Synergy","article_publisher":"https:\/\/www.facebook.com\/Mental-Synergy-1578283905805144\/","article_modified_time":"2021-04-08T11:26:03+00:00","og_image":[{"width":1280,"height":478,"url":"https:\/\/www.mental-synergy.at\/Mental-Synergy\/wp-content\/uploads\/2021\/04\/Prokrastination_Weggabelung_pbcc.jpg","type":"image\/jpeg"}],"twitter_card":"summary_large_image","twitter_site":"@SynergyMario","twitter_misc":{"Gesch\u00e4tzte Lesezeit":"1\u00a0Minute"},"schema":{"@context":"https:\/\/schema.org","@graph":[{"@type":"WebPage","@id":"https:\/\/www.mental-synergy.at\/Mental-Synergy\/downloads-prokrastination\/","url":"https:\/\/www.mental-synergy.at\/Mental-Synergy\/downloads-prokrastination\/","name":"Downloads | Prokrastination - Mental Synergy","isPartOf":{"@id":"https:\/\/www.mental-synergy.at\/Mental-Synergy\/#website"},"primaryImageOfPage":{"@id":"https:\/\/www.mental-synergy.at\/Mental-Synergy\/downloads-prokrastination\/#primaryimage"},"image":{"@id":"https:\/\/www.mental-synergy.at\/Mental-Synergy\/downloads-prokrastination\/#primaryimage"},"thumbnailUrl":"https:\/\/www.mental-synergy.at\/Mental-Synergy\/wp-content\/uploads\/2021\/04\/Prokrastination_Weggabelung_pbcc.jpg","datePublished":"2021-04-07T13:42:24+00:00","dateModified":"2021-04-08T11:26:03+00:00","breadcrumb":{"@id":"https:\/\/www.mental-synergy.at\/Mental-Synergy\/downloads-prokrastination\/#breadcrumb"},"inLanguage":"de","potentialAction":[{"@type":"ReadAction","target":["https:\/\/www.mental-synergy.at\/Mental-Synergy\/downloads-prokrastination\/"]}]},{"@type":"ImageObject","inLanguage":"de","@id":"https:\/\/www.mental-synergy.at\/Mental-Synergy\/downloads-prokrastination\/#primaryimage","url":"https:\/\/www.mental-synergy.at\/Mental-Synergy\/wp-content\/uploads\/2021\/04\/Prokrastination_Weggabelung_pbcc.jpg","contentUrl":"https:\/\/www.mental-synergy.at\/Mental-Synergy\/wp-content\/uploads\/2021\/04\/Prokrastination_Weggabelung_pbcc.jpg","width":1280,"height":478,"caption":"Prokrastination - Weggabelung - Verkehrsschild"},{"@type":"BreadcrumbList","@id":"https:\/\/www.mental-synergy.at\/Mental-Synergy\/downloads-prokrastination\/#breadcrumb","itemListElement":[{"@type":"ListItem","position":1,"name":"Startseite","item":"https:\/\/www.mental-synergy.at\/Mental-Synergy\/"},{"@type":"ListItem","position":2,"name":"Downloads | Prokrastination"}]},{"@type":"WebSite","@id":"https:\/\/www.mental-synergy.at\/Mental-Synergy\/#website","url":"https:\/\/www.mental-synergy.at\/Mental-Synergy\/","name":"Mental Synergy","description":"Connecting Mental Worlds","publisher":{"@id":"https:\/\/www.mental-synergy.at\/Mental-Synergy\/#organization"},"potentialAction":[{"@type":"SearchAction","target":{"@type":"EntryPoint","urlTemplate":"https:\/\/www.mental-synergy.at\/Mental-Synergy\/?s={search_term_string}"},"query-input":{"@type":"PropertyValueSpecification","valueRequired":true,"valueName":"search_term_string"}}],"inLanguage":"de"},{"@type":"Organization","@id":"https:\/\/www.mental-synergy.at\/Mental-Synergy\/#organization","name":"Mental Synergy","url":"https:\/\/www.mental-synergy.at\/Mental-Synergy\/","logo":{"@type":"ImageObject","inLanguage":"de","@id":"https:\/\/www.mental-synergy.at\/Mental-Synergy\/#\/schema\/logo\/image\/","url":"https:\/\/www.mental-synergy.at\/Mental-Synergy\/wp-content\/uploads\/2017\/03\/MentalSynergy_Logo_Hoch-e1563041177531.png","contentUrl":"https:\/\/www.mental-synergy.at\/Mental-Synergy\/wp-content\/uploads\/2017\/03\/MentalSynergy_Logo_Hoch-e1563041177531.png","width":250,"height":343,"caption":"Mental Synergy"},"image":{"@id":"https:\/\/www.mental-synergy.at\/Mental-Synergy\/#\/schema\/logo\/image\/"},"sameAs":["https:\/\/www.facebook.com\/Mental-Synergy-1578283905805144\/","https:\/\/x.com\/SynergyMario","https:\/\/www.instagram.com\/mentalsynergy\/","https:\/\/www.linkedin.com\/in\/mario-schuster-5226b5128\/","https:\/\/www.youtube.com\/channel\/UCE0lAgKOJtv4vZ83Ov3HiIg"]}]}},"rttpg_featured_image_url":{"full":["https:\/\/www.mental-synergy.at\/Mental-Synergy\/wp-content\/uploads\/2021\/04\/Prokrastination_Weggabelung_pbcc.jpg",1280,478,false],"landscape":["https:\/\/www.mental-synergy.at\/Mental-Synergy\/wp-content\/uploads\/2021\/04\/Prokrastination_Weggabelung_pbcc.jpg",1280,478,false],"portraits":["https:\/\/www.mental-synergy.at\/Mental-Synergy\/wp-content\/uploads\/2021\/04\/Prokrastination_Weggabelung_pbcc.jpg",1280,478,false],"thumbnail":["https:\/\/www.mental-synergy.at\/Mental-Synergy\/wp-content\/uploads\/2021\/04\/Prokrastination_Weggabelung_pbcc-150x150.jpg",150,150,true],"medium":["https:\/\/www.mental-synergy.at\/Mental-Synergy\/wp-content\/uploads\/2021\/04\/Prokrastination_Weggabelung_pbcc-300x112.jpg",300,112,true],"large":["https:\/\/www.mental-synergy.at\/Mental-Synergy\/wp-content\/uploads\/2021\/04\/Prokrastination_Weggabelung_pbcc-1024x382.jpg",720,269,true],"1536x1536":["https:\/\/www.mental-synergy.at\/Mental-Synergy\/wp-content\/uploads\/2021\/04\/Prokrastination_Weggabelung_pbcc.jpg",1280,478,false],"2048x2048":["https:\/\/www.mental-synergy.at\/Mental-Synergy\/wp-content\/uploads\/2021\/04\/Prokrastination_Weggabelung_pbcc.jpg",1280,478,false],"cosmic-thumbnail-50xAUTO":["https:\/\/www.mental-synergy.at\/Mental-Synergy\/wp-content\/uploads\/2021\/04\/Prokrastination_Weggabelung_pbcc-50x19.jpg",50,19,true],"cosmic-thumbnail-AUTOx50":["https:\/\/www.mental-synergy.at\/Mental-Synergy\/wp-content\/uploads\/2021\/04\/Prokrastination_Weggabelung_pbcc-134x50.jpg",134,50,true],"cosmic-thumbnail-100xAUTO":["https:\/\/www.mental-synergy.at\/Mental-Synergy\/wp-content\/uploads\/2021\/04\/Prokrastination_Weggabelung_pbcc-100x37.jpg",100,37,true],"cosmic-thumbnail-AUTOx100":["https:\/\/www.mental-synergy.at\/Mental-Synergy\/wp-content\/uploads\/2021\/04\/Prokrastination_Weggabelung_pbcc-268x100.jpg",268,100,true],"cosmic-thumbnail-100x100":["https:\/\/www.mental-synergy.at\/Mental-Synergy\/wp-content\/uploads\/2021\/04\/Prokrastination_Weggabelung_pbcc-100x100.jpg",100,100,true],"cosmic-thumbnail-150x150":["https:\/\/www.mental-synergy.at\/Mental-Synergy\/wp-content\/uploads\/2021\/04\/Prokrastination_Weggabelung_pbcc-150x150.jpg",150,150,true],"cosmic-thumbnail-300x225":["https:\/\/www.mental-synergy.at\/Mental-Synergy\/wp-content\/uploads\/2021\/04\/Prokrastination_Weggabelung_pbcc-300x225.jpg",300,225,true],"cosmic-thumbnail-640x640":["https:\/\/www.mental-synergy.at\/Mental-Synergy\/wp-content\/uploads\/2021\/04\/Prokrastination_Weggabelung_pbcc-640x640.jpg",640,640,true],"cosmic-thumbnail-AUTOx640":["https:\/\/www.mental-synergy.at\/Mental-Synergy\/wp-content\/uploads\/2021\/04\/Prokrastination_Weggabelung_pbcc.jpg",1280,478,false],"cosmic-thumbnail-640xAUTO":["https:\/\/www.mental-synergy.at\/Mental-Synergy\/wp-content\/uploads\/2021\/04\/Prokrastination_Weggabelung_pbcc-640x239.jpg",640,239,true],"cosmic-thumbnail-960x960":["https:\/\/www.mental-synergy.at\/Mental-Synergy\/wp-content\/uploads\/2021\/04\/Prokrastination_Weggabelung_pbcc-960x960.jpg",960,960,true],"cosmic-thumbnail-AUTOx960":["https:\/\/www.mental-synergy.at\/Mental-Synergy\/wp-content\/uploads\/2021\/04\/Prokrastination_Weggabelung_pbcc.jpg",1280,478,false],"cosmic-thumbnail-960xAUTO":["https:\/\/www.mental-synergy.at\/Mental-Synergy\/wp-content\/uploads\/2021\/04\/Prokrastination_Weggabelung_pbcc.jpg",960,359,false],"cosmic-thumbnail-1024x768":["https:\/\/www.mental-synergy.at\/Mental-Synergy\/wp-content\/uploads\/2021\/04\/Prokrastination_Weggabelung_pbcc-1024x768.jpg",1024,768,true],"cosmic-thumbnail-AUTOx768":["https:\/\/www.mental-synergy.at\/Mental-Synergy\/wp-content\/uploads\/2021\/04\/Prokrastination_Weggabelung_pbcc.jpg",1280,478,false],"cosmic-thumbnail-1024xAUTO":["https:\/\/www.mental-synergy.at\/Mental-Synergy\/wp-content\/uploads\/2021\/04\/Prokrastination_Weggabelung_pbcc-1024x382.jpg",1024,382,true],"cosmic-thumbnail-1920x1080":["https:\/\/www.mental-synergy.at\/Mental-Synergy\/wp-content\/uploads\/2021\/04\/Prokrastination_Weggabelung_pbcc-1920x1080.jpg",1920,1080,true],"cosmic-thumbnail-AUTOx1080":["https:\/\/www.mental-synergy.at\/Mental-Synergy\/wp-content\/uploads\/2021\/04\/Prokrastination_Weggabelung_pbcc.jpg",1280,478,false],"cosmic-thumbnail-1920xAUTO":["https:\/\/www.mental-synergy.at\/Mental-Synergy\/wp-content\/uploads\/2021\/04\/Prokrastination_Weggabelung_pbcc.jpg",1280,478,false],"featured-blog-large":["https:\/\/www.mental-synergy.at\/Mental-Synergy\/wp-content\/uploads\/2021\/04\/Prokrastination_Weggabelung_pbcc-720x300.jpg",720,300,true],"featured-blog-small":["https:\/\/www.mental-synergy.at\/Mental-Synergy\/wp-content\/uploads\/2021\/04\/Prokrastination_Weggabelung_pbcc-230x230.jpg",230,230,true],"featured-service":["https:\/\/www.mental-synergy.at\/Mental-Synergy\/wp-content\/uploads\/2021\/04\/Prokrastination_Weggabelung_pbcc-600x330.jpg",600,330,true],"featured-recent-work":["https:\/\/www.mental-synergy.at\/Mental-Synergy\/wp-content\/uploads\/2021\/04\/Prokrastination_Weggabelung_pbcc-365x365.jpg",365,365,true]},"rttpg_author":{"display_name":"Mario Schuster","author_link":"https:\/\/www.mental-synergy.at\/Mental-Synergy\/author\/mental-synergy\/"},"rttpg_comment":0,"rttpg_category":null,"rttpg_excerpt":"Im Mental Synergy Downloadcenter werden exklusiv zus\u00e4tzliche Materialien zum Thema Prokrastination f\u00fcr meine Kundinnen und Kunden zur Verf\u00fcgung gestellt.","_links":{"self":[{"href":"https:\/\/www.mental-synergy.at\/Mental-Synergy\/wp-json\/wp\/v2\/pages\/1181","targetHints":{"allow":["GET"]}}],"collection":[{"href":"https:\/\/www.mental-synergy.at\/Mental-Synergy\/wp-json\/wp\/v2\/pages"}],"about":[{"href":"https:\/\/www.mental-synergy.at\/Mental-Synergy\/wp-json\/wp\/v2\/types\/page"}],"author":[{"embeddable":true,"href":"https:\/\/www.mental-synergy.at\/Mental-Synergy\/wp-json\/wp\/v2\/users\/1"}],"replies":[{"embeddable":true,"href":"https:\/\/www.mental-synergy.at\/Mental-Synergy\/wp-json\/wp\/v2\/comments?post=1181"}],"version-history":[{"count":0,"href":"https:\/\/www.mental-synergy.at\/Mental-Synergy\/wp-json\/wp\/v2\/pages\/1181\/revisions"}],"wp:featuredmedia":[{"embeddable":true,"href":"https:\/\/www.mental-synergy.at\/Mental-Synergy\/wp-json\/wp\/v2\/media\/1191"}],"wp:attachment":[{"href":"https:\/\/www.mental-synergy.at\/Mental-Synergy\/wp-json\/wp\/v2\/media?parent=1181"}],"curies":[{"name":"wp","href":"https:\/\/api.w.org\/{rel}","templated":true}]}}