{"id":10,"date":"2016-08-31T00:49:38","date_gmt":"2016-08-30T22:49:38","guid":{"rendered":"http:\/\/www.mental-synergy.at\/Mental-Synergy\/?page_id=10"},"modified":"2026-01-22T12:58:32","modified_gmt":"2026-01-22T11:58:32","slug":"start","status":"publish","type":"page","link":"https:\/\/www.mental-synergy.at\/Mental-Synergy\/","title":{"rendered":"Start"},"content":{"rendered":"\n<h2 class=\"wp-block-heading\">Wof\u00fcr steht Mental Synergy?<\/h2>\n\n\n\n<p>Ich freue mich, dass du dich entschieden hast die Website von <strong>Mental Synergy<\/strong> zu besuchen. <\/p>\n\n\n\n<p>Hinter <strong>Mental Synergy<\/strong> steht die Vision der Entfaltung <strong>mentaler Kompetenzen in Sport, Arbeit und Wirtschaft<\/strong> und reicht von Einzelpersonen bis hin zu Teams und Organisationen. Durch den gezielten Transfer zeitgem\u00e4\u00dfer wissenschaftlicher Erkenntnisse und deren Integration in die Praxis wird das qualitative Niveau auf einem hohen Standard gehalten. <\/p>\n\n\n\n<p>Die <strong>Kernkompetenz<\/strong> von <strong>Mental Synergy<\/strong> liegt in der Beratung zu spezifischen gesundheitlichen und psychologischen Fragestellungen sowie dem Training <strong>mentaler Kompetenzen<\/strong> zwecks St\u00e4rkung von Leistungsf\u00e4higkeit und Gesundheit in <strong>Sport<\/strong>, <strong>Arbeit &amp; Wirtschaft.<\/strong> Die Kompetenzen werden mittels Coachings als auch Vortr\u00e4gen, Seminaren, Workshops, Webinaren und Trainings systematisch aufgebaut und bei Bedarf ma\u00dfgeschneidert entwickelt.<\/p>\n\n\n\n<h2>Was macht Mental Synergy so besonders?<\/h2>\n\n\n\n<p>Wertvolle Erkenntnisse aus der <strong>Arbeits- und Organisationspsychologie<\/strong>, <strong>Sportpsychologie<\/strong>, <strong>Bildungspsychologie<\/strong>, <strong>Wirtschaftspsychologie<\/strong> und der <strong>Sportwissenschaft<\/strong> bleiben somit nicht nur Wissenschaftlern vorbehalten. Vielmehr werden diese nun auch Spitzensportler:innen, Trainer:innen, F\u00fchrungskr\u00e4ften und Mitarbeiter:innen praxistauglich serviert und anhand spezieller Designs trainiert. Denn die steigenden Anforderungen in Sport, Arbeit &amp; Wirtschaft und im pers\u00f6nlichen Alltag erfordern zunehmend mentale Kompetenzen um kurz- und langfristige Belastungssituationen konstruktiv zu bew\u00e4ltigen und um die jeweiligen unternehmerischen, sportlichen oder pers\u00f6nlichen Ziele zu erreichen und zugleich die Gesundheit zu erhalten.<\/p>\n\n\n\n<p>Seit 2017 sammle ich <strong>facheinschl\u00e4gige Erfahrung<\/strong> in der Zusammenarbeit mit F\u00fchrungskr\u00e4ften, Personalentwickler:innen, Mitarbeiter:innen als auch Sporter:innen und habe meine Programme und Prozesse seitdem stets weiterentwickelt. Bei komplexeren Fragestellungen und gr\u00f6\u00dferen Projekten arbeite ich auch gemeinsam mit Partnern an der Entwicklung von L\u00f6sungen und Umsetzung von gezielten Ma\u00dfnahmen.<\/p>\n\n\n\n\n\n\n\n<h2 class=\"wp-block-heading\"><em>Sport oder Arbeit &amp; Wirtschaft<\/em>: <br>Was sind die zentralen S\u00e4ulen von Mental Synergy?<\/h2>\n\n\n\n<p>Die 2 S\u00e4ulen von Mental Synergy auf einen Blick: Zwei Spezialisierungen und viele Gemeinsamkeiten! Doch erst die Erfahrung in beiden Bereichen schafft eine seltene Schnittstelle, von der beide Bereiche profitieren k\u00f6nnen!<\/p>\n\n\n\n<div id=\"\" class=\"wp-block-cwp-links-image cwp-common-main-wrap cwp-full-width-wide-container\"><div class=\"cwp-common-main-wrap-inner\" style=\"padding-top:50px;padding-bottom:50px\" data-scroll-class=\"pulse\" data-scroll-delay=\"10\" data-scroll-threshold=\"40\"><div class=\"cwp-main-wrapper cwp-2-column\"><div class=\"cwp-inner-wrap\"><div class=\"cwp-content-wrap cwp-content-wrap-has-background\" style=\"background:#bb9c58;border-radius:20px;padding:15px\"><div class=\"cwp-list-content-wrap\"><div class=\"cwp-list-content-wrap-inner\"><a href=\"https:\/\/www.mental-synergy.at\/Mental-Synergy\/sportpsychologie\/\" target=\"_blank\" rel=\"noopener noreferrer\"><div class=\"cwp-image\"><img decoding=\"async\" src=\"https:\/\/www.mental-synergy.at\/Mental-Synergy\/wp-content\/uploads\/2020\/12\/Triathlon_Zeitfahrrad_Wille_pb-768x511.jpg\"\/><\/div><\/a><div class=\"cwp-link-list-content-main\"><span class=\"title\" style=\"color:#ffffff\"><a href=\"https:\/\/www.mental-synergy.at\/Mental-Synergy\/sportpsychologie\/\" target=\"_blank\" rel=\"noopener noreferrer\" style=\"color:#ffffff\">Sportpsychologie &amp; Mentaltraining<\/a><\/span><\/div><\/div><\/div><\/div><\/div><div class=\"cwp-inner-wrap\"><div class=\"cwp-content-wrap cwp-content-wrap-has-background\" style=\"background:#004899;border-radius:20px;padding:15px\"><div class=\"cwp-list-content-wrap\"><div class=\"cwp-list-content-wrap-inner\"><a href=\"https:\/\/www.mental-synergy.at\/Mental-Synergy\/arbeitspsychologie\/\" target=\"_blank\" rel=\"noopener noreferrer\"><div class=\"cwp-image\"><img decoding=\"async\" src=\"https:\/\/www.mental-synergy.at\/Mental-Synergy\/wp-content\/uploads\/2021\/04\/grafik.png\"\/><\/div><\/a><div class=\"cwp-link-list-content-main\"><span class=\"title\" style=\"color:#ffffff\"><a href=\"https:\/\/www.mental-synergy.at\/Mental-Synergy\/arbeitspsychologie\/\" target=\"_blank\" rel=\"noopener noreferrer\" style=\"color:#ffffff\">Arbeit &amp; Wirtschaft<\/a><\/span><\/div><\/div><\/div><\/div><\/div><\/div><\/div><\/div>\n\n\n\n<p><\/p>\n\n\n\n<p><\/p>\n\n\n\n<h2 class=\"wp-block-heading\">Offizielle Partner &amp; Netzwerke<\/h2>\n\n\n\n<div id=\"partner_01\" class=\"wp-block-cwp-brands cwp-common-main-wrap cwp-full-width-small-container\"><div class=\"cwp-common-main-wrap-inner\" style=\"padding-top:50px;padding-bottom:50px\" data-scroll-class=\"fadeIn\" data-scroll-delay=\"10\" data-scroll-threshold=\"40\"><div class=\"cwp-main-wrapper cwp-1-column cwp-all-grid-2\"><div class=\"cwp-inner-wrap\"><div class=\"cwp-content-wrap\"><div class=\"cwp-images-wrap\"><div class=\"cwp-image\" style=\"padding:50px\"><a href=\"http:\/\/www.sportpsychologie.at\/sport-portal\/oebs-expertinnen-pool\/?tx_oebstheme_pi1%5Bmember%5D=269&amp;tx_oebstheme_pi1%5Baction%5D=show&amp;cHash=98230e06cede1304a8c26b56cff9a8fe\" target=\"_blank\" rel=\"noopener noreferrer\"><img decoding=\"async\" src=\"https:\/\/www.mental-synergy.at\/Mental-Synergy\/wp-content\/uploads\/2018\/05\/\u00d6BS_Logo300dpi.jpg\"\/><\/a><\/div><div class=\"cwp-image\" style=\"padding:50px\"><a href=\"https:\/\/www.bvaeb.at\" target=\"_blank\" rel=\"noopener noreferrer\"><img decoding=\"async\" src=\"https:\/\/www.mental-synergy.at\/Mental-Synergy\/wp-content\/uploads\/2021\/05\/Logo-BVAEB-768x272.jpg\"\/><\/a><\/div><div class=\"cwp-image\" style=\"padding:50px\"><a href=\"https:\/\/www.bmwet.gv.at\/\" target=\"_blank\" rel=\"noopener noreferrer\"><img decoding=\"async\" src=\"https:\/\/www.mental-synergy.at\/Mental-Synergy\/wp-content\/uploads\/2025\/10\/BMWET_Logo_srgb-768x281.png\"\/><\/a><\/div><div class=\"cwp-image\" style=\"padding:50px\"><a href=\"https:\/\/www.workplacehealth.at\/\" target=\"_self\" rel=\"noopener noreferrer\"><img decoding=\"async\" src=\"https:\/\/www.mental-synergy.at\/Mental-Synergy\/wp-content\/uploads\/2021\/05\/WorkPlaceHealth-Logo-standard-768x768.png\"\/><\/a><\/div><div class=\"cwp-image\" style=\"padding:50px\"><a href=\"https:\/\/www.mentyword.at\" target=\"_blank\" rel=\"noopener noreferrer\"><img decoding=\"async\" src=\"https:\/\/www.mental-synergy.at\/Mental-Synergy\/wp-content\/uploads\/2026\/01\/Mentyworld_Logo.png\"\/><\/a><\/div><div class=\"cwp-image\" style=\"padding:50px\"><a href=\"https:\/\/www.psychnet.at\/marioschuster\" target=\"_self\" rel=\"noopener noreferrer\"><img decoding=\"async\" src=\"https:\/\/www.mental-synergy.at\/Mental-Synergy\/wp-content\/uploads\/2021\/05\/BOEP_Logo_4c_cmyk_300dpi_-768x1133.jpg\"\/><\/a><\/div><div class=\"cwp-image\" style=\"padding:50px\"><a href=\"https:\/\/www.sportaustria.at\/de\/start\" target=\"_self\" rel=\"noopener noreferrer\"><img decoding=\"async\" src=\"https:\/\/www.mental-synergy.at\/Mental-Synergy\/wp-content\/uploads\/2026\/01\/Logo_SportAustria.png\"\/><\/a><\/div><\/div><\/div><\/div><\/div><\/div><\/div>\n","protected":false},"excerpt":{"rendered":"<p>Wof\u00fcr steht Mental Synergy? Ich freue mich, dass du dich entschieden hast die Website von Mental Synergy zu besuchen. Hinter Mental Synergy steht die Vision der Entfaltung mentaler Kompetenzen in Sport, Arbeit und Wirtschaft und reicht von Einzelpersonen bis hin<\/p>\n","protected":false},"author":1,"featured_media":0,"parent":0,"menu_order":0,"comment_status":"closed","ping_status":"closed","template":"","meta":{"_exactmetrics_skip_tracking":false,"_exactmetrics_sitenote_active":false,"_exactmetrics_sitenote_note":"","_exactmetrics_sitenote_category":0,"footnotes":""},"class_list":["post-10","page","type-page","status-publish","hentry","","tg-column-two"],"yoast_head":"<!-- This site is optimized with the Yoast SEO plugin v27.1.1 - https:\/\/yoast.com\/product\/yoast-seo-wordpress\/ -->\n<title>Mental Synergy - Angewandte Psychologie in Sport, Arbeit und Wirtschaft<\/title>\n<meta name=\"description\" content=\"Mental Synergy bietet L\u00f6sungen zur Steigerung mentaler Kompetenzen von Einzelpersonen bis hin zu Teams, Abteilungen oder ganzen Organisationen. Mehr...\" \/>\n<meta name=\"robots\" content=\"index, follow, max-snippet:-1, max-image-preview:large, max-video-preview:-1\" \/>\n<link rel=\"canonical\" href=\"https:\/\/www.mental-synergy.at\/Mental-Synergy\/\" \/>\n<meta property=\"og:locale\" content=\"de_DE\" \/>\n<meta property=\"og:type\" content=\"article\" \/>\n<meta property=\"og:title\" content=\"Mental Synergy - Angewandte Psychologie in Sport, Arbeit und Wirtschaft\" \/>\n<meta property=\"og:description\" content=\"Mental Synergy bietet L\u00f6sungen zur Steigerung mentaler Kompetenzen von Einzelpersonen bis hin zu Teams, Abteilungen oder ganzen Organisationen. Mehr...\" \/>\n<meta property=\"og:url\" content=\"https:\/\/www.mental-synergy.at\/Mental-Synergy\/\" \/>\n<meta property=\"og:site_name\" content=\"Mental Synergy\" \/>\n<meta property=\"article:publisher\" content=\"https:\/\/www.facebook.com\/Mental-Synergy-1578283905805144\/\" \/>\n<meta property=\"article:modified_time\" content=\"2026-01-22T11:58:32+00:00\" \/>\n<meta property=\"og:image\" content=\"http:\/\/www.mental-synergy.at\/Mental-Synergy\/wp-content\/uploads\/2020\/12\/Triathlon_Zeitfahrrad_Wille_pb-768x511.jpg\" \/>\n<meta name=\"twitter:card\" content=\"summary_large_image\" \/>\n<meta name=\"twitter:site\" content=\"@SynergyMario\" \/>\n<meta name=\"twitter:label1\" content=\"Gesch\u00e4tzte Lesezeit\" \/>\n\t<meta name=\"twitter:data1\" content=\"4\u00a0Minuten\" \/>\n<script type=\"application\/ld+json\" class=\"yoast-schema-graph\">{\"@context\":\"https:\/\/schema.org\",\"@graph\":[{\"@type\":\"WebPage\",\"@id\":\"https:\/\/www.mental-synergy.at\/Mental-Synergy\/\",\"url\":\"https:\/\/www.mental-synergy.at\/Mental-Synergy\/\",\"name\":\"Mental Synergy - Angewandte Psychologie in Sport, Arbeit und Wirtschaft\",\"isPartOf\":{\"@id\":\"https:\/\/www.mental-synergy.at\/Mental-Synergy\/#website\"},\"primaryImageOfPage\":{\"@id\":\"https:\/\/www.mental-synergy.at\/Mental-Synergy\/#primaryimage\"},\"image\":{\"@id\":\"https:\/\/www.mental-synergy.at\/Mental-Synergy\/#primaryimage\"},\"thumbnailUrl\":\"http:\/\/www.mental-synergy.at\/Mental-Synergy\/wp-content\/uploads\/2020\/12\/Triathlon_Zeitfahrrad_Wille_pb-768x511.jpg\",\"datePublished\":\"2016-08-30T22:49:38+00:00\",\"dateModified\":\"2026-01-22T11:58:32+00:00\",\"description\":\"Mental Synergy bietet L\u00f6sungen zur Steigerung mentaler Kompetenzen von Einzelpersonen bis hin zu Teams, Abteilungen oder ganzen Organisationen. Mehr...\",\"breadcrumb\":{\"@id\":\"https:\/\/www.mental-synergy.at\/Mental-Synergy\/#breadcrumb\"},\"inLanguage\":\"de\",\"potentialAction\":[{\"@type\":\"ReadAction\",\"target\":[\"https:\/\/www.mental-synergy.at\/Mental-Synergy\/\"]}]},{\"@type\":\"ImageObject\",\"inLanguage\":\"de\",\"@id\":\"https:\/\/www.mental-synergy.at\/Mental-Synergy\/#primaryimage\",\"url\":\"http:\/\/www.mental-synergy.at\/Mental-Synergy\/wp-content\/uploads\/2020\/12\/Triathlon_Zeitfahrrad_Wille_pb-768x511.jpg\",\"contentUrl\":\"http:\/\/www.mental-synergy.at\/Mental-Synergy\/wp-content\/uploads\/2020\/12\/Triathlon_Zeitfahrrad_Wille_pb-768x511.jpg\"},{\"@type\":\"BreadcrumbList\",\"@id\":\"https:\/\/www.mental-synergy.at\/Mental-Synergy\/#breadcrumb\",\"itemListElement\":[{\"@type\":\"ListItem\",\"position\":1,\"name\":\"Startseite\",\"item\":\"https:\/\/www.mental-synergy.at\/Mental-Synergy\/\"},{\"@type\":\"ListItem\",\"position\":2,\"name\":\"Start\"}]},{\"@type\":\"WebSite\",\"@id\":\"https:\/\/www.mental-synergy.at\/Mental-Synergy\/#website\",\"url\":\"https:\/\/www.mental-synergy.at\/Mental-Synergy\/\",\"name\":\"Mental Synergy\",\"description\":\"Connecting Mental Worlds\",\"publisher\":{\"@id\":\"https:\/\/www.mental-synergy.at\/Mental-Synergy\/#organization\"},\"potentialAction\":[{\"@type\":\"SearchAction\",\"target\":{\"@type\":\"EntryPoint\",\"urlTemplate\":\"https:\/\/www.mental-synergy.at\/Mental-Synergy\/?s={search_term_string}\"},\"query-input\":{\"@type\":\"PropertyValueSpecification\",\"valueRequired\":true,\"valueName\":\"search_term_string\"}}],\"inLanguage\":\"de\"},{\"@type\":\"Organization\",\"@id\":\"https:\/\/www.mental-synergy.at\/Mental-Synergy\/#organization\",\"name\":\"Mental Synergy\",\"url\":\"https:\/\/www.mental-synergy.at\/Mental-Synergy\/\",\"logo\":{\"@type\":\"ImageObject\",\"inLanguage\":\"de\",\"@id\":\"https:\/\/www.mental-synergy.at\/Mental-Synergy\/#\/schema\/logo\/image\/\",\"url\":\"https:\/\/www.mental-synergy.at\/Mental-Synergy\/wp-content\/uploads\/2017\/03\/MentalSynergy_Logo_Hoch-e1563041177531.png\",\"contentUrl\":\"https:\/\/www.mental-synergy.at\/Mental-Synergy\/wp-content\/uploads\/2017\/03\/MentalSynergy_Logo_Hoch-e1563041177531.png\",\"width\":250,\"height\":343,\"caption\":\"Mental Synergy\"},\"image\":{\"@id\":\"https:\/\/www.mental-synergy.at\/Mental-Synergy\/#\/schema\/logo\/image\/\"},\"sameAs\":[\"https:\/\/www.facebook.com\/Mental-Synergy-1578283905805144\/\",\"https:\/\/x.com\/SynergyMario\",\"https:\/\/www.instagram.com\/mentalsynergy\/\",\"https:\/\/www.linkedin.com\/in\/mario-schuster-5226b5128\/\",\"https:\/\/www.youtube.com\/channel\/UCE0lAgKOJtv4vZ83Ov3HiIg\"]}]}<\/script>\n<!-- \/ Yoast SEO plugin. -->","yoast_head_json":{"title":"Mental Synergy - Angewandte Psychologie in Sport, Arbeit und Wirtschaft","description":"Mental Synergy bietet L\u00f6sungen zur Steigerung mentaler Kompetenzen von Einzelpersonen bis hin zu Teams, Abteilungen oder ganzen Organisationen. Mehr...","robots":{"index":"index","follow":"follow","max-snippet":"max-snippet:-1","max-image-preview":"max-image-preview:large","max-video-preview":"max-video-preview:-1"},"canonical":"https:\/\/www.mental-synergy.at\/Mental-Synergy\/","og_locale":"de_DE","og_type":"article","og_title":"Mental Synergy - Angewandte Psychologie in Sport, Arbeit und Wirtschaft","og_description":"Mental Synergy bietet L\u00f6sungen zur Steigerung mentaler Kompetenzen von Einzelpersonen bis hin zu Teams, Abteilungen oder ganzen Organisationen. Mehr...","og_url":"https:\/\/www.mental-synergy.at\/Mental-Synergy\/","og_site_name":"Mental Synergy","article_publisher":"https:\/\/www.facebook.com\/Mental-Synergy-1578283905805144\/","article_modified_time":"2026-01-22T11:58:32+00:00","og_image":[{"url":"http:\/\/www.mental-synergy.at\/Mental-Synergy\/wp-content\/uploads\/2020\/12\/Triathlon_Zeitfahrrad_Wille_pb-768x511.jpg","type":"","width":"","height":""}],"twitter_card":"summary_large_image","twitter_site":"@SynergyMario","twitter_misc":{"Gesch\u00e4tzte Lesezeit":"4\u00a0Minuten"},"schema":{"@context":"https:\/\/schema.org","@graph":[{"@type":"WebPage","@id":"https:\/\/www.mental-synergy.at\/Mental-Synergy\/","url":"https:\/\/www.mental-synergy.at\/Mental-Synergy\/","name":"Mental Synergy - Angewandte Psychologie in Sport, Arbeit und Wirtschaft","isPartOf":{"@id":"https:\/\/www.mental-synergy.at\/Mental-Synergy\/#website"},"primaryImageOfPage":{"@id":"https:\/\/www.mental-synergy.at\/Mental-Synergy\/#primaryimage"},"image":{"@id":"https:\/\/www.mental-synergy.at\/Mental-Synergy\/#primaryimage"},"thumbnailUrl":"http:\/\/www.mental-synergy.at\/Mental-Synergy\/wp-content\/uploads\/2020\/12\/Triathlon_Zeitfahrrad_Wille_pb-768x511.jpg","datePublished":"2016-08-30T22:49:38+00:00","dateModified":"2026-01-22T11:58:32+00:00","description":"Mental Synergy bietet L\u00f6sungen zur Steigerung mentaler Kompetenzen von Einzelpersonen bis hin zu Teams, Abteilungen oder ganzen Organisationen. Mehr...","breadcrumb":{"@id":"https:\/\/www.mental-synergy.at\/Mental-Synergy\/#breadcrumb"},"inLanguage":"de","potentialAction":[{"@type":"ReadAction","target":["https:\/\/www.mental-synergy.at\/Mental-Synergy\/"]}]},{"@type":"ImageObject","inLanguage":"de","@id":"https:\/\/www.mental-synergy.at\/Mental-Synergy\/#primaryimage","url":"http:\/\/www.mental-synergy.at\/Mental-Synergy\/wp-content\/uploads\/2020\/12\/Triathlon_Zeitfahrrad_Wille_pb-768x511.jpg","contentUrl":"http:\/\/www.mental-synergy.at\/Mental-Synergy\/wp-content\/uploads\/2020\/12\/Triathlon_Zeitfahrrad_Wille_pb-768x511.jpg"},{"@type":"BreadcrumbList","@id":"https:\/\/www.mental-synergy.at\/Mental-Synergy\/#breadcrumb","itemListElement":[{"@type":"ListItem","position":1,"name":"Startseite","item":"https:\/\/www.mental-synergy.at\/Mental-Synergy\/"},{"@type":"ListItem","position":2,"name":"Start"}]},{"@type":"WebSite","@id":"https:\/\/www.mental-synergy.at\/Mental-Synergy\/#website","url":"https:\/\/www.mental-synergy.at\/Mental-Synergy\/","name":"Mental Synergy","description":"Connecting Mental Worlds","publisher":{"@id":"https:\/\/www.mental-synergy.at\/Mental-Synergy\/#organization"},"potentialAction":[{"@type":"SearchAction","target":{"@type":"EntryPoint","urlTemplate":"https:\/\/www.mental-synergy.at\/Mental-Synergy\/?s={search_term_string}"},"query-input":{"@type":"PropertyValueSpecification","valueRequired":true,"valueName":"search_term_string"}}],"inLanguage":"de"},{"@type":"Organization","@id":"https:\/\/www.mental-synergy.at\/Mental-Synergy\/#organization","name":"Mental Synergy","url":"https:\/\/www.mental-synergy.at\/Mental-Synergy\/","logo":{"@type":"ImageObject","inLanguage":"de","@id":"https:\/\/www.mental-synergy.at\/Mental-Synergy\/#\/schema\/logo\/image\/","url":"https:\/\/www.mental-synergy.at\/Mental-Synergy\/wp-content\/uploads\/2017\/03\/MentalSynergy_Logo_Hoch-e1563041177531.png","contentUrl":"https:\/\/www.mental-synergy.at\/Mental-Synergy\/wp-content\/uploads\/2017\/03\/MentalSynergy_Logo_Hoch-e1563041177531.png","width":250,"height":343,"caption":"Mental Synergy"},"image":{"@id":"https:\/\/www.mental-synergy.at\/Mental-Synergy\/#\/schema\/logo\/image\/"},"sameAs":["https:\/\/www.facebook.com\/Mental-Synergy-1578283905805144\/","https:\/\/x.com\/SynergyMario","https:\/\/www.instagram.com\/mentalsynergy\/","https:\/\/www.linkedin.com\/in\/mario-schuster-5226b5128\/","https:\/\/www.youtube.com\/channel\/UCE0lAgKOJtv4vZ83Ov3HiIg"]}]}},"rttpg_featured_image_url":null,"rttpg_author":{"display_name":"Mario Schuster","author_link":"https:\/\/www.mental-synergy.at\/Mental-Synergy\/author\/mental-synergy\/"},"rttpg_comment":0,"rttpg_category":null,"rttpg_excerpt":"Wof\u00fcr steht Mental Synergy? Ich freue mich, dass du dich entschieden hast die Website von Mental Synergy zu besuchen. Hinter Mental Synergy steht die Vision der Entfaltung mentaler Kompetenzen in Sport, Arbeit und Wirtschaft und reicht von Einzelpersonen bis hin","_links":{"self":[{"href":"https:\/\/www.mental-synergy.at\/Mental-Synergy\/wp-json\/wp\/v2\/pages\/10","targetHints":{"allow":["GET"]}}],"collection":[{"href":"https:\/\/www.mental-synergy.at\/Mental-Synergy\/wp-json\/wp\/v2\/pages"}],"about":[{"href":"https:\/\/www.mental-synergy.at\/Mental-Synergy\/wp-json\/wp\/v2\/types\/page"}],"author":[{"embeddable":true,"href":"https:\/\/www.mental-synergy.at\/Mental-Synergy\/wp-json\/wp\/v2\/users\/1"}],"replies":[{"embeddable":true,"href":"https:\/\/www.mental-synergy.at\/Mental-Synergy\/wp-json\/wp\/v2\/comments?post=10"}],"version-history":[{"count":0,"href":"https:\/\/www.mental-synergy.at\/Mental-Synergy\/wp-json\/wp\/v2\/pages\/10\/revisions"}],"wp:attachment":[{"href":"https:\/\/www.mental-synergy.at\/Mental-Synergy\/wp-json\/wp\/v2\/media?parent=10"}],"curies":[{"name":"wp","href":"https:\/\/api.w.org\/{rel}","templated":true}]}}